{"id":1774,"date":"2024-09-12T15:37:09","date_gmt":"2024-09-12T15:37:09","guid":{"rendered":"https:\/\/museumfabriekwinterswijk.nl\/ausstellungen\/max-van-dam\/"},"modified":"2025-02-05T14:45:32","modified_gmt":"2025-02-05T14:45:32","slug":"max-van-dam","status":"publish","type":"page","link":"https:\/\/museumfabriekwinterswijk.nl\/de\/ausstellungen\/max-van-dam\/","title":{"rendered":"Max van Dam"},"content":{"rendered":"\n<div class=\"wp-block-columns is-layout-flex wp-container-core-columns-is-layout-9d6595d7 wp-block-columns-is-layout-flex\">\n<div class=\"wp-block-column is-layout-flow wp-block-column-is-layout-flow\">\n<blockquote class=\"wp-block-quote is-layout-flow wp-block-quote-is-layout-flow\">\n<p>Max van Dam: Ein talentierter K\u00fcnstler wird stillgelegt<\/p>\n<\/blockquote>\n\n\n\n<p>Max van Dam war ein vielversprechender K\u00fcnstler, der leider viel zu fr\u00fch aus dem Leben gerissen wurde. Geboren und aufgewachsen in Winterswijk in einer sozialistischen Familie, wuchs er in einer Zeit des gro\u00dfen Wandels auf. Seine k\u00fcnstlerische Begabung war unbestreitbar und er beschloss, diese weiter zu verfolgen.<\/p>\n\n\n\n<p>Nach seinem Studium in Amsterdam und sp\u00e4ter an der renommierten Akademie der Sch\u00f6nen K\u00fcnste in Antwerpen gewann er sogar die Silbermedaille des Prix de Rome. Eine gro\u00dfe Ehre f\u00fcr eine junge K\u00fcnstler! <\/p>\n\n\n\n<p>Sein Werk wird dem romantischen Expressionismus zugerechnet. Seinen Bildern gelingt es, Emotionen und Geschichten auf intensive Weise zu vermitteln.<\/p>\n\n\n\n<p>Leider wurde Max van Dam 1943 von den Nazis in das Vernichtungslager Sobib\u00f3r deportiert. Er wurde dort im September 1944 get\u00f6tet. Mit seinem Tod hat die Kunstwelt ein gro\u00dfes Talent verloren.<\/p>\n\n\n\n<p>M\u00f6chten Sie mehr \u00fcber das Leben und die Arbeit von Max van Dam erfahren?<br>Dann besuchen Sie die Ausstellung von Max van Dam in die &#8222;<em>MuseumFabriek<\/em>&#8222;!<\/p>\n<\/div>\n\n\n\n<div class=\"wp-block-column is-layout-flow wp-block-column-is-layout-flow\">\n<figure class=\"wp-block-gallery has-nested-images columns-default is-cropped wp-block-gallery-1 is-layout-flex wp-block-gallery-is-layout-flex\">\n<figure class=\"wp-block-image size-medium\"><a href=\"https:\/\/museumfabriekwinterswijk.nl\/wp-content\/uploads\/2024\/11\/maxvandam.png\" data-rel=\"lightbox-gallery-eS0Suny2\" data-rl_title=\"\" data-rl_caption=\"\" title=\"\"><img loading=\"lazy\" decoding=\"async\" width=\"265\" height=\"300\" data-id=\"395\" src=\"https:\/\/museumfabriekwinterswijk.nl\/wp-content\/uploads\/2024\/11\/maxvandam-265x300.png\" alt=\"\" class=\"wp-image-395\" srcset=\"https:\/\/museumfabriekwinterswijk.nl\/wp-content\/uploads\/2024\/11\/maxvandam-265x300.png 265w, https:\/\/museumfabriekwinterswijk.nl\/wp-content\/uploads\/2024\/11\/maxvandam-300x340.png 300w, https:\/\/museumfabriekwinterswijk.nl\/wp-content\/uploads\/2024\/11\/maxvandam-64x72.png 64w, https:\/\/museumfabriekwinterswijk.nl\/wp-content\/uploads\/2024\/11\/maxvandam.png 500w\" sizes=\"auto, (max-width: 265px) 100vw, 265px\" \/><\/a><\/figure>\n\n\n\n<figure class=\"wp-block-image size-medium\"><a href=\"https:\/\/museumfabriekwinterswijk.nl\/wp-content\/uploads\/2024\/11\/max.png\" data-rel=\"lightbox-gallery-eS0Suny2\" data-rl_title=\"\" data-rl_caption=\"\" title=\"\"><img loading=\"lazy\" decoding=\"async\" width=\"244\" height=\"300\" data-id=\"520\" src=\"https:\/\/museumfabriekwinterswijk.nl\/wp-content\/uploads\/2024\/11\/max-244x300.png\" alt=\"\" class=\"wp-image-520\" srcset=\"https:\/\/museumfabriekwinterswijk.nl\/wp-content\/uploads\/2024\/11\/max-244x300.png 244w, https:\/\/museumfabriekwinterswijk.nl\/wp-content\/uploads\/2024\/11\/max-300x368.png 300w, https:\/\/museumfabriekwinterswijk.nl\/wp-content\/uploads\/2024\/11\/max-64x79.png 64w, https:\/\/museumfabriekwinterswijk.nl\/wp-content\/uploads\/2024\/11\/max.png 531w\" sizes=\"auto, (max-width: 244px) 100vw, 244px\" \/><\/a><\/figure>\n<\/figure>\n\n\n\n<div class=\"wp-block-group has-white-color has-color-1-background-color has-text-color has-background has-link-color wp-elements-bc3eddba0202c3e21e1e97916396fe28\"><div class=\"wp-block-group__inner-container is-layout-constrained wp-block-group-is-layout-constrained\">\n<p>Wussten Sie, dass&#8230; Max van Dam auch in Sobib\u00f3r weiter malte? Trotz der schrecklichen Bedingungen machte er weiter Kunst.<\/p>\n<\/div><\/div>\n<\/div>\n<\/div>\n\n\n\n<p><\/p>\n","protected":false},"excerpt":{"rendered":"<p>Max van Dam: Ein talentierter K\u00fcnstler wird stillgelegt Max van Dam war ein vielversprechender K\u00fcnstler, der leider viel zu fr\u00fch aus dem Leben gerissen wurde. Geboren und aufgewachsen in Winterswijk in einer sozialistischen Familie, wuchs er in einer Zeit des gro\u00dfen Wandels auf. Seine k\u00fcnstlerische Begabung war unbestreitbar und er beschloss, diese weiter zu verfolgen. [&hellip;]<\/p>\n","protected":false},"author":1,"featured_media":0,"parent":1766,"menu_order":0,"comment_status":"closed","ping_status":"closed","template":"","meta":{"_acf_changed":false,"footnotes":""},"class_list":["post-1774","page","type-page","status-publish","hentry"],"acf":[],"yoast_head":"<!-- This site is optimized with the Yoast SEO plugin v27.4 - https:\/\/yoast.com\/product\/yoast-seo-wordpress\/ -->\n<title>Max van Dam - MuseumFabriek Winterswijk<\/title>\n<meta name=\"description\" content=\"Max van Dam war ein vielversprechender K\u00fcnstler aus Winterswijk, der leider viel zu fr\u00fch aus dem Leben gerissen wurde.\" \/>\n<meta name=\"robots\" content=\"index, follow, max-snippet:-1, max-image-preview:large, max-video-preview:-1\" \/>\n<link rel=\"canonical\" href=\"https:\/\/museumfabriekwinterswijk.nl\/de\/ausstellungen\/max-van-dam\/\" \/>\n<meta property=\"og:locale\" content=\"de_DE\" \/>\n<meta property=\"og:type\" content=\"article\" \/>\n<meta property=\"og:title\" content=\"Max van Dam - MuseumFabriek Winterswijk\" \/>\n<meta property=\"og:description\" content=\"Max van Dam war ein vielversprechender K\u00fcnstler aus Winterswijk, der leider viel zu fr\u00fch aus dem Leben gerissen wurde.\" \/>\n<meta property=\"og:url\" content=\"https:\/\/museumfabriekwinterswijk.nl\/de\/ausstellungen\/max-van-dam\/\" \/>\n<meta property=\"og:site_name\" content=\"MuseumFabriek Winterswijk\" \/>\n<meta property=\"article:modified_time\" content=\"2025-02-05T14:45:32+00:00\" \/>\n<meta property=\"og:image\" content=\"https:\/\/museumfabriekwinterswijk.nl\/wp-content\/uploads\/2024\/11\/maxvandam.png\" \/>\n\t<meta property=\"og:image:width\" content=\"500\" \/>\n\t<meta property=\"og:image:height\" content=\"566\" \/>\n\t<meta property=\"og:image:type\" content=\"image\/png\" \/>\n<meta name=\"twitter:card\" content=\"summary_large_image\" \/>\n<meta name=\"twitter:label1\" content=\"Gesch\u00e4tzte Lesezeit\" \/>\n\t<meta name=\"twitter:data1\" content=\"2\u00a0Minute\" \/>\n<script type=\"application\/ld+json\" class=\"yoast-schema-graph\">{\"@context\":\"https:\\\/\\\/schema.org\",\"@graph\":[{\"@type\":\"WebPage\",\"@id\":\"https:\\\/\\\/museumfabriekwinterswijk.nl\\\/de\\\/ausstellungen\\\/max-van-dam\\\/\",\"url\":\"https:\\\/\\\/museumfabriekwinterswijk.nl\\\/de\\\/ausstellungen\\\/max-van-dam\\\/\",\"name\":\"Max van Dam - MuseumFabriek Winterswijk\",\"isPartOf\":{\"@id\":\"https:\\\/\\\/museumfabriekwinterswijk.nl\\\/de\\\/#website\"},\"primaryImageOfPage\":{\"@id\":\"https:\\\/\\\/museumfabriekwinterswijk.nl\\\/de\\\/ausstellungen\\\/max-van-dam\\\/#primaryimage\"},\"image\":{\"@id\":\"https:\\\/\\\/museumfabriekwinterswijk.nl\\\/de\\\/ausstellungen\\\/max-van-dam\\\/#primaryimage\"},\"thumbnailUrl\":\"https:\\\/\\\/museumfabriekwinterswijk.nl\\\/wp-content\\\/uploads\\\/2024\\\/11\\\/maxvandam-265x300.png\",\"datePublished\":\"2024-09-12T15:37:09+00:00\",\"dateModified\":\"2025-02-05T14:45:32+00:00\",\"description\":\"Max van Dam war ein vielversprechender K\u00fcnstler aus Winterswijk, der leider viel zu fr\u00fch aus dem Leben gerissen wurde.\",\"breadcrumb\":{\"@id\":\"https:\\\/\\\/museumfabriekwinterswijk.nl\\\/de\\\/ausstellungen\\\/max-van-dam\\\/#breadcrumb\"},\"inLanguage\":\"de\",\"potentialAction\":[{\"@type\":\"ReadAction\",\"target\":[\"https:\\\/\\\/museumfabriekwinterswijk.nl\\\/de\\\/ausstellungen\\\/max-van-dam\\\/\"]}]},{\"@type\":\"ImageObject\",\"inLanguage\":\"de\",\"@id\":\"https:\\\/\\\/museumfabriekwinterswijk.nl\\\/de\\\/ausstellungen\\\/max-van-dam\\\/#primaryimage\",\"url\":\"https:\\\/\\\/museumfabriekwinterswijk.nl\\\/wp-content\\\/uploads\\\/2024\\\/11\\\/maxvandam-265x300.png\",\"contentUrl\":\"https:\\\/\\\/museumfabriekwinterswijk.nl\\\/wp-content\\\/uploads\\\/2024\\\/11\\\/maxvandam-265x300.png\"},{\"@type\":\"BreadcrumbList\",\"@id\":\"https:\\\/\\\/museumfabriekwinterswijk.nl\\\/de\\\/ausstellungen\\\/max-van-dam\\\/#breadcrumb\",\"itemListElement\":[{\"@type\":\"ListItem\",\"position\":1,\"name\":\"Home\",\"item\":\"https:\\\/\\\/museumfabriekwinterswijk.nl\\\/de\\\/\"},{\"@type\":\"ListItem\",\"position\":2,\"name\":\"Ausstellungen\",\"item\":\"https:\\\/\\\/museumfabriekwinterswijk.nl\\\/de\\\/ausstellungen\\\/\"},{\"@type\":\"ListItem\",\"position\":3,\"name\":\"Max van Dam\"}]},{\"@type\":\"WebSite\",\"@id\":\"https:\\\/\\\/museumfabriekwinterswijk.nl\\\/de\\\/#website\",\"url\":\"https:\\\/\\\/museumfabriekwinterswijk.nl\\\/de\\\/\",\"name\":\"MuseumFabriek Winterswijk\",\"description\":\"de schatkamer van Winterswijk\",\"publisher\":{\"@id\":\"https:\\\/\\\/museumfabriekwinterswijk.nl\\\/de\\\/#organization\"},\"potentialAction\":[{\"@type\":\"SearchAction\",\"target\":{\"@type\":\"EntryPoint\",\"urlTemplate\":\"https:\\\/\\\/museumfabriekwinterswijk.nl\\\/de\\\/?s={search_term_string}\"},\"query-input\":{\"@type\":\"PropertyValueSpecification\",\"valueRequired\":true,\"valueName\":\"search_term_string\"}}],\"inLanguage\":\"de\"},{\"@type\":\"Organization\",\"@id\":\"https:\\\/\\\/museumfabriekwinterswijk.nl\\\/de\\\/#organization\",\"name\":\"MuseumFabriek Winterswijk\",\"url\":\"https:\\\/\\\/museumfabriekwinterswijk.nl\\\/de\\\/\",\"logo\":{\"@type\":\"ImageObject\",\"inLanguage\":\"de\",\"@id\":\"https:\\\/\\\/museumfabriekwinterswijk.nl\\\/de\\\/#\\\/schema\\\/logo\\\/image\\\/\",\"url\":\"https:\\\/\\\/museumfabriekwinterswijk.nl\\\/wp-content\\\/uploads\\\/2024\\\/07\\\/cropped-logo-Museum-Fabriek.jpg\",\"contentUrl\":\"https:\\\/\\\/museumfabriekwinterswijk.nl\\\/wp-content\\\/uploads\\\/2024\\\/07\\\/cropped-logo-Museum-Fabriek.jpg\",\"width\":1059,\"height\":1059,\"caption\":\"MuseumFabriek Winterswijk\"},\"image\":{\"@id\":\"https:\\\/\\\/museumfabriekwinterswijk.nl\\\/de\\\/#\\\/schema\\\/logo\\\/image\\\/\"}}]}<\/script>\n<!-- \/ Yoast SEO plugin. -->","yoast_head_json":{"title":"Max van Dam - MuseumFabriek Winterswijk","description":"Max van Dam war ein vielversprechender K\u00fcnstler aus Winterswijk, der leider viel zu fr\u00fch aus dem Leben gerissen wurde.","robots":{"index":"index","follow":"follow","max-snippet":"max-snippet:-1","max-image-preview":"max-image-preview:large","max-video-preview":"max-video-preview:-1"},"canonical":"https:\/\/museumfabriekwinterswijk.nl\/de\/ausstellungen\/max-van-dam\/","og_locale":"de_DE","og_type":"article","og_title":"Max van Dam - MuseumFabriek Winterswijk","og_description":"Max van Dam war ein vielversprechender K\u00fcnstler aus Winterswijk, der leider viel zu fr\u00fch aus dem Leben gerissen wurde.","og_url":"https:\/\/museumfabriekwinterswijk.nl\/de\/ausstellungen\/max-van-dam\/","og_site_name":"MuseumFabriek Winterswijk","article_modified_time":"2025-02-05T14:45:32+00:00","og_image":[{"width":500,"height":566,"url":"https:\/\/museumfabriekwinterswijk.nl\/wp-content\/uploads\/2024\/11\/maxvandam.png","type":"image\/png"}],"twitter_card":"summary_large_image","twitter_misc":{"Gesch\u00e4tzte Lesezeit":"2\u00a0Minute"},"schema":{"@context":"https:\/\/schema.org","@graph":[{"@type":"WebPage","@id":"https:\/\/museumfabriekwinterswijk.nl\/de\/ausstellungen\/max-van-dam\/","url":"https:\/\/museumfabriekwinterswijk.nl\/de\/ausstellungen\/max-van-dam\/","name":"Max van Dam - MuseumFabriek Winterswijk","isPartOf":{"@id":"https:\/\/museumfabriekwinterswijk.nl\/de\/#website"},"primaryImageOfPage":{"@id":"https:\/\/museumfabriekwinterswijk.nl\/de\/ausstellungen\/max-van-dam\/#primaryimage"},"image":{"@id":"https:\/\/museumfabriekwinterswijk.nl\/de\/ausstellungen\/max-van-dam\/#primaryimage"},"thumbnailUrl":"https:\/\/museumfabriekwinterswijk.nl\/wp-content\/uploads\/2024\/11\/maxvandam-265x300.png","datePublished":"2024-09-12T15:37:09+00:00","dateModified":"2025-02-05T14:45:32+00:00","description":"Max van Dam war ein vielversprechender K\u00fcnstler aus Winterswijk, der leider viel zu fr\u00fch aus dem Leben gerissen wurde.","breadcrumb":{"@id":"https:\/\/museumfabriekwinterswijk.nl\/de\/ausstellungen\/max-van-dam\/#breadcrumb"},"inLanguage":"de","potentialAction":[{"@type":"ReadAction","target":["https:\/\/museumfabriekwinterswijk.nl\/de\/ausstellungen\/max-van-dam\/"]}]},{"@type":"ImageObject","inLanguage":"de","@id":"https:\/\/museumfabriekwinterswijk.nl\/de\/ausstellungen\/max-van-dam\/#primaryimage","url":"https:\/\/museumfabriekwinterswijk.nl\/wp-content\/uploads\/2024\/11\/maxvandam-265x300.png","contentUrl":"https:\/\/museumfabriekwinterswijk.nl\/wp-content\/uploads\/2024\/11\/maxvandam-265x300.png"},{"@type":"BreadcrumbList","@id":"https:\/\/museumfabriekwinterswijk.nl\/de\/ausstellungen\/max-van-dam\/#breadcrumb","itemListElement":[{"@type":"ListItem","position":1,"name":"Home","item":"https:\/\/museumfabriekwinterswijk.nl\/de\/"},{"@type":"ListItem","position":2,"name":"Ausstellungen","item":"https:\/\/museumfabriekwinterswijk.nl\/de\/ausstellungen\/"},{"@type":"ListItem","position":3,"name":"Max van Dam"}]},{"@type":"WebSite","@id":"https:\/\/museumfabriekwinterswijk.nl\/de\/#website","url":"https:\/\/museumfabriekwinterswijk.nl\/de\/","name":"MuseumFabriek Winterswijk","description":"de schatkamer van Winterswijk","publisher":{"@id":"https:\/\/museumfabriekwinterswijk.nl\/de\/#organization"},"potentialAction":[{"@type":"SearchAction","target":{"@type":"EntryPoint","urlTemplate":"https:\/\/museumfabriekwinterswijk.nl\/de\/?s={search_term_string}"},"query-input":{"@type":"PropertyValueSpecification","valueRequired":true,"valueName":"search_term_string"}}],"inLanguage":"de"},{"@type":"Organization","@id":"https:\/\/museumfabriekwinterswijk.nl\/de\/#organization","name":"MuseumFabriek Winterswijk","url":"https:\/\/museumfabriekwinterswijk.nl\/de\/","logo":{"@type":"ImageObject","inLanguage":"de","@id":"https:\/\/museumfabriekwinterswijk.nl\/de\/#\/schema\/logo\/image\/","url":"https:\/\/museumfabriekwinterswijk.nl\/wp-content\/uploads\/2024\/07\/cropped-logo-Museum-Fabriek.jpg","contentUrl":"https:\/\/museumfabriekwinterswijk.nl\/wp-content\/uploads\/2024\/07\/cropped-logo-Museum-Fabriek.jpg","width":1059,"height":1059,"caption":"MuseumFabriek Winterswijk"},"image":{"@id":"https:\/\/museumfabriekwinterswijk.nl\/de\/#\/schema\/logo\/image\/"}}]}},"_links":{"self":[{"href":"https:\/\/museumfabriekwinterswijk.nl\/de\/wp-json\/wp\/v2\/pages\/1774","targetHints":{"allow":["GET"]}}],"collection":[{"href":"https:\/\/museumfabriekwinterswijk.nl\/de\/wp-json\/wp\/v2\/pages"}],"about":[{"href":"https:\/\/museumfabriekwinterswijk.nl\/de\/wp-json\/wp\/v2\/types\/page"}],"author":[{"embeddable":true,"href":"https:\/\/museumfabriekwinterswijk.nl\/de\/wp-json\/wp\/v2\/users\/1"}],"replies":[{"embeddable":true,"href":"https:\/\/museumfabriekwinterswijk.nl\/de\/wp-json\/wp\/v2\/comments?post=1774"}],"version-history":[{"count":2,"href":"https:\/\/museumfabriekwinterswijk.nl\/de\/wp-json\/wp\/v2\/pages\/1774\/revisions"}],"predecessor-version":[{"id":1962,"href":"https:\/\/museumfabriekwinterswijk.nl\/de\/wp-json\/wp\/v2\/pages\/1774\/revisions\/1962"}],"up":[{"embeddable":true,"href":"https:\/\/museumfabriekwinterswijk.nl\/de\/wp-json\/wp\/v2\/pages\/1766"}],"wp:attachment":[{"href":"https:\/\/museumfabriekwinterswijk.nl\/de\/wp-json\/wp\/v2\/media?parent=1774"}],"curies":[{"name":"wp","href":"https:\/\/api.w.org\/{rel}","templated":true}]}}