{"id":1807,"date":"2024-12-08T10:34:08","date_gmt":"2024-12-08T10:34:08","guid":{"rendered":"https:\/\/museumfabriekwinterswijk.nl\/ausstellungen\/vom-kamp-vosseveld-auf-dem-weg-an-die-spitze-der-niederlaendischen-popmusik\/"},"modified":"2025-02-05T15:13:29","modified_gmt":"2025-02-05T15:13:29","slug":"vom-kamp-vosseveld-auf-dem-weg-an-die-spitze-der-niederlaendischen-popmusik","status":"publish","type":"page","link":"https:\/\/museumfabriekwinterswijk.nl\/de\/ausstellungen\/vom-kamp-vosseveld-auf-dem-weg-an-die-spitze-der-niederlaendischen-popmusik\/","title":{"rendered":"Vom Kamp Vosseveld auf dem Weg an die Spitze der niederl\u00e4ndischen Popmusik"},"content":{"rendered":"\n<div class=\"wp-block-columns is-layout-flex wp-container-core-columns-is-layout-9d6595d7 wp-block-columns-is-layout-flex\">\n<div class=\"wp-block-column is-layout-flow wp-block-column-is-layout-flow\">\n<p>In den 1950er Jahren zogen die ersten molukkischen Familien nach Kamp Vosseveld in Winterswijk. Mitten im Kamp Vosseveld entstand bald eine bl\u00fchende Musikszene. <\/p>\n\n\n\n<p><strong>Musik der Molukken.<\/strong><br>Legend\u00e4re Bands wie <a href=\"https:\/\/youtu.be\/GMLwZXNX19E\" target=\"_blank\" rel=\"noreferrer noopener\">The White Waves<\/a> in den 1960er Jahren und Navajo in den 1970er und 1980er Jahren machten Winterswijk zu einem musikalischen Hotspot. Sie sorgten f\u00fcr volle Hallen und erlangten sogar nationalen Ruhm. <\/p>\n\n\n\n<p><strong>Geschichten von Leidenschaft und Verlust<\/strong><br>Unsere Ausstellung zeigt auch besondere Musiker. Denken Sie an den viel zu fr\u00fch verstorbenen Luci\u00ebn Oppier und Nico &#8218;Mr. Brown&#8216; Loupatty, dessen Musik immer noch inspiriert. Und nat\u00fcrlich d\u00fcrfen wir auch <a href=\"https:\/\/youtu.be\/XFhI0kSxPn8?feature=shared\" target=\"_blank\" rel=\"noreferrer noopener nofollow\">Nippy Noya<\/a> und Dani\u00ebl Sahuleka nicht vergessen, zwei weltber\u00fchmte Musiker mit roots in Winterswijk.<\/p>\n\n\n\n<p class=\"has-color-5-background-color has-background\"><strong>Erleben Sie die Musik.<\/strong><br>\u00dcber interaktive Touchscreens k\u00f6nnen Sie sich die Lieder anh\u00f6ren, die diese Bands und Musiker ber\u00fchmt gemacht haben. Entdecken Sie die Geschichten hinter der Musik und erleben Sie, wie die Musik zu einem untrennbaren Teil der molukkischen Identit\u00e4t in Winterswijk wurde. <\/p>\n<\/div>\n\n\n\n<div class=\"wp-block-column is-layout-flow wp-block-column-is-layout-flow\" style=\"flex-basis:450px\">\n<figure class=\"wp-block-gallery has-nested-images columns-default is-cropped wp-block-gallery-1 is-layout-flex wp-block-gallery-is-layout-flex\">\n<figure class=\"wp-block-image size-full\"><a href=\"https:\/\/museumfabriekwinterswijk.nl\/wp-content\/uploads\/2024\/12\/molukse-muziek.jpg\" data-rel=\"lightbox-gallery-aP82RSst\" data-rl_title=\"\" data-rl_caption=\"\" title=\"\"><img loading=\"lazy\" decoding=\"async\" width=\"1600\" height=\"1062\" data-id=\"1320\" src=\"https:\/\/museumfabriekwinterswijk.nl\/wp-content\/uploads\/2024\/12\/molukse-muziek.jpg\" alt=\"Musik der Molukken Winterswijk\" class=\"wp-image-1320\" srcset=\"https:\/\/museumfabriekwinterswijk.nl\/wp-content\/uploads\/2024\/12\/molukse-muziek.jpg 1600w, https:\/\/museumfabriekwinterswijk.nl\/wp-content\/uploads\/2024\/12\/molukse-muziek-300x199.jpg 300w, https:\/\/museumfabriekwinterswijk.nl\/wp-content\/uploads\/2024\/12\/molukse-muziek-600x398.jpg 600w, https:\/\/museumfabriekwinterswijk.nl\/wp-content\/uploads\/2024\/12\/molukse-muziek-64x42.jpg 64w, https:\/\/museumfabriekwinterswijk.nl\/wp-content\/uploads\/2024\/12\/molukse-muziek-1024x680.jpg 1024w, https:\/\/museumfabriekwinterswijk.nl\/wp-content\/uploads\/2024\/12\/molukse-muziek-768x510.jpg 768w, https:\/\/museumfabriekwinterswijk.nl\/wp-content\/uploads\/2024\/12\/molukse-muziek-1536x1020.jpg 1536w\" sizes=\"auto, (max-width: 1600px) 100vw, 1600px\" \/><\/a><\/figure>\n\n\n\n<figure class=\"wp-block-image size-full wp-duotone-magenta-yellow\"><a href=\"https:\/\/museumfabriekwinterswijk.nl\/wp-content\/uploads\/2024\/12\/molukse-band-White-WaVES.jpg\" data-rel=\"lightbox-gallery-aP82RSst\" data-rl_title=\"\" data-rl_caption=\"\" title=\"\"><img loading=\"lazy\" decoding=\"async\" width=\"600\" height=\"720\" data-id=\"1322\" src=\"https:\/\/museumfabriekwinterswijk.nl\/wp-content\/uploads\/2024\/12\/molukse-band-White-WaVES.jpg\" alt=\"Molukkenband\" class=\"wp-image-1322\" srcset=\"https:\/\/museumfabriekwinterswijk.nl\/wp-content\/uploads\/2024\/12\/molukse-band-White-WaVES.jpg 600w, https:\/\/museumfabriekwinterswijk.nl\/wp-content\/uploads\/2024\/12\/molukse-band-White-WaVES-300x360.jpg 300w, https:\/\/museumfabriekwinterswijk.nl\/wp-content\/uploads\/2024\/12\/molukse-band-White-WaVES-64x77.jpg 64w, https:\/\/museumfabriekwinterswijk.nl\/wp-content\/uploads\/2024\/12\/molukse-band-White-WaVES-250x300.jpg 250w\" sizes=\"auto, (max-width: 600px) 100vw, 600px\" \/><\/a><\/figure>\n<\/figure>\n\n\n\n<div class=\"wp-block-group has-white-color has-color-1-background-color has-text-color has-background has-link-color wp-elements-fb4d5b57636a1135445f8d2cb44dde66\"><div class=\"wp-block-group__inner-container is-layout-constrained wp-block-group-is-layout-constrained\">\n<p>Wussten Sie, dass&#8230; die Ankunft der Molukken in den Niederlanden zu einer Wiederbelebung der in den 1930er Jahren so beliebten Hawaii-Musik f\u00fchrte?<\/p>\n<\/div><\/div>\n<\/div>\n<\/div>\n\n\n\n<p><\/p>\n","protected":false},"excerpt":{"rendered":"<p>In den 1950er Jahren zogen die ersten molukkischen Familien nach Kamp Vosseveld in Winterswijk. Mitten im Kamp Vosseveld entstand bald eine bl\u00fchende Musikszene. Musik der Molukken.Legend\u00e4re Bands wie The White Waves in den 1960er Jahren und Navajo in den 1970er und 1980er Jahren machten Winterswijk zu einem musikalischen Hotspot. Sie sorgten f\u00fcr volle Hallen und [&hellip;]<\/p>\n","protected":false},"author":2,"featured_media":0,"parent":1766,"menu_order":0,"comment_status":"closed","ping_status":"closed","template":"","meta":{"_acf_changed":false,"footnotes":""},"class_list":["post-1807","page","type-page","status-publish","hentry"],"acf":[],"yoast_head":"<!-- This site is optimized with the Yoast SEO plugin v27.5 - https:\/\/yoast.com\/product\/yoast-seo-wordpress\/ -->\n<title>Vom Kamp Vosseveld auf dem Weg an die Spitze der niederl\u00e4ndischen Popmusik - MuseumFabriek Winterswijk<\/title>\n<meta name=\"description\" content=\"Die Molukken haben ihre eigene Identit\u00e4t in Winterswijk durch Musik geschaffen. Sie k\u00f6nnen diese Musik im MuseumFabriek Winterswijk h\u00f6ren.\" \/>\n<meta name=\"robots\" content=\"index, follow, max-snippet:-1, max-image-preview:large, max-video-preview:-1\" \/>\n<link rel=\"canonical\" href=\"https:\/\/museumfabriekwinterswijk.nl\/de\/ausstellungen\/vom-kamp-vosseveld-auf-dem-weg-an-die-spitze-der-niederlaendischen-popmusik\/\" \/>\n<meta property=\"og:locale\" content=\"de_DE\" \/>\n<meta property=\"og:type\" content=\"article\" \/>\n<meta property=\"og:title\" content=\"Vom Kamp Vosseveld auf dem Weg an die Spitze der niederl\u00e4ndischen Popmusik - MuseumFabriek Winterswijk\" \/>\n<meta property=\"og:description\" content=\"Die Molukken haben ihre eigene Identit\u00e4t in Winterswijk durch Musik geschaffen. Sie k\u00f6nnen diese Musik im MuseumFabriek Winterswijk h\u00f6ren.\" \/>\n<meta property=\"og:url\" content=\"https:\/\/museumfabriekwinterswijk.nl\/de\/ausstellungen\/vom-kamp-vosseveld-auf-dem-weg-an-die-spitze-der-niederlaendischen-popmusik\/\" \/>\n<meta property=\"og:site_name\" content=\"MuseumFabriek Winterswijk\" \/>\n<meta property=\"article:modified_time\" content=\"2025-02-05T15:13:29+00:00\" \/>\n<meta property=\"og:image\" content=\"https:\/\/museumfabriekwinterswijk.nl\/wp-content\/uploads\/2024\/12\/molukse-muziek.jpg\" \/>\n\t<meta property=\"og:image:width\" content=\"1600\" \/>\n\t<meta property=\"og:image:height\" content=\"1062\" \/>\n\t<meta property=\"og:image:type\" content=\"image\/jpeg\" \/>\n<meta name=\"twitter:card\" content=\"summary_large_image\" \/>\n<meta name=\"twitter:label1\" content=\"Gesch\u00e4tzte Lesezeit\" \/>\n\t<meta name=\"twitter:data1\" content=\"2\u00a0Minute\" \/>\n<script type=\"application\/ld+json\" class=\"yoast-schema-graph\">{\"@context\":\"https:\\\/\\\/schema.org\",\"@graph\":[{\"@type\":\"WebPage\",\"@id\":\"https:\\\/\\\/museumfabriekwinterswijk.nl\\\/de\\\/ausstellungen\\\/vom-kamp-vosseveld-auf-dem-weg-an-die-spitze-der-niederlaendischen-popmusik\\\/\",\"url\":\"https:\\\/\\\/museumfabriekwinterswijk.nl\\\/de\\\/ausstellungen\\\/vom-kamp-vosseveld-auf-dem-weg-an-die-spitze-der-niederlaendischen-popmusik\\\/\",\"name\":\"Vom Kamp Vosseveld auf dem Weg an die Spitze der niederl\u00e4ndischen Popmusik - MuseumFabriek Winterswijk\",\"isPartOf\":{\"@id\":\"https:\\\/\\\/museumfabriekwinterswijk.nl\\\/de\\\/#website\"},\"primaryImageOfPage\":{\"@id\":\"https:\\\/\\\/museumfabriekwinterswijk.nl\\\/de\\\/ausstellungen\\\/vom-kamp-vosseveld-auf-dem-weg-an-die-spitze-der-niederlaendischen-popmusik\\\/#primaryimage\"},\"image\":{\"@id\":\"https:\\\/\\\/museumfabriekwinterswijk.nl\\\/de\\\/ausstellungen\\\/vom-kamp-vosseveld-auf-dem-weg-an-die-spitze-der-niederlaendischen-popmusik\\\/#primaryimage\"},\"thumbnailUrl\":\"https:\\\/\\\/museumfabriekwinterswijk.nl\\\/wp-content\\\/uploads\\\/2024\\\/12\\\/molukse-muziek.jpg\",\"datePublished\":\"2024-12-08T10:34:08+00:00\",\"dateModified\":\"2025-02-05T15:13:29+00:00\",\"description\":\"Die Molukken haben ihre eigene Identit\u00e4t in Winterswijk durch Musik geschaffen. Sie k\u00f6nnen diese Musik im MuseumFabriek Winterswijk h\u00f6ren.\",\"breadcrumb\":{\"@id\":\"https:\\\/\\\/museumfabriekwinterswijk.nl\\\/de\\\/ausstellungen\\\/vom-kamp-vosseveld-auf-dem-weg-an-die-spitze-der-niederlaendischen-popmusik\\\/#breadcrumb\"},\"inLanguage\":\"de\",\"potentialAction\":[{\"@type\":\"ReadAction\",\"target\":[\"https:\\\/\\\/museumfabriekwinterswijk.nl\\\/de\\\/ausstellungen\\\/vom-kamp-vosseveld-auf-dem-weg-an-die-spitze-der-niederlaendischen-popmusik\\\/\"]}]},{\"@type\":\"ImageObject\",\"inLanguage\":\"de\",\"@id\":\"https:\\\/\\\/museumfabriekwinterswijk.nl\\\/de\\\/ausstellungen\\\/vom-kamp-vosseveld-auf-dem-weg-an-die-spitze-der-niederlaendischen-popmusik\\\/#primaryimage\",\"url\":\"https:\\\/\\\/museumfabriekwinterswijk.nl\\\/wp-content\\\/uploads\\\/2024\\\/12\\\/molukse-muziek.jpg\",\"contentUrl\":\"https:\\\/\\\/museumfabriekwinterswijk.nl\\\/wp-content\\\/uploads\\\/2024\\\/12\\\/molukse-muziek.jpg\"},{\"@type\":\"BreadcrumbList\",\"@id\":\"https:\\\/\\\/museumfabriekwinterswijk.nl\\\/de\\\/ausstellungen\\\/vom-kamp-vosseveld-auf-dem-weg-an-die-spitze-der-niederlaendischen-popmusik\\\/#breadcrumb\",\"itemListElement\":[{\"@type\":\"ListItem\",\"position\":1,\"name\":\"Home\",\"item\":\"https:\\\/\\\/museumfabriekwinterswijk.nl\\\/de\\\/\"},{\"@type\":\"ListItem\",\"position\":2,\"name\":\"Ausstellungen\",\"item\":\"https:\\\/\\\/museumfabriekwinterswijk.nl\\\/de\\\/ausstellungen\\\/\"},{\"@type\":\"ListItem\",\"position\":3,\"name\":\"Vom Kamp Vosseveld auf dem Weg an die Spitze der niederl\u00e4ndischen Popmusik\"}]},{\"@type\":\"WebSite\",\"@id\":\"https:\\\/\\\/museumfabriekwinterswijk.nl\\\/de\\\/#website\",\"url\":\"https:\\\/\\\/museumfabriekwinterswijk.nl\\\/de\\\/\",\"name\":\"MuseumFabriek Winterswijk\",\"description\":\"de schatkamer van Winterswijk\",\"publisher\":{\"@id\":\"https:\\\/\\\/museumfabriekwinterswijk.nl\\\/de\\\/#organization\"},\"potentialAction\":[{\"@type\":\"SearchAction\",\"target\":{\"@type\":\"EntryPoint\",\"urlTemplate\":\"https:\\\/\\\/museumfabriekwinterswijk.nl\\\/de\\\/?s={search_term_string}\"},\"query-input\":{\"@type\":\"PropertyValueSpecification\",\"valueRequired\":true,\"valueName\":\"search_term_string\"}}],\"inLanguage\":\"de\"},{\"@type\":\"Organization\",\"@id\":\"https:\\\/\\\/museumfabriekwinterswijk.nl\\\/de\\\/#organization\",\"name\":\"MuseumFabriek Winterswijk\",\"url\":\"https:\\\/\\\/museumfabriekwinterswijk.nl\\\/de\\\/\",\"logo\":{\"@type\":\"ImageObject\",\"inLanguage\":\"de\",\"@id\":\"https:\\\/\\\/museumfabriekwinterswijk.nl\\\/de\\\/#\\\/schema\\\/logo\\\/image\\\/\",\"url\":\"https:\\\/\\\/museumfabriekwinterswijk.nl\\\/wp-content\\\/uploads\\\/2024\\\/07\\\/cropped-logo-Museum-Fabriek.jpg\",\"contentUrl\":\"https:\\\/\\\/museumfabriekwinterswijk.nl\\\/wp-content\\\/uploads\\\/2024\\\/07\\\/cropped-logo-Museum-Fabriek.jpg\",\"width\":1059,\"height\":1059,\"caption\":\"MuseumFabriek Winterswijk\"},\"image\":{\"@id\":\"https:\\\/\\\/museumfabriekwinterswijk.nl\\\/de\\\/#\\\/schema\\\/logo\\\/image\\\/\"}}]}<\/script>\n<!-- \/ Yoast SEO plugin. -->","yoast_head_json":{"title":"Vom Kamp Vosseveld auf dem Weg an die Spitze der niederl\u00e4ndischen Popmusik - MuseumFabriek Winterswijk","description":"Die Molukken haben ihre eigene Identit\u00e4t in Winterswijk durch Musik geschaffen. Sie k\u00f6nnen diese Musik im MuseumFabriek Winterswijk h\u00f6ren.","robots":{"index":"index","follow":"follow","max-snippet":"max-snippet:-1","max-image-preview":"max-image-preview:large","max-video-preview":"max-video-preview:-1"},"canonical":"https:\/\/museumfabriekwinterswijk.nl\/de\/ausstellungen\/vom-kamp-vosseveld-auf-dem-weg-an-die-spitze-der-niederlaendischen-popmusik\/","og_locale":"de_DE","og_type":"article","og_title":"Vom Kamp Vosseveld auf dem Weg an die Spitze der niederl\u00e4ndischen Popmusik - MuseumFabriek Winterswijk","og_description":"Die Molukken haben ihre eigene Identit\u00e4t in Winterswijk durch Musik geschaffen. Sie k\u00f6nnen diese Musik im MuseumFabriek Winterswijk h\u00f6ren.","og_url":"https:\/\/museumfabriekwinterswijk.nl\/de\/ausstellungen\/vom-kamp-vosseveld-auf-dem-weg-an-die-spitze-der-niederlaendischen-popmusik\/","og_site_name":"MuseumFabriek Winterswijk","article_modified_time":"2025-02-05T15:13:29+00:00","og_image":[{"width":1600,"height":1062,"url":"https:\/\/museumfabriekwinterswijk.nl\/wp-content\/uploads\/2024\/12\/molukse-muziek.jpg","type":"image\/jpeg"}],"twitter_card":"summary_large_image","twitter_misc":{"Gesch\u00e4tzte Lesezeit":"2\u00a0Minute"},"schema":{"@context":"https:\/\/schema.org","@graph":[{"@type":"WebPage","@id":"https:\/\/museumfabriekwinterswijk.nl\/de\/ausstellungen\/vom-kamp-vosseveld-auf-dem-weg-an-die-spitze-der-niederlaendischen-popmusik\/","url":"https:\/\/museumfabriekwinterswijk.nl\/de\/ausstellungen\/vom-kamp-vosseveld-auf-dem-weg-an-die-spitze-der-niederlaendischen-popmusik\/","name":"Vom Kamp Vosseveld auf dem Weg an die Spitze der niederl\u00e4ndischen Popmusik - MuseumFabriek Winterswijk","isPartOf":{"@id":"https:\/\/museumfabriekwinterswijk.nl\/de\/#website"},"primaryImageOfPage":{"@id":"https:\/\/museumfabriekwinterswijk.nl\/de\/ausstellungen\/vom-kamp-vosseveld-auf-dem-weg-an-die-spitze-der-niederlaendischen-popmusik\/#primaryimage"},"image":{"@id":"https:\/\/museumfabriekwinterswijk.nl\/de\/ausstellungen\/vom-kamp-vosseveld-auf-dem-weg-an-die-spitze-der-niederlaendischen-popmusik\/#primaryimage"},"thumbnailUrl":"https:\/\/museumfabriekwinterswijk.nl\/wp-content\/uploads\/2024\/12\/molukse-muziek.jpg","datePublished":"2024-12-08T10:34:08+00:00","dateModified":"2025-02-05T15:13:29+00:00","description":"Die Molukken haben ihre eigene Identit\u00e4t in Winterswijk durch Musik geschaffen. Sie k\u00f6nnen diese Musik im MuseumFabriek Winterswijk h\u00f6ren.","breadcrumb":{"@id":"https:\/\/museumfabriekwinterswijk.nl\/de\/ausstellungen\/vom-kamp-vosseveld-auf-dem-weg-an-die-spitze-der-niederlaendischen-popmusik\/#breadcrumb"},"inLanguage":"de","potentialAction":[{"@type":"ReadAction","target":["https:\/\/museumfabriekwinterswijk.nl\/de\/ausstellungen\/vom-kamp-vosseveld-auf-dem-weg-an-die-spitze-der-niederlaendischen-popmusik\/"]}]},{"@type":"ImageObject","inLanguage":"de","@id":"https:\/\/museumfabriekwinterswijk.nl\/de\/ausstellungen\/vom-kamp-vosseveld-auf-dem-weg-an-die-spitze-der-niederlaendischen-popmusik\/#primaryimage","url":"https:\/\/museumfabriekwinterswijk.nl\/wp-content\/uploads\/2024\/12\/molukse-muziek.jpg","contentUrl":"https:\/\/museumfabriekwinterswijk.nl\/wp-content\/uploads\/2024\/12\/molukse-muziek.jpg"},{"@type":"BreadcrumbList","@id":"https:\/\/museumfabriekwinterswijk.nl\/de\/ausstellungen\/vom-kamp-vosseveld-auf-dem-weg-an-die-spitze-der-niederlaendischen-popmusik\/#breadcrumb","itemListElement":[{"@type":"ListItem","position":1,"name":"Home","item":"https:\/\/museumfabriekwinterswijk.nl\/de\/"},{"@type":"ListItem","position":2,"name":"Ausstellungen","item":"https:\/\/museumfabriekwinterswijk.nl\/de\/ausstellungen\/"},{"@type":"ListItem","position":3,"name":"Vom Kamp Vosseveld auf dem Weg an die Spitze der niederl\u00e4ndischen Popmusik"}]},{"@type":"WebSite","@id":"https:\/\/museumfabriekwinterswijk.nl\/de\/#website","url":"https:\/\/museumfabriekwinterswijk.nl\/de\/","name":"MuseumFabriek Winterswijk","description":"de schatkamer van Winterswijk","publisher":{"@id":"https:\/\/museumfabriekwinterswijk.nl\/de\/#organization"},"potentialAction":[{"@type":"SearchAction","target":{"@type":"EntryPoint","urlTemplate":"https:\/\/museumfabriekwinterswijk.nl\/de\/?s={search_term_string}"},"query-input":{"@type":"PropertyValueSpecification","valueRequired":true,"valueName":"search_term_string"}}],"inLanguage":"de"},{"@type":"Organization","@id":"https:\/\/museumfabriekwinterswijk.nl\/de\/#organization","name":"MuseumFabriek Winterswijk","url":"https:\/\/museumfabriekwinterswijk.nl\/de\/","logo":{"@type":"ImageObject","inLanguage":"de","@id":"https:\/\/museumfabriekwinterswijk.nl\/de\/#\/schema\/logo\/image\/","url":"https:\/\/museumfabriekwinterswijk.nl\/wp-content\/uploads\/2024\/07\/cropped-logo-Museum-Fabriek.jpg","contentUrl":"https:\/\/museumfabriekwinterswijk.nl\/wp-content\/uploads\/2024\/07\/cropped-logo-Museum-Fabriek.jpg","width":1059,"height":1059,"caption":"MuseumFabriek Winterswijk"},"image":{"@id":"https:\/\/museumfabriekwinterswijk.nl\/de\/#\/schema\/logo\/image\/"}}]}},"_links":{"self":[{"href":"https:\/\/museumfabriekwinterswijk.nl\/de\/wp-json\/wp\/v2\/pages\/1807","targetHints":{"allow":["GET"]}}],"collection":[{"href":"https:\/\/museumfabriekwinterswijk.nl\/de\/wp-json\/wp\/v2\/pages"}],"about":[{"href":"https:\/\/museumfabriekwinterswijk.nl\/de\/wp-json\/wp\/v2\/types\/page"}],"author":[{"embeddable":true,"href":"https:\/\/museumfabriekwinterswijk.nl\/de\/wp-json\/wp\/v2\/users\/2"}],"replies":[{"embeddable":true,"href":"https:\/\/museumfabriekwinterswijk.nl\/de\/wp-json\/wp\/v2\/comments?post=1807"}],"version-history":[{"count":2,"href":"https:\/\/museumfabriekwinterswijk.nl\/de\/wp-json\/wp\/v2\/pages\/1807\/revisions"}],"predecessor-version":[{"id":1974,"href":"https:\/\/museumfabriekwinterswijk.nl\/de\/wp-json\/wp\/v2\/pages\/1807\/revisions\/1974"}],"up":[{"embeddable":true,"href":"https:\/\/museumfabriekwinterswijk.nl\/de\/wp-json\/wp\/v2\/pages\/1766"}],"wp:attachment":[{"href":"https:\/\/museumfabriekwinterswijk.nl\/de\/wp-json\/wp\/v2\/media?parent=1807"}],"curies":[{"name":"wp","href":"https:\/\/api.w.org\/{rel}","templated":true}]}}