{"id":1810,"date":"2024-12-05T15:55:15","date_gmt":"2024-12-05T15:55:15","guid":{"rendered":"https:\/\/museumfabriekwinterswijk.nl\/ausstellungen\/weberei\/"},"modified":"2025-02-05T15:02:12","modified_gmt":"2025-02-05T15:02:12","slug":"weberei","status":"publish","type":"page","link":"https:\/\/museumfabriekwinterswijk.nl\/de\/ausstellungen\/weberei\/","title":{"rendered":"Weberei"},"content":{"rendered":"\n<div class=\"wp-block-columns is-layout-flex wp-container-core-columns-is-layout-9d6595d7 wp-block-columns-is-layout-flex\">\n<div class=\"wp-block-column is-layout-flow wp-block-column-is-layout-flow\">\n<p><strong>Vom Handwerk zur Industrie: die Dornier-Webmaschine in Winterswijk<\/strong><\/p>\n\n\n\n<p>Winterswijk hat eine reiche Textiltradition, die bis ins 16. Jahrhundert zur\u00fcckreicht. Damals schlossen sich die Weber zu einer Gilde zusammen und arbeiteten von zu Hause aus an ihren eigenen Webst\u00fchlen. Textilh\u00e4ndler wie die Familie Willink kauften die Stoffe ein und k\u00fcmmerten sich um den Vertrieb. Gerrit Jan Willink, ein Nachkomme dieser Familie, machte 1888 einen gro\u00dfen Schritt nach vorn und er\u00f6ffnete seine eigene Trikotagenfabrik. Hier wurde die Unterw\u00e4sche maschinell gestrickt.    <\/p>\n\n\n\n<p>Zu unserer Sammlung geh\u00f6rt auch ein wunderbares Beispiel f\u00fcr die technologische Entwicklung in der Textilindustrie: die Dornier-Webmaschine. Diese Maschine, eine Schenkung der Gaudium bv (heute: Kvadrat Weaving), veranschaulicht den \u00dcbergang vom manuellen zum maschinellen Webverfahren. Die Dornier erm\u00f6glichte es, dank des Einsatzes von Greifern anstelle von Spulen, mit viel h\u00f6herer Geschwindigkeit zu weben.  <\/p>\n\n\n\n<p class=\"has-text-align-left has-color-5-background-color has-background\"><strong>M\u00f6chten Sie mehr \u00fcber unsere Webmaschinen erfahren?<br>Besuchen Sie die <em>MuseumFabriek<\/em> w\u00e4hrend einer der Vorf\u00fchrungen, wo Sie die gro\u00dfen Maschinen bei der Arbeit sehen (und h\u00f6ren) k\u00f6nnen!<\/strong><br><img loading=\"lazy\" decoding=\"async\" width=\"400\" height=\"301\" class=\"wp-image-1365\" style=\"width: 400px;\" src=\"https:\/\/museumfabriekwinterswijk.nl\/wp-content\/uploads\/2024\/12\/dornier2.jpg\" alt=\"Dornier Webmachine\" srcset=\"https:\/\/museumfabriekwinterswijk.nl\/wp-content\/uploads\/2024\/12\/dornier2.jpg 1200w, https:\/\/museumfabriekwinterswijk.nl\/wp-content\/uploads\/2024\/12\/dornier2-300x226.jpg 300w, https:\/\/museumfabriekwinterswijk.nl\/wp-content\/uploads\/2024\/12\/dornier2-600x452.jpg 600w, https:\/\/museumfabriekwinterswijk.nl\/wp-content\/uploads\/2024\/12\/dornier2-64x48.jpg 64w, https:\/\/museumfabriekwinterswijk.nl\/wp-content\/uploads\/2024\/12\/dornier2-1024x771.jpg 1024w, https:\/\/museumfabriekwinterswijk.nl\/wp-content\/uploads\/2024\/12\/dornier2-768x578.jpg 768w\" sizes=\"auto, (max-width: 400px) 100vw, 400px\" \/><\/p>\n<\/div>\n\n\n\n<div class=\"wp-block-column is-layout-flow wp-block-column-is-layout-flow\" style=\"flex-basis:450px\">\n<figure class=\"wp-block-gallery has-nested-images columns-default is-cropped wp-block-gallery-1 is-layout-flex wp-block-gallery-is-layout-flex\">\n<figure class=\"wp-block-image size-full\"><a href=\"https:\/\/museumfabriekwinterswijk.nl\/wp-content\/uploads\/2024\/12\/spinnewiel.jpg\" data-rel=\"lightbox-gallery-FWd4OPlx\" data-rl_title=\"\" data-rl_caption=\"\" title=\"\"><img loading=\"lazy\" decoding=\"async\" width=\"485\" height=\"589\" data-id=\"1256\" src=\"https:\/\/museumfabriekwinterswijk.nl\/wp-content\/uploads\/2024\/12\/spinnewiel.jpg\" alt=\"Spinnrad\" class=\"wp-image-1256\" srcset=\"https:\/\/museumfabriekwinterswijk.nl\/wp-content\/uploads\/2024\/12\/spinnewiel.jpg 485w, https:\/\/museumfabriekwinterswijk.nl\/wp-content\/uploads\/2024\/12\/spinnewiel-300x364.jpg 300w, https:\/\/museumfabriekwinterswijk.nl\/wp-content\/uploads\/2024\/12\/spinnewiel-64x78.jpg 64w, https:\/\/museumfabriekwinterswijk.nl\/wp-content\/uploads\/2024\/12\/spinnewiel-247x300.jpg 247w\" sizes=\"auto, (max-width: 485px) 100vw, 485px\" \/><\/a><\/figure>\n\n\n\n<figure class=\"wp-block-image size-full\"><a href=\"https:\/\/museumfabriekwinterswijk.nl\/wp-content\/uploads\/2024\/12\/dornier.jpg\" data-rel=\"lightbox-gallery-FWd4OPlx\" data-rl_title=\"\" data-rl_caption=\"\" title=\"\"><img loading=\"lazy\" decoding=\"async\" width=\"400\" height=\"531\" data-id=\"1362\" src=\"https:\/\/museumfabriekwinterswijk.nl\/wp-content\/uploads\/2024\/12\/dornier.jpg\" alt=\"Dornier\" class=\"wp-image-1362\" srcset=\"https:\/\/museumfabriekwinterswijk.nl\/wp-content\/uploads\/2024\/12\/dornier.jpg 400w, https:\/\/museumfabriekwinterswijk.nl\/wp-content\/uploads\/2024\/12\/dornier-300x398.jpg 300w, https:\/\/museumfabriekwinterswijk.nl\/wp-content\/uploads\/2024\/12\/dornier-64x85.jpg 64w, https:\/\/museumfabriekwinterswijk.nl\/wp-content\/uploads\/2024\/12\/dornier-226x300.jpg 226w\" sizes=\"auto, (max-width: 400px) 100vw, 400px\" \/><\/a><\/figure>\n<\/figure>\n\n\n\n<div class=\"wp-block-group has-white-color has-color-1-background-color has-text-color has-background has-link-color wp-elements-5748217958a0e7e77679c4c4721254fa\"><div class=\"wp-block-group__inner-container is-layout-constrained wp-block-group-is-layout-constrained\">\n<p><strong>Von der Fabrik zum Zuhause<\/strong>: Die ehemalige Tricot-Fabrik, ein vertrauter Anblick in Winterswijk, hat eine beeindruckende Metamorphose durchlaufen. Nach ihrer Schlie\u00dfung im Jahr 1978 und einer Zeit des Verfalls wurde das Geb\u00e4ude mit Respekt vor seiner Geschichte in stilvolle Wohnungen umgewandelt. Eine Ode an die Vergangenheit, ein Blick in die Zukunft.  <\/p>\n<\/div><\/div>\n\n\n\n<div class=\"wp-block-buttons is-content-justification-center is-layout-flex wp-container-core-buttons-is-layout-16018d1d wp-block-buttons-is-layout-flex\">\n<div class=\"wp-block-button has-custom-font-size has-small-font-size\"><a class=\"wp-block-button__link has-color-3-background-color has-background wp-element-button\" href=\"https:\/\/museumfabriekwinterswijk.nl\/weverij\/\" target=\"_blank\" rel=\"noreferrer noopener\">Video Weben<\/a><\/div>\n<\/div>\n\n\n\n<div style=\"height:25px\" aria-hidden=\"true\" class=\"wp-block-spacer\"><\/div>\n\n\n\n<figure class=\"wp-block-image size-full\"><img loading=\"lazy\" decoding=\"async\" width=\"497\" height=\"640\" src=\"https:\/\/museumfabriekwinterswijk.nl\/wp-content\/uploads\/2024\/12\/fabriek4.jpg\" alt=\"Fabrik\" class=\"wp-image-1367\" srcset=\"https:\/\/museumfabriekwinterswijk.nl\/wp-content\/uploads\/2024\/12\/fabriek4.jpg 497w, https:\/\/museumfabriekwinterswijk.nl\/wp-content\/uploads\/2024\/12\/fabriek4-300x386.jpg 300w, https:\/\/museumfabriekwinterswijk.nl\/wp-content\/uploads\/2024\/12\/fabriek4-64x82.jpg 64w, https:\/\/museumfabriekwinterswijk.nl\/wp-content\/uploads\/2024\/12\/fabriek4-233x300.jpg 233w\" sizes=\"auto, (max-width: 497px) 100vw, 497px\" \/><\/figure>\n<\/div>\n<\/div>\n\n\n\n<p><\/p>\n","protected":false},"excerpt":{"rendered":"<p>Vom Handwerk zur Industrie: die Dornier-Webmaschine in Winterswijk Winterswijk hat eine reiche Textiltradition, die bis ins 16. Jahrhundert zur\u00fcckreicht. Damals schlossen sich die Weber zu einer Gilde zusammen und arbeiteten von zu Hause aus an ihren eigenen Webst\u00fchlen. Textilh\u00e4ndler wie die Familie Willink kauften die Stoffe ein und k\u00fcmmerten sich um den Vertrieb. Gerrit Jan [&hellip;]<\/p>\n","protected":false},"author":2,"featured_media":0,"parent":1766,"menu_order":0,"comment_status":"closed","ping_status":"closed","template":"","meta":{"_acf_changed":false,"footnotes":""},"class_list":["post-1810","page","type-page","status-publish","hentry"],"acf":[],"yoast_head":"<!-- This site is optimized with the Yoast SEO plugin v27.4 - https:\/\/yoast.com\/product\/yoast-seo-wordpress\/ -->\n<title>Weberei - MuseumFabriek Winterswijk<\/title>\n<meta name=\"description\" content=\"Kommen Sie und sehen Sie unsere beeindruckenden Webmachinen in Aktion! In der MuseumFabriek in Winterswijk.\" \/>\n<meta name=\"robots\" content=\"index, follow, max-snippet:-1, max-image-preview:large, max-video-preview:-1\" \/>\n<link rel=\"canonical\" href=\"https:\/\/museumfabriekwinterswijk.nl\/de\/ausstellungen\/weberei\/\" \/>\n<meta property=\"og:locale\" content=\"de_DE\" \/>\n<meta property=\"og:type\" content=\"article\" \/>\n<meta property=\"og:title\" content=\"Weberei - MuseumFabriek Winterswijk\" \/>\n<meta property=\"og:description\" content=\"Kommen Sie und sehen Sie unsere beeindruckenden Webmachinen in Aktion! In der MuseumFabriek in Winterswijk.\" \/>\n<meta property=\"og:url\" content=\"https:\/\/museumfabriekwinterswijk.nl\/de\/ausstellungen\/weberei\/\" \/>\n<meta property=\"og:site_name\" content=\"MuseumFabriek Winterswijk\" \/>\n<meta property=\"article:modified_time\" content=\"2025-02-05T15:02:12+00:00\" \/>\n<meta property=\"og:image\" content=\"https:\/\/museumfabriekwinterswijk.nl\/wp-content\/uploads\/2024\/12\/dornier2.jpg\" \/>\n\t<meta property=\"og:image:width\" content=\"1200\" \/>\n\t<meta property=\"og:image:height\" content=\"903\" \/>\n\t<meta property=\"og:image:type\" content=\"image\/jpeg\" \/>\n<meta name=\"twitter:card\" content=\"summary_large_image\" \/>\n<meta name=\"twitter:label1\" content=\"Gesch\u00e4tzte Lesezeit\" \/>\n\t<meta name=\"twitter:data1\" content=\"2\u00a0Minute\" \/>\n<script type=\"application\/ld+json\" class=\"yoast-schema-graph\">{\"@context\":\"https:\\\/\\\/schema.org\",\"@graph\":[{\"@type\":\"WebPage\",\"@id\":\"https:\\\/\\\/museumfabriekwinterswijk.nl\\\/de\\\/ausstellungen\\\/weberei\\\/\",\"url\":\"https:\\\/\\\/museumfabriekwinterswijk.nl\\\/de\\\/ausstellungen\\\/weberei\\\/\",\"name\":\"Weberei - MuseumFabriek Winterswijk\",\"isPartOf\":{\"@id\":\"https:\\\/\\\/museumfabriekwinterswijk.nl\\\/de\\\/#website\"},\"primaryImageOfPage\":{\"@id\":\"https:\\\/\\\/museumfabriekwinterswijk.nl\\\/de\\\/ausstellungen\\\/weberei\\\/#primaryimage\"},\"image\":{\"@id\":\"https:\\\/\\\/museumfabriekwinterswijk.nl\\\/de\\\/ausstellungen\\\/weberei\\\/#primaryimage\"},\"thumbnailUrl\":\"https:\\\/\\\/museumfabriekwinterswijk.nl\\\/wp-content\\\/uploads\\\/2024\\\/12\\\/dornier2.jpg\",\"datePublished\":\"2024-12-05T15:55:15+00:00\",\"dateModified\":\"2025-02-05T15:02:12+00:00\",\"description\":\"Kommen Sie und sehen Sie unsere beeindruckenden Webmachinen in Aktion! In der MuseumFabriek in Winterswijk.\",\"breadcrumb\":{\"@id\":\"https:\\\/\\\/museumfabriekwinterswijk.nl\\\/de\\\/ausstellungen\\\/weberei\\\/#breadcrumb\"},\"inLanguage\":\"de\",\"potentialAction\":[{\"@type\":\"ReadAction\",\"target\":[\"https:\\\/\\\/museumfabriekwinterswijk.nl\\\/de\\\/ausstellungen\\\/weberei\\\/\"]}]},{\"@type\":\"ImageObject\",\"inLanguage\":\"de\",\"@id\":\"https:\\\/\\\/museumfabriekwinterswijk.nl\\\/de\\\/ausstellungen\\\/weberei\\\/#primaryimage\",\"url\":\"https:\\\/\\\/museumfabriekwinterswijk.nl\\\/wp-content\\\/uploads\\\/2024\\\/12\\\/dornier2.jpg\",\"contentUrl\":\"https:\\\/\\\/museumfabriekwinterswijk.nl\\\/wp-content\\\/uploads\\\/2024\\\/12\\\/dornier2.jpg\"},{\"@type\":\"BreadcrumbList\",\"@id\":\"https:\\\/\\\/museumfabriekwinterswijk.nl\\\/de\\\/ausstellungen\\\/weberei\\\/#breadcrumb\",\"itemListElement\":[{\"@type\":\"ListItem\",\"position\":1,\"name\":\"Home\",\"item\":\"https:\\\/\\\/museumfabriekwinterswijk.nl\\\/de\\\/\"},{\"@type\":\"ListItem\",\"position\":2,\"name\":\"Ausstellungen\",\"item\":\"https:\\\/\\\/museumfabriekwinterswijk.nl\\\/de\\\/ausstellungen\\\/\"},{\"@type\":\"ListItem\",\"position\":3,\"name\":\"Weberei\"}]},{\"@type\":\"WebSite\",\"@id\":\"https:\\\/\\\/museumfabriekwinterswijk.nl\\\/de\\\/#website\",\"url\":\"https:\\\/\\\/museumfabriekwinterswijk.nl\\\/de\\\/\",\"name\":\"MuseumFabriek Winterswijk\",\"description\":\"de schatkamer van Winterswijk\",\"publisher\":{\"@id\":\"https:\\\/\\\/museumfabriekwinterswijk.nl\\\/de\\\/#organization\"},\"potentialAction\":[{\"@type\":\"SearchAction\",\"target\":{\"@type\":\"EntryPoint\",\"urlTemplate\":\"https:\\\/\\\/museumfabriekwinterswijk.nl\\\/de\\\/?s={search_term_string}\"},\"query-input\":{\"@type\":\"PropertyValueSpecification\",\"valueRequired\":true,\"valueName\":\"search_term_string\"}}],\"inLanguage\":\"de\"},{\"@type\":\"Organization\",\"@id\":\"https:\\\/\\\/museumfabriekwinterswijk.nl\\\/de\\\/#organization\",\"name\":\"MuseumFabriek Winterswijk\",\"url\":\"https:\\\/\\\/museumfabriekwinterswijk.nl\\\/de\\\/\",\"logo\":{\"@type\":\"ImageObject\",\"inLanguage\":\"de\",\"@id\":\"https:\\\/\\\/museumfabriekwinterswijk.nl\\\/de\\\/#\\\/schema\\\/logo\\\/image\\\/\",\"url\":\"https:\\\/\\\/museumfabriekwinterswijk.nl\\\/wp-content\\\/uploads\\\/2024\\\/07\\\/cropped-logo-Museum-Fabriek.jpg\",\"contentUrl\":\"https:\\\/\\\/museumfabriekwinterswijk.nl\\\/wp-content\\\/uploads\\\/2024\\\/07\\\/cropped-logo-Museum-Fabriek.jpg\",\"width\":1059,\"height\":1059,\"caption\":\"MuseumFabriek Winterswijk\"},\"image\":{\"@id\":\"https:\\\/\\\/museumfabriekwinterswijk.nl\\\/de\\\/#\\\/schema\\\/logo\\\/image\\\/\"}}]}<\/script>\n<!-- \/ Yoast SEO plugin. -->","yoast_head_json":{"title":"Weberei - MuseumFabriek Winterswijk","description":"Kommen Sie und sehen Sie unsere beeindruckenden Webmachinen in Aktion! In der MuseumFabriek in Winterswijk.","robots":{"index":"index","follow":"follow","max-snippet":"max-snippet:-1","max-image-preview":"max-image-preview:large","max-video-preview":"max-video-preview:-1"},"canonical":"https:\/\/museumfabriekwinterswijk.nl\/de\/ausstellungen\/weberei\/","og_locale":"de_DE","og_type":"article","og_title":"Weberei - MuseumFabriek Winterswijk","og_description":"Kommen Sie und sehen Sie unsere beeindruckenden Webmachinen in Aktion! In der MuseumFabriek in Winterswijk.","og_url":"https:\/\/museumfabriekwinterswijk.nl\/de\/ausstellungen\/weberei\/","og_site_name":"MuseumFabriek Winterswijk","article_modified_time":"2025-02-05T15:02:12+00:00","og_image":[{"width":1200,"height":903,"url":"https:\/\/museumfabriekwinterswijk.nl\/wp-content\/uploads\/2024\/12\/dornier2.jpg","type":"image\/jpeg"}],"twitter_card":"summary_large_image","twitter_misc":{"Gesch\u00e4tzte Lesezeit":"2\u00a0Minute"},"schema":{"@context":"https:\/\/schema.org","@graph":[{"@type":"WebPage","@id":"https:\/\/museumfabriekwinterswijk.nl\/de\/ausstellungen\/weberei\/","url":"https:\/\/museumfabriekwinterswijk.nl\/de\/ausstellungen\/weberei\/","name":"Weberei - MuseumFabriek Winterswijk","isPartOf":{"@id":"https:\/\/museumfabriekwinterswijk.nl\/de\/#website"},"primaryImageOfPage":{"@id":"https:\/\/museumfabriekwinterswijk.nl\/de\/ausstellungen\/weberei\/#primaryimage"},"image":{"@id":"https:\/\/museumfabriekwinterswijk.nl\/de\/ausstellungen\/weberei\/#primaryimage"},"thumbnailUrl":"https:\/\/museumfabriekwinterswijk.nl\/wp-content\/uploads\/2024\/12\/dornier2.jpg","datePublished":"2024-12-05T15:55:15+00:00","dateModified":"2025-02-05T15:02:12+00:00","description":"Kommen Sie und sehen Sie unsere beeindruckenden Webmachinen in Aktion! In der MuseumFabriek in Winterswijk.","breadcrumb":{"@id":"https:\/\/museumfabriekwinterswijk.nl\/de\/ausstellungen\/weberei\/#breadcrumb"},"inLanguage":"de","potentialAction":[{"@type":"ReadAction","target":["https:\/\/museumfabriekwinterswijk.nl\/de\/ausstellungen\/weberei\/"]}]},{"@type":"ImageObject","inLanguage":"de","@id":"https:\/\/museumfabriekwinterswijk.nl\/de\/ausstellungen\/weberei\/#primaryimage","url":"https:\/\/museumfabriekwinterswijk.nl\/wp-content\/uploads\/2024\/12\/dornier2.jpg","contentUrl":"https:\/\/museumfabriekwinterswijk.nl\/wp-content\/uploads\/2024\/12\/dornier2.jpg"},{"@type":"BreadcrumbList","@id":"https:\/\/museumfabriekwinterswijk.nl\/de\/ausstellungen\/weberei\/#breadcrumb","itemListElement":[{"@type":"ListItem","position":1,"name":"Home","item":"https:\/\/museumfabriekwinterswijk.nl\/de\/"},{"@type":"ListItem","position":2,"name":"Ausstellungen","item":"https:\/\/museumfabriekwinterswijk.nl\/de\/ausstellungen\/"},{"@type":"ListItem","position":3,"name":"Weberei"}]},{"@type":"WebSite","@id":"https:\/\/museumfabriekwinterswijk.nl\/de\/#website","url":"https:\/\/museumfabriekwinterswijk.nl\/de\/","name":"MuseumFabriek Winterswijk","description":"de schatkamer van Winterswijk","publisher":{"@id":"https:\/\/museumfabriekwinterswijk.nl\/de\/#organization"},"potentialAction":[{"@type":"SearchAction","target":{"@type":"EntryPoint","urlTemplate":"https:\/\/museumfabriekwinterswijk.nl\/de\/?s={search_term_string}"},"query-input":{"@type":"PropertyValueSpecification","valueRequired":true,"valueName":"search_term_string"}}],"inLanguage":"de"},{"@type":"Organization","@id":"https:\/\/museumfabriekwinterswijk.nl\/de\/#organization","name":"MuseumFabriek Winterswijk","url":"https:\/\/museumfabriekwinterswijk.nl\/de\/","logo":{"@type":"ImageObject","inLanguage":"de","@id":"https:\/\/museumfabriekwinterswijk.nl\/de\/#\/schema\/logo\/image\/","url":"https:\/\/museumfabriekwinterswijk.nl\/wp-content\/uploads\/2024\/07\/cropped-logo-Museum-Fabriek.jpg","contentUrl":"https:\/\/museumfabriekwinterswijk.nl\/wp-content\/uploads\/2024\/07\/cropped-logo-Museum-Fabriek.jpg","width":1059,"height":1059,"caption":"MuseumFabriek Winterswijk"},"image":{"@id":"https:\/\/museumfabriekwinterswijk.nl\/de\/#\/schema\/logo\/image\/"}}]}},"_links":{"self":[{"href":"https:\/\/museumfabriekwinterswijk.nl\/de\/wp-json\/wp\/v2\/pages\/1810","targetHints":{"allow":["GET"]}}],"collection":[{"href":"https:\/\/museumfabriekwinterswijk.nl\/de\/wp-json\/wp\/v2\/pages"}],"about":[{"href":"https:\/\/museumfabriekwinterswijk.nl\/de\/wp-json\/wp\/v2\/types\/page"}],"author":[{"embeddable":true,"href":"https:\/\/museumfabriekwinterswijk.nl\/de\/wp-json\/wp\/v2\/users\/2"}],"replies":[{"embeddable":true,"href":"https:\/\/museumfabriekwinterswijk.nl\/de\/wp-json\/wp\/v2\/comments?post=1810"}],"version-history":[{"count":2,"href":"https:\/\/museumfabriekwinterswijk.nl\/de\/wp-json\/wp\/v2\/pages\/1810\/revisions"}],"predecessor-version":[{"id":1972,"href":"https:\/\/museumfabriekwinterswijk.nl\/de\/wp-json\/wp\/v2\/pages\/1810\/revisions\/1972"}],"up":[{"embeddable":true,"href":"https:\/\/museumfabriekwinterswijk.nl\/de\/wp-json\/wp\/v2\/pages\/1766"}],"wp:attachment":[{"href":"https:\/\/museumfabriekwinterswijk.nl\/de\/wp-json\/wp\/v2\/media?parent=1810"}],"curies":[{"name":"wp","href":"https:\/\/api.w.org\/{rel}","templated":true}]}}