{"id":1814,"date":"2025-01-17T09:00:29","date_gmt":"2025-01-17T09:00:29","guid":{"rendered":"https:\/\/museumfabriekwinterswijk.nl\/vorlesungen-und-filme\/"},"modified":"2026-04-05T08:34:28","modified_gmt":"2026-04-05T08:34:28","slug":"vorlesungen-und-filme","status":"publish","type":"page","link":"https:\/\/museumfabriekwinterswijk.nl\/de\/vorlesungen-und-filme\/","title":{"rendered":"Vortr\u00e4ge, Film, Fahrradtour"},"content":{"rendered":"<\/section>\r\n\r\n<section class=\"u-clearfix u-section-header1 check u-light-4-base\" id=\"lezing\">\r\n  <div class=\"u-clearfix u-sheet u-valign-top-lg u-valign-top-md u-valign-top-xl u-valign-top-xxl u-sheet-1\">\r\n    <div class=\"custom-expanded data-layout-selected shadow u-clearfix u-expanded-width-lg u-expanded-width-xl u-expanded-width-xxl u-gutter-0 u-layout-wrap u-layout-wrap-1\">\r\n      <div class=\"u-layout\">\r\n        <div class=\"u-layout-row\">\r\n          <div class=\"u-container-style u-layout-cell u-size-24-xl u-size-24-xxl u-size-25-lg u-size-60-md u-size-60-sm u-size-60-xs u-layout-cell-1 order-1\">\r\n            <div class=\"u-container-layout u-container-layout-1\">\r\n              <div class=\"u-container-style u-expanded-width u-group u-group-1\">\r\n                <div class=\"u-container-layout u-valign-middle u-container-layout-2\">\r\n                  <h2 class='u-text u-text-default u-text-1 has-large-font-size'>Vortr\u00e4ge, Film, Fahrradtour<\/h2>                  <div class=\"u-text u-text-default u-text-2\"><p>In diesem Winter und Fr\u00fchjahr bieten wir Ihnen folgende Aktivit\u00e4ten an:<\/p>\n<\/div>\r\n                                  <\/div>\r\n              <\/div>\r\n            <\/div>\r\n          <\/div>\r\n          <div class=\"u-container-style u-image u-layout-cell u-size-35-lg u-size-36-xl u-size-36-xxl u-size-60-md u-size-60-sm u-size-60-xs u-image-1 order-2\" data-image-width=\"2100\" data-image-height=\"1400\" style=\"background-image: url('https:\/\/museumfabriekwinterswijk.nl\/wp-content\/uploads\/2025\/11\/vortrag.jpg');\">\r\n            <div class=\"u-container-layout u-valign-bottom-lg u-valign-bottom-md u-valign-bottom-xs u-container-layout-3\"><\/div>\r\n          <\/div>\r\n        <\/div>\r\n      <\/div>\r\n    <\/div>\r\n  <\/div>\r\n<\/section>\r\n\r\n\r\n<section class=\"u-sheet\">\n\n\n<p class=\"has-white-color has-white-background-color has-text-color has-background has-link-color wp-elements-f3af10659a18cfd88d4a54e34f264cca\"><\/p>\n\n\n\n<p class=\"has-white-color has-white-background-color has-text-color has-background has-link-color wp-elements-f25484ca408fe10858c5813efa7be6f0\"><br><\/p>\n\n\n\n<hr class=\"wp-block-separator has-alpha-channel-opacity\"\/>\n\n\n\n<p class=\"has-white-color has-color-1-background-color has-text-color has-background has-link-color wp-elements-61e0b75928be2f1e448bc3b3f2eb2231\"><strong>Die Katastrophe mit der Phoenix<br>Von Joske Meerdink<br><\/strong>16 April 2026<\/p>\n\n\n\n<p class=\"has-color-4-color has-color-5-background-color has-text-color has-background has-link-color wp-elements-cc59ab36ae039f4f266960e757267a29\"><img loading=\"lazy\" decoding=\"async\" width=\"450\" height=\"304\" class=\"wp-image-2748\" style=\"width: 450px;\" src=\"https:\/\/museumfabriekwinterswijk.nl\/wp-content\/uploads\/2025\/09\/Burning_of_the_Phoenix1.jpg\" alt=\"brand Phoenix\" srcset=\"https:\/\/museumfabriekwinterswijk.nl\/wp-content\/uploads\/2025\/09\/Burning_of_the_Phoenix1.jpg 1178w, https:\/\/museumfabriekwinterswijk.nl\/wp-content\/uploads\/2025\/09\/Burning_of_the_Phoenix1-300x203.jpg 300w, https:\/\/museumfabriekwinterswijk.nl\/wp-content\/uploads\/2025\/09\/Burning_of_the_Phoenix1-1024x692.jpg 1024w, https:\/\/museumfabriekwinterswijk.nl\/wp-content\/uploads\/2025\/09\/Burning_of_the_Phoenix1-768x519.jpg 768w, https:\/\/museumfabriekwinterswijk.nl\/wp-content\/uploads\/2025\/09\/Burning_of_the_Phoenix1-600x405.jpg 600w, https:\/\/museumfabriekwinterswijk.nl\/wp-content\/uploads\/2025\/09\/Burning_of_the_Phoenix1-64x43.jpg 64w\" sizes=\"auto, (max-width: 450px) 100vw, 450px\" \/><br>Auf der Suche nach der Geschichte hinter der Titanic der Region Achterhoek, einer spannenden Suche nach Spuren der Migration, famili\u00e4ren Bindungen und einem Schiff, das in Flammen aufging.<br>Joske Meerdink hat ein Buch dar\u00fcber geschrieben. Es erscheint in K\u00fcrze.<br><br>Es ist der 21. November 1847, Lake Michigan. Auf der SS Phoenix bricht ein Feuer aus. Von den etwa 250 Passagieren \u2013 gr\u00f6\u00dftenteils Migranten aus dem Achterhoek \u2013 \u00fcberleben nur 47 die Katastrophe. Als Joske Meerdink, geboren und aufgewachsen in Winterswijk, zuf\u00e4llig auf ein Denkmal f\u00fcr die Schiffskatastrophe st\u00f6\u00dft, fragt sie sich: Wie kommt es, dass ich noch nie davon geh\u00f6rt habe? Was genau ist damals passiert? Was hatten all diese Niederl\u00e4nder dort zu suchen? Und waren eigentlich Verwandte von mir auf diesem Schiff?<br><br>Die Suche f\u00fchrt Joske in die USA. Sie trifft Nachkommen der \u00dcberlebenden und besucht die Ungl\u00fccksstelle, wo ein mysteri\u00f6ses Objekt auf dem Grund des Sees liegt. Neugierig und begeistert erz\u00e4hlt sie die Geschichte einer vergessenen Katastrophe, die ihre Spuren in der Gegenwart hinterlassen hat.<br>An diesem Abend wird nat\u00fcrlich auch das Buch von Joske Meerdink zum Verkauf angeboten.<br><img loading=\"lazy\" decoding=\"async\" width=\"150\" height=\"237\" class=\"wp-image-2746\" style=\"width: 150px;\" src=\"https:\/\/museumfabriekwinterswijk.nl\/wp-content\/uploads\/2025\/09\/MN-Phoenix.jpg\" alt=\"Phoenix\" srcset=\"https:\/\/museumfabriekwinterswijk.nl\/wp-content\/uploads\/2025\/09\/MN-Phoenix.jpg 758w, https:\/\/museumfabriekwinterswijk.nl\/wp-content\/uploads\/2025\/09\/MN-Phoenix-190x300.jpg 190w, https:\/\/museumfabriekwinterswijk.nl\/wp-content\/uploads\/2025\/09\/MN-Phoenix-647x1024.jpg 647w, https:\/\/museumfabriekwinterswijk.nl\/wp-content\/uploads\/2025\/09\/MN-Phoenix-300x475.jpg 300w, https:\/\/museumfabriekwinterswijk.nl\/wp-content\/uploads\/2025\/09\/MN-Phoenix-600x950.jpg 600w, https:\/\/museumfabriekwinterswijk.nl\/wp-content\/uploads\/2025\/09\/MN-Phoenix-64x101.jpg 64w\" sizes=\"auto, (max-width: 150px) 100vw, 150px\" \/><br><br>Wann: 16 April 2026<br>Anfang: 20:00 Uhr, Einlass ab 19:30 Uhr.<br>Wo: MuseumFabriek Winterswijk<br>Eintrittspreis: 7,50 \u20ac f\u00fcr Mitglieder und 10 \u20ac f\u00fcr Nichtmitglieder (inkl. Kaffee).<\/p>\n\n\n\n<h2 class=\"wp-block-heading has-white-color has-color-4-background-color has-text-color has-background has-link-color wp-elements-fee21dafd63d41cd391166991d58b809\">Museumsradtour Sonntag, 17. Mai 2026<\/h2>\n\n\n\n<div class=\"wp-block-media-text is-stacked-on-mobile\"><figure class=\"wp-block-media-text__media\"><video controls src=\"https:\/\/museumfabriekwinterswijk.nl\/wp-content\/uploads\/2026\/04\/Fietstocht-Langs-Heilige-Huisjes-mei-klein.mp4\"><\/video><\/figure><div class=\"wp-block-media-text__content\">\n<p><strong>Treffpunkt: Parkplatz \u201eDe Tuunte\u201c der MuseumFabriek, Laan van Hilbelink 6, Winterswijk<br>Abfahrtszeit: 9:30 Uhr<br>Teilnahmegeb\u00fchr: 2,50 \u20ac (bitte passend in bar)<\/strong><\/p>\n\n\n\n<p><strong>Thema: Entlang der Heiligen H\u00e4uschen<\/strong><\/p>\n\n\n\n<p><em>Die Routen stammen aus dem Nachlass von Wim Scholtz und Wout Roelofsen<\/em><\/p>\n\n\n\n<p>Die Radtour ist etwa 30 km lang, f\u00fchrt \u00fcber gut befahrbare Wege und ist f\u00fcr ge\u00fcbte Radfahrer und E-Bikes geeignet. Etwa auf halber Strecke ist eine Kaffeepause geplant. Die Verpflegung geht auf eigene Kosten.<\/p>\n\n\n\n<p>Gl\u00fccklicherweise sehen wir bereits viele Teilnehmer, die einen Fahrradhelm tragen. Wenn Sie also einen Fahrradhelm haben, setzen Sie ihn bitte auch auf.<\/p>\n\n\n\n<p>Wir hoffen, Sie am 17. Mai begr\u00fc\u00dfen zu d\u00fcrfen.<\/p>\n<\/div><\/div>\n\n\n\n<hr class=\"wp-block-separator has-alpha-channel-opacity\"\/>\n","protected":false},"excerpt":{"rendered":"<p>Die Katastrophe mit der PhoenixVon Joske Meerdink16 April 2026 Auf der Suche nach der Geschichte hinter der Titanic der Region Achterhoek, einer spannenden Suche nach Spuren der Migration, famili\u00e4ren Bindungen und einem Schiff, das in Flammen aufging.Joske Meerdink hat ein Buch dar\u00fcber geschrieben. Es erscheint in K\u00fcrze. Es ist der 21. November 1847, Lake Michigan. [&hellip;]<\/p>\n","protected":false},"author":2,"featured_media":2634,"parent":0,"menu_order":0,"comment_status":"closed","ping_status":"closed","template":"","meta":{"_acf_changed":false,"footnotes":""},"class_list":["post-1814","page","type-page","status-publish","has-post-thumbnail","hentry"],"acf":[],"yoast_head":"<!-- This site is optimized with the Yoast SEO plugin v27.4 - https:\/\/yoast.com\/product\/yoast-seo-wordpress\/ -->\n<title>Vortr\u00e4ge, Film, Fahrradtour - MuseumFabriek Winterswijk<\/title>\n<meta name=\"description\" content=\"Der &quot;Vereniging het Museum in Winterswijk&quot; organisiert regelm\u00e4\u00dfig Filme, Vortr\u00e4ge und andere Aktivit\u00e4ten f\u00fcr Mitglieder und Nicht-Mitglieder.\" \/>\n<meta name=\"robots\" content=\"index, follow, max-snippet:-1, max-image-preview:large, max-video-preview:-1\" \/>\n<link rel=\"canonical\" href=\"https:\/\/museumfabriekwinterswijk.nl\/de\/vorlesungen-und-filme\/\" \/>\n<meta property=\"og:locale\" content=\"de_DE\" \/>\n<meta property=\"og:type\" content=\"article\" \/>\n<meta property=\"og:title\" content=\"Vortr\u00e4ge, Film, Fahrradtour - MuseumFabriek Winterswijk\" \/>\n<meta property=\"og:description\" content=\"Der &quot;Vereniging het Museum in Winterswijk&quot; organisiert regelm\u00e4\u00dfig Filme, Vortr\u00e4ge und andere Aktivit\u00e4ten f\u00fcr Mitglieder und Nicht-Mitglieder.\" \/>\n<meta property=\"og:url\" content=\"https:\/\/museumfabriekwinterswijk.nl\/de\/vorlesungen-und-filme\/\" \/>\n<meta property=\"og:site_name\" content=\"MuseumFabriek Winterswijk\" \/>\n<meta property=\"article:modified_time\" content=\"2026-04-05T08:34:28+00:00\" \/>\n<meta property=\"og:image\" content=\"https:\/\/museumfabriekwinterswijk.nl\/wp-content\/uploads\/2025\/07\/lezing-film-fietstocht.jpg\" \/>\n\t<meta property=\"og:image:width\" content=\"752\" \/>\n\t<meta property=\"og:image:height\" content=\"504\" \/>\n\t<meta property=\"og:image:type\" content=\"image\/jpeg\" \/>\n<meta name=\"twitter:card\" content=\"summary_large_image\" \/>\n<meta name=\"twitter:label1\" content=\"Gesch\u00e4tzte Lesezeit\" \/>\n\t<meta name=\"twitter:data1\" content=\"3\u00a0Minute\" \/>\n<script type=\"application\/ld+json\" class=\"yoast-schema-graph\">{\"@context\":\"https:\\\/\\\/schema.org\",\"@graph\":[{\"@type\":\"WebPage\",\"@id\":\"https:\\\/\\\/museumfabriekwinterswijk.nl\\\/de\\\/vorlesungen-und-filme\\\/\",\"url\":\"https:\\\/\\\/museumfabriekwinterswijk.nl\\\/de\\\/vorlesungen-und-filme\\\/\",\"name\":\"Vortr\u00e4ge, Film, Fahrradtour - MuseumFabriek Winterswijk\",\"isPartOf\":{\"@id\":\"https:\\\/\\\/museumfabriekwinterswijk.nl\\\/de\\\/#website\"},\"primaryImageOfPage\":{\"@id\":\"https:\\\/\\\/museumfabriekwinterswijk.nl\\\/de\\\/vorlesungen-und-filme\\\/#primaryimage\"},\"image\":{\"@id\":\"https:\\\/\\\/museumfabriekwinterswijk.nl\\\/de\\\/vorlesungen-und-filme\\\/#primaryimage\"},\"thumbnailUrl\":\"https:\\\/\\\/museumfabriekwinterswijk.nl\\\/wp-content\\\/uploads\\\/2025\\\/07\\\/lezing-film-fietstocht.jpg\",\"datePublished\":\"2025-01-17T09:00:29+00:00\",\"dateModified\":\"2026-04-05T08:34:28+00:00\",\"description\":\"Der \\\"Vereniging het Museum in Winterswijk\\\" organisiert regelm\u00e4\u00dfig Filme, Vortr\u00e4ge und andere Aktivit\u00e4ten f\u00fcr Mitglieder und Nicht-Mitglieder.\",\"breadcrumb\":{\"@id\":\"https:\\\/\\\/museumfabriekwinterswijk.nl\\\/de\\\/vorlesungen-und-filme\\\/#breadcrumb\"},\"inLanguage\":\"de\",\"potentialAction\":[{\"@type\":\"ReadAction\",\"target\":[\"https:\\\/\\\/museumfabriekwinterswijk.nl\\\/de\\\/vorlesungen-und-filme\\\/\"]}]},{\"@type\":\"ImageObject\",\"inLanguage\":\"de\",\"@id\":\"https:\\\/\\\/museumfabriekwinterswijk.nl\\\/de\\\/vorlesungen-und-filme\\\/#primaryimage\",\"url\":\"https:\\\/\\\/museumfabriekwinterswijk.nl\\\/wp-content\\\/uploads\\\/2025\\\/07\\\/lezing-film-fietstocht.jpg\",\"contentUrl\":\"https:\\\/\\\/museumfabriekwinterswijk.nl\\\/wp-content\\\/uploads\\\/2025\\\/07\\\/lezing-film-fietstocht.jpg\",\"width\":752,\"height\":504,\"caption\":\"lezing film of fietstocht MuseumFabriek Winterswijk\"},{\"@type\":\"BreadcrumbList\",\"@id\":\"https:\\\/\\\/museumfabriekwinterswijk.nl\\\/de\\\/vorlesungen-und-filme\\\/#breadcrumb\",\"itemListElement\":[{\"@type\":\"ListItem\",\"position\":1,\"name\":\"Home\",\"item\":\"https:\\\/\\\/museumfabriekwinterswijk.nl\\\/de\\\/\"},{\"@type\":\"ListItem\",\"position\":2,\"name\":\"Vortr\u00e4ge, Film, Fahrradtour\"}]},{\"@type\":\"WebSite\",\"@id\":\"https:\\\/\\\/museumfabriekwinterswijk.nl\\\/de\\\/#website\",\"url\":\"https:\\\/\\\/museumfabriekwinterswijk.nl\\\/de\\\/\",\"name\":\"MuseumFabriek Winterswijk\",\"description\":\"de schatkamer van Winterswijk\",\"publisher\":{\"@id\":\"https:\\\/\\\/museumfabriekwinterswijk.nl\\\/de\\\/#organization\"},\"potentialAction\":[{\"@type\":\"SearchAction\",\"target\":{\"@type\":\"EntryPoint\",\"urlTemplate\":\"https:\\\/\\\/museumfabriekwinterswijk.nl\\\/de\\\/?s={search_term_string}\"},\"query-input\":{\"@type\":\"PropertyValueSpecification\",\"valueRequired\":true,\"valueName\":\"search_term_string\"}}],\"inLanguage\":\"de\"},{\"@type\":\"Organization\",\"@id\":\"https:\\\/\\\/museumfabriekwinterswijk.nl\\\/de\\\/#organization\",\"name\":\"MuseumFabriek Winterswijk\",\"url\":\"https:\\\/\\\/museumfabriekwinterswijk.nl\\\/de\\\/\",\"logo\":{\"@type\":\"ImageObject\",\"inLanguage\":\"de\",\"@id\":\"https:\\\/\\\/museumfabriekwinterswijk.nl\\\/de\\\/#\\\/schema\\\/logo\\\/image\\\/\",\"url\":\"https:\\\/\\\/museumfabriekwinterswijk.nl\\\/wp-content\\\/uploads\\\/2024\\\/07\\\/cropped-logo-Museum-Fabriek.jpg\",\"contentUrl\":\"https:\\\/\\\/museumfabriekwinterswijk.nl\\\/wp-content\\\/uploads\\\/2024\\\/07\\\/cropped-logo-Museum-Fabriek.jpg\",\"width\":1059,\"height\":1059,\"caption\":\"MuseumFabriek Winterswijk\"},\"image\":{\"@id\":\"https:\\\/\\\/museumfabriekwinterswijk.nl\\\/de\\\/#\\\/schema\\\/logo\\\/image\\\/\"}}]}<\/script>\n<!-- \/ Yoast SEO plugin. -->","yoast_head_json":{"title":"Vortr\u00e4ge, Film, Fahrradtour - MuseumFabriek Winterswijk","description":"Der \"Vereniging het Museum in Winterswijk\" organisiert regelm\u00e4\u00dfig Filme, Vortr\u00e4ge und andere Aktivit\u00e4ten f\u00fcr Mitglieder und Nicht-Mitglieder.","robots":{"index":"index","follow":"follow","max-snippet":"max-snippet:-1","max-image-preview":"max-image-preview:large","max-video-preview":"max-video-preview:-1"},"canonical":"https:\/\/museumfabriekwinterswijk.nl\/de\/vorlesungen-und-filme\/","og_locale":"de_DE","og_type":"article","og_title":"Vortr\u00e4ge, Film, Fahrradtour - MuseumFabriek Winterswijk","og_description":"Der \"Vereniging het Museum in Winterswijk\" organisiert regelm\u00e4\u00dfig Filme, Vortr\u00e4ge und andere Aktivit\u00e4ten f\u00fcr Mitglieder und Nicht-Mitglieder.","og_url":"https:\/\/museumfabriekwinterswijk.nl\/de\/vorlesungen-und-filme\/","og_site_name":"MuseumFabriek Winterswijk","article_modified_time":"2026-04-05T08:34:28+00:00","og_image":[{"width":752,"height":504,"url":"https:\/\/museumfabriekwinterswijk.nl\/wp-content\/uploads\/2025\/07\/lezing-film-fietstocht.jpg","type":"image\/jpeg"}],"twitter_card":"summary_large_image","twitter_misc":{"Gesch\u00e4tzte Lesezeit":"3\u00a0Minute"},"schema":{"@context":"https:\/\/schema.org","@graph":[{"@type":"WebPage","@id":"https:\/\/museumfabriekwinterswijk.nl\/de\/vorlesungen-und-filme\/","url":"https:\/\/museumfabriekwinterswijk.nl\/de\/vorlesungen-und-filme\/","name":"Vortr\u00e4ge, Film, Fahrradtour - MuseumFabriek Winterswijk","isPartOf":{"@id":"https:\/\/museumfabriekwinterswijk.nl\/de\/#website"},"primaryImageOfPage":{"@id":"https:\/\/museumfabriekwinterswijk.nl\/de\/vorlesungen-und-filme\/#primaryimage"},"image":{"@id":"https:\/\/museumfabriekwinterswijk.nl\/de\/vorlesungen-und-filme\/#primaryimage"},"thumbnailUrl":"https:\/\/museumfabriekwinterswijk.nl\/wp-content\/uploads\/2025\/07\/lezing-film-fietstocht.jpg","datePublished":"2025-01-17T09:00:29+00:00","dateModified":"2026-04-05T08:34:28+00:00","description":"Der \"Vereniging het Museum in Winterswijk\" organisiert regelm\u00e4\u00dfig Filme, Vortr\u00e4ge und andere Aktivit\u00e4ten f\u00fcr Mitglieder und Nicht-Mitglieder.","breadcrumb":{"@id":"https:\/\/museumfabriekwinterswijk.nl\/de\/vorlesungen-und-filme\/#breadcrumb"},"inLanguage":"de","potentialAction":[{"@type":"ReadAction","target":["https:\/\/museumfabriekwinterswijk.nl\/de\/vorlesungen-und-filme\/"]}]},{"@type":"ImageObject","inLanguage":"de","@id":"https:\/\/museumfabriekwinterswijk.nl\/de\/vorlesungen-und-filme\/#primaryimage","url":"https:\/\/museumfabriekwinterswijk.nl\/wp-content\/uploads\/2025\/07\/lezing-film-fietstocht.jpg","contentUrl":"https:\/\/museumfabriekwinterswijk.nl\/wp-content\/uploads\/2025\/07\/lezing-film-fietstocht.jpg","width":752,"height":504,"caption":"lezing film of fietstocht MuseumFabriek Winterswijk"},{"@type":"BreadcrumbList","@id":"https:\/\/museumfabriekwinterswijk.nl\/de\/vorlesungen-und-filme\/#breadcrumb","itemListElement":[{"@type":"ListItem","position":1,"name":"Home","item":"https:\/\/museumfabriekwinterswijk.nl\/de\/"},{"@type":"ListItem","position":2,"name":"Vortr\u00e4ge, Film, Fahrradtour"}]},{"@type":"WebSite","@id":"https:\/\/museumfabriekwinterswijk.nl\/de\/#website","url":"https:\/\/museumfabriekwinterswijk.nl\/de\/","name":"MuseumFabriek Winterswijk","description":"de schatkamer van Winterswijk","publisher":{"@id":"https:\/\/museumfabriekwinterswijk.nl\/de\/#organization"},"potentialAction":[{"@type":"SearchAction","target":{"@type":"EntryPoint","urlTemplate":"https:\/\/museumfabriekwinterswijk.nl\/de\/?s={search_term_string}"},"query-input":{"@type":"PropertyValueSpecification","valueRequired":true,"valueName":"search_term_string"}}],"inLanguage":"de"},{"@type":"Organization","@id":"https:\/\/museumfabriekwinterswijk.nl\/de\/#organization","name":"MuseumFabriek Winterswijk","url":"https:\/\/museumfabriekwinterswijk.nl\/de\/","logo":{"@type":"ImageObject","inLanguage":"de","@id":"https:\/\/museumfabriekwinterswijk.nl\/de\/#\/schema\/logo\/image\/","url":"https:\/\/museumfabriekwinterswijk.nl\/wp-content\/uploads\/2024\/07\/cropped-logo-Museum-Fabriek.jpg","contentUrl":"https:\/\/museumfabriekwinterswijk.nl\/wp-content\/uploads\/2024\/07\/cropped-logo-Museum-Fabriek.jpg","width":1059,"height":1059,"caption":"MuseumFabriek Winterswijk"},"image":{"@id":"https:\/\/museumfabriekwinterswijk.nl\/de\/#\/schema\/logo\/image\/"}}]}},"_links":{"self":[{"href":"https:\/\/museumfabriekwinterswijk.nl\/de\/wp-json\/wp\/v2\/pages\/1814","targetHints":{"allow":["GET"]}}],"collection":[{"href":"https:\/\/museumfabriekwinterswijk.nl\/de\/wp-json\/wp\/v2\/pages"}],"about":[{"href":"https:\/\/museumfabriekwinterswijk.nl\/de\/wp-json\/wp\/v2\/types\/page"}],"author":[{"embeddable":true,"href":"https:\/\/museumfabriekwinterswijk.nl\/de\/wp-json\/wp\/v2\/users\/2"}],"replies":[{"embeddable":true,"href":"https:\/\/museumfabriekwinterswijk.nl\/de\/wp-json\/wp\/v2\/comments?post=1814"}],"version-history":[{"count":2,"href":"https:\/\/museumfabriekwinterswijk.nl\/de\/wp-json\/wp\/v2\/pages\/1814\/revisions"}],"predecessor-version":[{"id":3153,"href":"https:\/\/museumfabriekwinterswijk.nl\/de\/wp-json\/wp\/v2\/pages\/1814\/revisions\/3153"}],"wp:featuredmedia":[{"embeddable":true,"href":"https:\/\/museumfabriekwinterswijk.nl\/de\/wp-json\/wp\/v2\/media\/2634"}],"wp:attachment":[{"href":"https:\/\/museumfabriekwinterswijk.nl\/de\/wp-json\/wp\/v2\/media?parent=1814"}],"curies":[{"name":"wp","href":"https:\/\/api.w.org\/{rel}","templated":true}]}}