{"id":1829,"date":"2024-12-04T15:51:33","date_gmt":"2024-12-04T15:51:33","guid":{"rendered":"https:\/\/museumfabriekwinterswijk.nl\/ausstellungen\/textil\/"},"modified":"2025-02-05T14:57:38","modified_gmt":"2025-02-05T14:57:38","slug":"textil","status":"publish","type":"page","link":"https:\/\/museumfabriekwinterswijk.nl\/de\/ausstellungen\/textil\/","title":{"rendered":"Textil"},"content":{"rendered":"\n<div class=\"wp-block-columns is-layout-flex wp-container-core-columns-is-layout-9d6595d7 wp-block-columns-is-layout-flex\">\n<div class=\"wp-block-column is-layout-flow wp-block-column-is-layout-flow\">\n<blockquote class=\"wp-block-quote is-layout-flow wp-block-quote-is-layout-flow\">\n<h2 class=\"wp-block-heading has-black-color has-color-5-background-color has-text-color has-background has-link-color wp-elements-1166312be126455937cef33c8bd5a89a\"><strong>Textilindustrie: das Herz von Winterswijk<\/strong><\/h2>\n\n\n\n<p class=\"has-black-color has-text-color has-link-color wp-elements-8c675993f7711af6cdd980b670ffbddc\"><strong>Vom Handwerk zur Fabrik<\/strong><\/p>\n<\/blockquote>\n\n\n\n<p>Die Geschichte der Textilindustrie in Winterswijk reicht Jahrhunderte zur\u00fcck. Fr\u00fcher webten die Bauern ihr eigenes Leinen aus Flachs. Mit dem Aufkommen von Baumwolle, Wolle und synthetischen Garnen \u00e4nderte sich die Textilproduktion dramatisch.  <\/p>\n\n\n\n<p>Im 19. Jahrhundert entstanden in Winterswijk gro\u00dfe, von Dampfmaschinen angetriebene Fabriken. Ein bekannter Name ist die Trikotfabrik, in der elastische Trikotstoffe hergestellt wurden. Diese Stoffe waren sehr beliebt und wurden weltweit exportiert.  <\/p>\n\n\n\n<p class=\"has-text-align-left has-color-5-background-color has-background\"><strong><a href=\"https:\/\/nl.wikipedia.org\/wiki\/Textielindustrie_in_Winterswijk\" target=\"_blank\" rel=\"noreferrer noopener\">Eine bl\u00fchende Industrie<\/a><\/strong><\/p>\n\n\n\n<p class=\"has-text-align-left has-color-5-background-color has-background\">Die Textilindustrie bot Tausenden von Winterswijkern Arbeit. Sie hatte einen gro\u00dfen Einfluss auf das soziale Leben im Dorf. Es wurden Wohnungsbaugesellschaften gegr\u00fcndet, und es entstanden neue Gesellschaften und Vereine.  <\/p>\n\n\n\n<p><strong>Der Niedergang<\/strong><\/p>\n\n\n\n<p>Leider hielt der Boom nicht ewig an. Nach dem Zweiten Weltkrieg kam die Konkurrenz aus Niedriglohnl\u00e4ndern. Viele Textilunternehmen in Winterswijk mussten ihre T\u00fcren schlie\u00dfen.  <\/p>\n\n\n\n<p><strong>Die &#8222;<em>MuseumFabriek<\/em>&#8222;: eine Hommage an die textile Vergangenheit<\/strong><\/p>\n\n\n\n<p>In der &#8222;<em>MuseumFabriek<\/em>&#8220; lassen wir die Geschichte der Textilindustrie in Winterswijk lebendig werden. Entdecken Sie die faszinierende Welt des Webens, Strickens und Spinnens. <strong><a href=\"https:\/\/museumfabriekwinterswijk.nl\/de\/ihren-besuch-planen\/\" target=\"_blank\" rel=\"noreferrer noopener\">Zu bestimmten Zeiten<\/a><\/strong> k\u00f6nnen Sie mit eigenen Augen sehen, wie diese alten Maschinen in Betrieb genommen werden.<\/p>\n\n\n\n<p class=\"has-color-5-background-color has-background\"><strong>Besuchen Sie uns und erleben Sie es selbst!<\/strong><\/p>\n\n\n\n<p class=\"has-color-5-background-color has-background\">Sind Sie neugierig auf die textile Vergangenheit Winterswijks? Dann besuchen Sie die &#8222;<em>MuseumFabriek<\/em>&#8222;. Unsere F\u00fchrer erz\u00e4hlen Ihnen gerne alles \u00fcber die Geschichte der Textilindustrie und die speziellen Maschinen.<\/p>\n\n\n<figure class=\"wp-block-post-featured-image\"><img loading=\"lazy\" decoding=\"async\" width=\"473\" height=\"574\" src=\"https:\/\/museumfabriekwinterswijk.nl\/wp-content\/uploads\/2024\/12\/textiel-3.jpg\" class=\"attachment-post-thumbnail size-post-thumbnail wp-post-image\" alt=\"weverij\" style=\"object-fit:cover;\" srcset=\"https:\/\/museumfabriekwinterswijk.nl\/wp-content\/uploads\/2024\/12\/textiel-3.jpg 473w, https:\/\/museumfabriekwinterswijk.nl\/wp-content\/uploads\/2024\/12\/textiel-3-300x364.jpg 300w, https:\/\/museumfabriekwinterswijk.nl\/wp-content\/uploads\/2024\/12\/textiel-3-64x78.jpg 64w, https:\/\/museumfabriekwinterswijk.nl\/wp-content\/uploads\/2024\/12\/textiel-3-247x300.jpg 247w\" sizes=\"auto, (max-width: 473px) 100vw, 473px\" \/><\/figure>\n\n\n<div style=\"height:100px\" aria-hidden=\"true\" class=\"wp-block-spacer\"><\/div>\n<\/div>\n\n\n\n<div class=\"wp-block-column is-layout-flow wp-block-column-is-layout-flow\">\n<figure class=\"wp-block-gallery has-nested-images columns-default is-cropped wp-block-gallery-1 is-layout-flex wp-block-gallery-is-layout-flex\">\n<figure class=\"wp-block-image size-medium\"><a href=\"https:\/\/museumfabriekwinterswijk.nl\/wp-content\/uploads\/2024\/12\/youtube.jpg\" data-rel=\"lightbox-gallery-P8RRcXDk\" data-rl_title=\"\" data-rl_caption=\"\" title=\"\"><img loading=\"lazy\" decoding=\"async\" width=\"300\" height=\"169\" data-id=\"1228\" src=\"https:\/\/museumfabriekwinterswijk.nl\/wp-content\/uploads\/2024\/12\/youtube-300x169.jpg\" alt=\"Textilweberei Winterswijk\" class=\"wp-image-1228\" srcset=\"https:\/\/museumfabriekwinterswijk.nl\/wp-content\/uploads\/2024\/12\/youtube-300x169.jpg 300w, https:\/\/museumfabriekwinterswijk.nl\/wp-content\/uploads\/2024\/12\/youtube-600x338.jpg 600w, https:\/\/museumfabriekwinterswijk.nl\/wp-content\/uploads\/2024\/12\/youtube-64x36.jpg 64w, https:\/\/museumfabriekwinterswijk.nl\/wp-content\/uploads\/2024\/12\/youtube-1024x576.jpg 1024w, https:\/\/museumfabriekwinterswijk.nl\/wp-content\/uploads\/2024\/12\/youtube-768x432.jpg 768w, https:\/\/museumfabriekwinterswijk.nl\/wp-content\/uploads\/2024\/12\/youtube-1536x864.jpg 1536w, https:\/\/museumfabriekwinterswijk.nl\/wp-content\/uploads\/2024\/12\/youtube.jpg 2048w\" sizes=\"auto, (max-width: 300px) 100vw, 300px\" \/><\/a><\/figure>\n<\/figure>\n\n\n\n<div class=\"wp-block-group has-white-color has-color-1-background-color has-text-color has-background has-link-color wp-elements-1352abd32497d57f0cdc0bd1f75f444e\"><div class=\"wp-block-group__inner-container is-layout-constrained wp-block-group-is-layout-constrained\">\n<p>Wussten Sie, dass&#8230; der Zustrom von Arbeitern in der Textilindustrie zur Gr\u00fcndung von Wohnungsbaugesellschaften in Winterswijk f\u00fchrte? Jeder Arbeiter erhielt eine Wohnung.  <\/p>\n<\/div><\/div>\n\n\n\n<figure class=\"wp-block-video\"><video controls src=\"https:\/\/museumfabriekwinterswijk.nl\/wp-content\/uploads\/2024\/12\/textiel-laag-1.mp4\"><\/video><\/figure>\n\n\n\n<figure class=\"wp-block-image size-large\"><img loading=\"lazy\" decoding=\"async\" width=\"1024\" height=\"771\" src=\"https:\/\/museumfabriekwinterswijk.nl\/wp-content\/uploads\/2024\/12\/1000042909-1024x771.jpg\" alt=\"\" class=\"wp-image-1215\" srcset=\"https:\/\/museumfabriekwinterswijk.nl\/wp-content\/uploads\/2024\/12\/1000042909-1024x771.jpg 1024w, https:\/\/museumfabriekwinterswijk.nl\/wp-content\/uploads\/2024\/12\/1000042909-300x226.jpg 300w, https:\/\/museumfabriekwinterswijk.nl\/wp-content\/uploads\/2024\/12\/1000042909-scaled-600x452.jpg 600w, https:\/\/museumfabriekwinterswijk.nl\/wp-content\/uploads\/2024\/12\/1000042909-scaled-64x48.jpg 64w, https:\/\/museumfabriekwinterswijk.nl\/wp-content\/uploads\/2024\/12\/1000042909-768x579.jpg 768w, https:\/\/museumfabriekwinterswijk.nl\/wp-content\/uploads\/2024\/12\/1000042909-1536x1157.jpg 1536w, https:\/\/museumfabriekwinterswijk.nl\/wp-content\/uploads\/2024\/12\/1000042909-2048x1543.jpg 2048w\" sizes=\"auto, (max-width: 1024px) 100vw, 1024px\" \/><\/figure>\n\n\n\n<figure class=\"wp-block-image size-large\"><img loading=\"lazy\" decoding=\"async\" width=\"1024\" height=\"751\" src=\"https:\/\/museumfabriekwinterswijk.nl\/wp-content\/uploads\/2024\/12\/textiel6-1024x751.jpg\" alt=\"Webstuhl MuseumFabriek Winterswijk\" class=\"wp-image-1232\" srcset=\"https:\/\/museumfabriekwinterswijk.nl\/wp-content\/uploads\/2024\/12\/textiel6-1024x751.jpg 1024w, https:\/\/museumfabriekwinterswijk.nl\/wp-content\/uploads\/2024\/12\/textiel6-300x220.jpg 300w, https:\/\/museumfabriekwinterswijk.nl\/wp-content\/uploads\/2024\/12\/textiel6-600x440.jpg 600w, https:\/\/museumfabriekwinterswijk.nl\/wp-content\/uploads\/2024\/12\/textiel6-64x47.jpg 64w, https:\/\/museumfabriekwinterswijk.nl\/wp-content\/uploads\/2024\/12\/textiel6-768x563.jpg 768w, https:\/\/museumfabriekwinterswijk.nl\/wp-content\/uploads\/2024\/12\/textiel6.jpg 1200w\" sizes=\"auto, (max-width: 1024px) 100vw, 1024px\" \/><\/figure>\n<\/div>\n<\/div>\n","protected":false},"excerpt":{"rendered":"<p>Textilindustrie: das Herz von Winterswijk Vom Handwerk zur Fabrik Die Geschichte der Textilindustrie in Winterswijk reicht Jahrhunderte zur\u00fcck. Fr\u00fcher webten die Bauern ihr eigenes Leinen aus Flachs. Mit dem Aufkommen von Baumwolle, Wolle und synthetischen Garnen \u00e4nderte sich die Textilproduktion dramatisch. Im 19. Jahrhundert entstanden in Winterswijk gro\u00dfe, von Dampfmaschinen angetriebene Fabriken. Ein bekannter Name [&hellip;]<\/p>\n","protected":false},"author":2,"featured_media":1224,"parent":1766,"menu_order":0,"comment_status":"closed","ping_status":"closed","template":"","meta":{"_acf_changed":false,"footnotes":""},"class_list":["post-1829","page","type-page","status-publish","has-post-thumbnail","hentry"],"acf":[],"yoast_head":"<!-- This site is optimized with the Yoast SEO plugin v27.6 - https:\/\/yoast.com\/product\/yoast-seo-wordpress\/ -->\n<title>Textil - MuseumFabriek Winterswijk<\/title>\n<meta name=\"description\" content=\"Textilindustrie: das Herz von Winterswijk. Im 19. Jahrhundert entstanden in Winterswijk gro\u00dfe, von Dampfmaschinen angetriebene Fabriken.\" \/>\n<meta name=\"robots\" content=\"index, follow, max-snippet:-1, max-image-preview:large, max-video-preview:-1\" \/>\n<link rel=\"canonical\" href=\"https:\/\/museumfabriekwinterswijk.nl\/de\/ausstellungen\/textil\/\" \/>\n<meta property=\"og:locale\" content=\"de_DE\" \/>\n<meta property=\"og:type\" content=\"article\" \/>\n<meta property=\"og:title\" content=\"Textil - MuseumFabriek Winterswijk\" \/>\n<meta property=\"og:description\" content=\"Textilindustrie: das Herz von Winterswijk. Im 19. Jahrhundert entstanden in Winterswijk gro\u00dfe, von Dampfmaschinen angetriebene Fabriken.\" \/>\n<meta property=\"og:url\" content=\"https:\/\/museumfabriekwinterswijk.nl\/de\/ausstellungen\/textil\/\" \/>\n<meta property=\"og:site_name\" content=\"MuseumFabriek Winterswijk\" \/>\n<meta property=\"article:modified_time\" content=\"2025-02-05T14:57:38+00:00\" \/>\n<meta property=\"og:image\" content=\"https:\/\/museumfabriekwinterswijk.nl\/wp-content\/uploads\/2024\/12\/textiel-3.jpg\" \/>\n\t<meta property=\"og:image:width\" content=\"473\" \/>\n\t<meta property=\"og:image:height\" content=\"574\" \/>\n\t<meta property=\"og:image:type\" content=\"image\/jpeg\" \/>\n<meta name=\"twitter:card\" content=\"summary_large_image\" \/>\n<meta name=\"twitter:label1\" content=\"Gesch\u00e4tzte Lesezeit\" \/>\n\t<meta name=\"twitter:data1\" content=\"2\u00a0Minute\" \/>\n<script type=\"application\/ld+json\" class=\"yoast-schema-graph\">{\"@context\":\"https:\\\/\\\/schema.org\",\"@graph\":[{\"@type\":\"WebPage\",\"@id\":\"https:\\\/\\\/museumfabriekwinterswijk.nl\\\/de\\\/ausstellungen\\\/textil\\\/\",\"url\":\"https:\\\/\\\/museumfabriekwinterswijk.nl\\\/de\\\/ausstellungen\\\/textil\\\/\",\"name\":\"Textil - MuseumFabriek Winterswijk\",\"isPartOf\":{\"@id\":\"https:\\\/\\\/museumfabriekwinterswijk.nl\\\/de\\\/#website\"},\"primaryImageOfPage\":{\"@id\":\"https:\\\/\\\/museumfabriekwinterswijk.nl\\\/de\\\/ausstellungen\\\/textil\\\/#primaryimage\"},\"image\":{\"@id\":\"https:\\\/\\\/museumfabriekwinterswijk.nl\\\/de\\\/ausstellungen\\\/textil\\\/#primaryimage\"},\"thumbnailUrl\":\"https:\\\/\\\/museumfabriekwinterswijk.nl\\\/wp-content\\\/uploads\\\/2024\\\/12\\\/textiel-3.jpg\",\"datePublished\":\"2024-12-04T15:51:33+00:00\",\"dateModified\":\"2025-02-05T14:57:38+00:00\",\"description\":\"Textilindustrie: das Herz von Winterswijk. Im 19. Jahrhundert entstanden in Winterswijk gro\u00dfe, von Dampfmaschinen angetriebene Fabriken.\",\"breadcrumb\":{\"@id\":\"https:\\\/\\\/museumfabriekwinterswijk.nl\\\/de\\\/ausstellungen\\\/textil\\\/#breadcrumb\"},\"inLanguage\":\"de\",\"potentialAction\":[{\"@type\":\"ReadAction\",\"target\":[\"https:\\\/\\\/museumfabriekwinterswijk.nl\\\/de\\\/ausstellungen\\\/textil\\\/\"]}]},{\"@type\":\"ImageObject\",\"inLanguage\":\"de\",\"@id\":\"https:\\\/\\\/museumfabriekwinterswijk.nl\\\/de\\\/ausstellungen\\\/textil\\\/#primaryimage\",\"url\":\"https:\\\/\\\/museumfabriekwinterswijk.nl\\\/wp-content\\\/uploads\\\/2024\\\/12\\\/textiel-3.jpg\",\"contentUrl\":\"https:\\\/\\\/museumfabriekwinterswijk.nl\\\/wp-content\\\/uploads\\\/2024\\\/12\\\/textiel-3.jpg\",\"width\":473,\"height\":574,\"caption\":\"weverij\"},{\"@type\":\"BreadcrumbList\",\"@id\":\"https:\\\/\\\/museumfabriekwinterswijk.nl\\\/de\\\/ausstellungen\\\/textil\\\/#breadcrumb\",\"itemListElement\":[{\"@type\":\"ListItem\",\"position\":1,\"name\":\"Home\",\"item\":\"https:\\\/\\\/museumfabriekwinterswijk.nl\\\/de\\\/\"},{\"@type\":\"ListItem\",\"position\":2,\"name\":\"Ausstellungen\",\"item\":\"https:\\\/\\\/museumfabriekwinterswijk.nl\\\/de\\\/ausstellungen\\\/\"},{\"@type\":\"ListItem\",\"position\":3,\"name\":\"Textil\"}]},{\"@type\":\"WebSite\",\"@id\":\"https:\\\/\\\/museumfabriekwinterswijk.nl\\\/de\\\/#website\",\"url\":\"https:\\\/\\\/museumfabriekwinterswijk.nl\\\/de\\\/\",\"name\":\"MuseumFabriek Winterswijk\",\"description\":\"de schatkamer van Winterswijk\",\"publisher\":{\"@id\":\"https:\\\/\\\/museumfabriekwinterswijk.nl\\\/de\\\/#organization\"},\"potentialAction\":[{\"@type\":\"SearchAction\",\"target\":{\"@type\":\"EntryPoint\",\"urlTemplate\":\"https:\\\/\\\/museumfabriekwinterswijk.nl\\\/de\\\/?s={search_term_string}\"},\"query-input\":{\"@type\":\"PropertyValueSpecification\",\"valueRequired\":true,\"valueName\":\"search_term_string\"}}],\"inLanguage\":\"de\"},{\"@type\":\"Organization\",\"@id\":\"https:\\\/\\\/museumfabriekwinterswijk.nl\\\/de\\\/#organization\",\"name\":\"MuseumFabriek Winterswijk\",\"url\":\"https:\\\/\\\/museumfabriekwinterswijk.nl\\\/de\\\/\",\"logo\":{\"@type\":\"ImageObject\",\"inLanguage\":\"de\",\"@id\":\"https:\\\/\\\/museumfabriekwinterswijk.nl\\\/de\\\/#\\\/schema\\\/logo\\\/image\\\/\",\"url\":\"https:\\\/\\\/museumfabriekwinterswijk.nl\\\/wp-content\\\/uploads\\\/2024\\\/07\\\/cropped-logo-Museum-Fabriek.jpg\",\"contentUrl\":\"https:\\\/\\\/museumfabriekwinterswijk.nl\\\/wp-content\\\/uploads\\\/2024\\\/07\\\/cropped-logo-Museum-Fabriek.jpg\",\"width\":1059,\"height\":1059,\"caption\":\"MuseumFabriek Winterswijk\"},\"image\":{\"@id\":\"https:\\\/\\\/museumfabriekwinterswijk.nl\\\/de\\\/#\\\/schema\\\/logo\\\/image\\\/\"}}]}<\/script>\n<!-- \/ Yoast SEO plugin. -->","yoast_head_json":{"title":"Textil - MuseumFabriek Winterswijk","description":"Textilindustrie: das Herz von Winterswijk. Im 19. Jahrhundert entstanden in Winterswijk gro\u00dfe, von Dampfmaschinen angetriebene Fabriken.","robots":{"index":"index","follow":"follow","max-snippet":"max-snippet:-1","max-image-preview":"max-image-preview:large","max-video-preview":"max-video-preview:-1"},"canonical":"https:\/\/museumfabriekwinterswijk.nl\/de\/ausstellungen\/textil\/","og_locale":"de_DE","og_type":"article","og_title":"Textil - MuseumFabriek Winterswijk","og_description":"Textilindustrie: das Herz von Winterswijk. Im 19. Jahrhundert entstanden in Winterswijk gro\u00dfe, von Dampfmaschinen angetriebene Fabriken.","og_url":"https:\/\/museumfabriekwinterswijk.nl\/de\/ausstellungen\/textil\/","og_site_name":"MuseumFabriek Winterswijk","article_modified_time":"2025-02-05T14:57:38+00:00","og_image":[{"width":473,"height":574,"url":"https:\/\/museumfabriekwinterswijk.nl\/wp-content\/uploads\/2024\/12\/textiel-3.jpg","type":"image\/jpeg"}],"twitter_card":"summary_large_image","twitter_misc":{"Gesch\u00e4tzte Lesezeit":"2\u00a0Minute"},"schema":{"@context":"https:\/\/schema.org","@graph":[{"@type":"WebPage","@id":"https:\/\/museumfabriekwinterswijk.nl\/de\/ausstellungen\/textil\/","url":"https:\/\/museumfabriekwinterswijk.nl\/de\/ausstellungen\/textil\/","name":"Textil - MuseumFabriek Winterswijk","isPartOf":{"@id":"https:\/\/museumfabriekwinterswijk.nl\/de\/#website"},"primaryImageOfPage":{"@id":"https:\/\/museumfabriekwinterswijk.nl\/de\/ausstellungen\/textil\/#primaryimage"},"image":{"@id":"https:\/\/museumfabriekwinterswijk.nl\/de\/ausstellungen\/textil\/#primaryimage"},"thumbnailUrl":"https:\/\/museumfabriekwinterswijk.nl\/wp-content\/uploads\/2024\/12\/textiel-3.jpg","datePublished":"2024-12-04T15:51:33+00:00","dateModified":"2025-02-05T14:57:38+00:00","description":"Textilindustrie: das Herz von Winterswijk. Im 19. Jahrhundert entstanden in Winterswijk gro\u00dfe, von Dampfmaschinen angetriebene Fabriken.","breadcrumb":{"@id":"https:\/\/museumfabriekwinterswijk.nl\/de\/ausstellungen\/textil\/#breadcrumb"},"inLanguage":"de","potentialAction":[{"@type":"ReadAction","target":["https:\/\/museumfabriekwinterswijk.nl\/de\/ausstellungen\/textil\/"]}]},{"@type":"ImageObject","inLanguage":"de","@id":"https:\/\/museumfabriekwinterswijk.nl\/de\/ausstellungen\/textil\/#primaryimage","url":"https:\/\/museumfabriekwinterswijk.nl\/wp-content\/uploads\/2024\/12\/textiel-3.jpg","contentUrl":"https:\/\/museumfabriekwinterswijk.nl\/wp-content\/uploads\/2024\/12\/textiel-3.jpg","width":473,"height":574,"caption":"weverij"},{"@type":"BreadcrumbList","@id":"https:\/\/museumfabriekwinterswijk.nl\/de\/ausstellungen\/textil\/#breadcrumb","itemListElement":[{"@type":"ListItem","position":1,"name":"Home","item":"https:\/\/museumfabriekwinterswijk.nl\/de\/"},{"@type":"ListItem","position":2,"name":"Ausstellungen","item":"https:\/\/museumfabriekwinterswijk.nl\/de\/ausstellungen\/"},{"@type":"ListItem","position":3,"name":"Textil"}]},{"@type":"WebSite","@id":"https:\/\/museumfabriekwinterswijk.nl\/de\/#website","url":"https:\/\/museumfabriekwinterswijk.nl\/de\/","name":"MuseumFabriek Winterswijk","description":"de schatkamer van Winterswijk","publisher":{"@id":"https:\/\/museumfabriekwinterswijk.nl\/de\/#organization"},"potentialAction":[{"@type":"SearchAction","target":{"@type":"EntryPoint","urlTemplate":"https:\/\/museumfabriekwinterswijk.nl\/de\/?s={search_term_string}"},"query-input":{"@type":"PropertyValueSpecification","valueRequired":true,"valueName":"search_term_string"}}],"inLanguage":"de"},{"@type":"Organization","@id":"https:\/\/museumfabriekwinterswijk.nl\/de\/#organization","name":"MuseumFabriek Winterswijk","url":"https:\/\/museumfabriekwinterswijk.nl\/de\/","logo":{"@type":"ImageObject","inLanguage":"de","@id":"https:\/\/museumfabriekwinterswijk.nl\/de\/#\/schema\/logo\/image\/","url":"https:\/\/museumfabriekwinterswijk.nl\/wp-content\/uploads\/2024\/07\/cropped-logo-Museum-Fabriek.jpg","contentUrl":"https:\/\/museumfabriekwinterswijk.nl\/wp-content\/uploads\/2024\/07\/cropped-logo-Museum-Fabriek.jpg","width":1059,"height":1059,"caption":"MuseumFabriek Winterswijk"},"image":{"@id":"https:\/\/museumfabriekwinterswijk.nl\/de\/#\/schema\/logo\/image\/"}}]}},"_links":{"self":[{"href":"https:\/\/museumfabriekwinterswijk.nl\/de\/wp-json\/wp\/v2\/pages\/1829","targetHints":{"allow":["GET"]}}],"collection":[{"href":"https:\/\/museumfabriekwinterswijk.nl\/de\/wp-json\/wp\/v2\/pages"}],"about":[{"href":"https:\/\/museumfabriekwinterswijk.nl\/de\/wp-json\/wp\/v2\/types\/page"}],"author":[{"embeddable":true,"href":"https:\/\/museumfabriekwinterswijk.nl\/de\/wp-json\/wp\/v2\/users\/2"}],"replies":[{"embeddable":true,"href":"https:\/\/museumfabriekwinterswijk.nl\/de\/wp-json\/wp\/v2\/comments?post=1829"}],"version-history":[{"count":2,"href":"https:\/\/museumfabriekwinterswijk.nl\/de\/wp-json\/wp\/v2\/pages\/1829\/revisions"}],"predecessor-version":[{"id":1968,"href":"https:\/\/museumfabriekwinterswijk.nl\/de\/wp-json\/wp\/v2\/pages\/1829\/revisions\/1968"}],"up":[{"embeddable":true,"href":"https:\/\/museumfabriekwinterswijk.nl\/de\/wp-json\/wp\/v2\/pages\/1766"}],"wp:featuredmedia":[{"embeddable":true,"href":"https:\/\/museumfabriekwinterswijk.nl\/de\/wp-json\/wp\/v2\/media\/1224"}],"wp:attachment":[{"href":"https:\/\/museumfabriekwinterswijk.nl\/de\/wp-json\/wp\/v2\/media?parent=1829"}],"curies":[{"name":"wp","href":"https:\/\/api.w.org\/{rel}","templated":true}]}}