{"id":1831,"date":"2024-07-30T10:02:43","date_gmt":"2024-07-30T10:02:43","guid":{"rendered":"https:\/\/museumfabriekwinterswijk.nl\/ihren-besuch-planen\/"},"modified":"2026-04-15T08:37:00","modified_gmt":"2026-04-15T08:37:00","slug":"ihren-besuch-planen","status":"publish","type":"page","link":"https:\/\/museumfabriekwinterswijk.nl\/de\/ihren-besuch-planen\/","title":{"rendered":"Planen Sie Ihren Besuch"},"content":{"rendered":"<\/section>\r\n\r\n<section class=\"u-clearfix u-section-header1 check u-palette-1-base\" id=\"section-block_a03414b674655ca05f03a822629c322a\">\r\n  <div class=\"u-clearfix u-sheet u-valign-top-lg u-valign-top-md u-valign-top-xl u-valign-top-xxl u-sheet-1\">\r\n    <div class=\"custom-expanded data-layout-selected shadow u-clearfix u-expanded-width-lg u-expanded-width-xl u-expanded-width-xxl u-gutter-0 u-layout-wrap u-layout-wrap-1\">\r\n      <div class=\"u-layout\">\r\n        <div class=\"u-layout-row\">\r\n          <div class=\"u-container-style u-layout-cell u-size-24-xl u-size-24-xxl u-size-25-lg u-size-60-md u-size-60-sm u-size-60-xs u-layout-cell-1 order-2\">\r\n            <div class=\"u-container-layout u-container-layout-1\">\r\n              <div class=\"u-container-style u-expanded-width u-group u-group-1\">\r\n                <div class=\"u-container-layout u-valign-middle u-container-layout-2\">\r\n                  <h2 class='u-text u-text-default u-text-1 has-large-font-size'>Planen Sie Ihren Besuch<\/h2>                  <div class=\"u-text u-text-default u-text-2\"><p>In der &#8222;MuseumFabriek&#8220; ist jeder willkommen. Erleben Sie die Atmosph\u00e4re einer alten Textilfabrik und lassen Sie sich auf eine Reise durch die Geschichte Winterswijks mitnehmen. <\/p>\n<p>Das Museum ist f\u00fcr Rollstuhlfahrer geeignet.<\/p>\n<\/div>\r\n                  <div class=\"buttons\">\r\n                                    <a class=\"u-btn u-button-style u-palette-3-base\" href=\"https:\/\/museumfabriekwinterswijk.nl\/contact-route\/\" target=\"\">\r\n                Kontakt und Anfahrt            <\/a>\r\n            <\/div>                <\/div>\r\n              <\/div>\r\n            <\/div>\r\n          <\/div>\r\n          <div class=\"u-container-style u-image u-layout-cell u-size-35-lg u-size-36-xl u-size-36-xxl u-size-60-md u-size-60-sm u-size-60-xs u-image-1 order-1\" data-image-width=\"2100\" data-image-height=\"1400\" style=\"background-image: url('https:\/\/museumfabriekwinterswijk.nl\/wp-content\/uploads\/2024\/07\/Schermafbeelding2024-05-31132851.jpg');\">\r\n            <div class=\"u-container-layout u-valign-bottom-lg u-valign-bottom-md u-valign-bottom-xs u-container-layout-3\"><\/div>\r\n          <\/div>\r\n        <\/div>\r\n      <\/div>\r\n    <\/div>\r\n  <\/div>\r\n<\/section>\r\n\r\n\r\n<section class=\"u-sheet\">\n\n\n<div style=\"height:2rem\" aria-hidden=\"true\" class=\"wp-block-spacer\"><\/div>\n\n\n\n<div class=\"wp-block-columns is-layout-flex wp-container-core-columns-is-layout-9d6595d7 wp-block-columns-is-layout-flex\">\n<div class=\"wp-block-column is-layout-flow wp-block-column-is-layout-flow\">\n<h2 class=\"wp-block-heading\" id=\"openingstijden\"><a href=\"#openingstijden\">\u00d6ffnungszeiten<\/a><\/h2>\n\n\n\n<figure class=\"wp-block-table\"><table class=\"has-fixed-layout\"><tbody><tr><td>Montag<\/td><td>geschlossen<\/td><\/tr><tr><td>Dienstag<\/td><td>13.00-17.00<\/td><\/tr><tr><td>Mittwoch<\/td><td>13.00-17.00<\/td><\/tr><tr><td>Donnerstag<\/td><td>13.00-17.00<\/td><\/tr><tr><td>Freitag<\/td><td>13.00-17.00<\/td><\/tr><tr><td>Samstag<\/td><td>11.00-17.00 uhr <br>(Ankunft bis 16.00 uhr)<\/td><\/tr><tr><td>Sonntag<\/td><td>Geschlossen<\/td><\/tr><\/tbody><\/table><\/figure>\n\n\n\n<h3 class=\"wp-block-heading\">Besondere Daten<\/h3>\n\n\n\n<p>Christi Himmelfahrt, 14. Mai: <strong>12:00<\/strong>-17:00<br>28 und 29 August: -geschlossen<br>25 und 26 Dezember -geschlossen<br>31 Dezember und 1 Januar -geschlossen<br><\/p>\n<\/div>\n\n\n\n<div class=\"wp-block-column is-layout-flow wp-block-column-is-layout-flow\">\n<div style=\"height:3rem\" aria-hidden=\"true\" class=\"wp-block-spacer\"><\/div>\n\n\n\n<div class=\"wp-block-group\"><div class=\"wp-block-group__inner-container is-layout-constrained wp-block-group-is-layout-constrained\">\n<h3 class=\"wp-block-heading\">Demonstrationen<\/h3>\n\n\n\n<div style=\"height:16px\" aria-hidden=\"true\" class=\"wp-block-spacer\"><\/div>\n\n\n\n<div class=\"wp-block-group has-color-5-background-color has-background\"><div class=\"wp-block-group__inner-container is-layout-constrained wp-block-group-is-layout-constrained\">\n<p><strong>Webstuhl-Demonstrationen<\/strong><br>Dienstag bis Samstag von 13.00 bis 16.00 Uhr.<\/p>\n<\/div><\/div>\n\n\n\n<div class=\"wp-block-group has-color-5-background-color has-background\"><div class=\"wp-block-group__inner-container is-layout-constrained wp-block-group-is-layout-constrained\">\n<p><strong>Gef\u00fchrte Besichtigung<\/strong><br>Dienstag bis Freitag von 13.00 bis 16.00 Uhr und Samstag von 11.00 bis 16.00 Uhr.<br>Sonderf\u00fchrungen <a href=\"https:\/\/museumfabriekwinterswijk.nl\/contact-route\/contact\">auf Anfrage.<\/a><\/p>\n<\/div><\/div>\n<\/div><\/div>\n\n\n\n<h3 class=\"wp-block-heading\">Gruppen<\/h3>\n\n\n\n<p>Sie m\u00f6chten mit einer Gruppe kommen? <br>F\u00fcr Schulen bieten wir p\u00e4dagogische F\u00fchrungen an. Bitte <a data-type=\"page\" data-id=\"28\" href=\"https:\/\/museumfabriekwinterswijk.nl\/de\/contact-route\/\">kontaktieren<\/a> Sie uns f\u00fcr die M\u00f6glichkeiten. <\/p>\n<\/div>\n<\/div>\n\n\n\n<hr class=\"wp-block-separator has-alpha-channel-opacity is-style-default\"\/>\n\n\n\n<div class=\"wp-block-columns is-layout-flex wp-container-core-columns-is-layout-9d6595d7 wp-block-columns-is-layout-flex\">\n<div class=\"wp-block-column is-layout-flow wp-block-column-is-layout-flow\">\n<h2 class=\"wp-block-heading\" id=\"prijzen\">Eintrittspreise<\/h2>\n\n\n\n<p>Karten sind an der Museumskasse erh\u00e4ltlich.<\/p>\n\n\n\n<figure class=\"wp-block-table is-style-regular\"><table class=\"has-fixed-layout\"><tbody><tr><td>Erwachsene<\/td><td>\u20ac 7,50<\/td><\/tr><tr><td>Kinder 0 &#8211; 5 Jahr<\/td><td>gratis<\/td><\/tr><tr><td>Kinder 6 -12 Jahr<\/td><td>\u20ac3,50<\/td><\/tr><tr><td>Kinder von 13 bis 18 Jahren<br>Alle <em>Kinder bis zu 18 Jahren nur in Begleitung eines Erwachsenen<\/em><\/td><td>\u20ac6,00<\/td><\/tr><tr><td>Mitglieder der Holl\u00e4ndische Museumskarte<\/td><td>Kostenlos, gegen Vorlage der Museumskarte<\/td><\/tr><tr><td>Mitglieder &#8222;Verein Das Museum Winterswijk&#8220;<\/td><td>Gratis<\/td><\/tr><tr><td>F\u00fcr Gruppen:<\/td><td>Tarif auf Anfrage<\/td><\/tr><tr><td>Besuch im Lager<\/td><td>Tarif auf Anfrage<\/td><\/tr><tr><td>Besuch bei HIP<\/td><td>\u20ac3,75<br>Mitglieder und Museumskarteninhaber gratis<\/td><\/tr><\/tbody><\/table><\/figure>\n<\/div>\n\n\n\n<div class=\"wp-block-column is-layout-flow wp-block-column-is-layout-flow\">\n<h2 class=\"wp-block-heading\">Tasse Kaffee oder Tee<\/h2>\n\n\n\n<p>Willkommen in unserem gem\u00fctlichen Laden, wo Sie bei einer leckeren Tasse Kaffee oder Tee in unserer Sammlung von B\u00fcchern \u00fcber die Geschichte von Winterswijk st\u00f6bern k\u00f6nnen. Sie k\u00f6nnen auch ein sch\u00f6nes Handtuch oder Geschirrtuch als Souvenir kaufen, das auf einem der Webst\u00fchle in unserem Museum hergestellt wurde.<\/p>\n\n\n\n<figure class=\"wp-block-image size-large\"><img loading=\"lazy\" decoding=\"async\" width=\"1024\" height=\"683\" src=\"https:\/\/museumfabriekwinterswijk.nl\/wp-content\/uploads\/2025\/02\/kopje-koffie-1024x683.jpg\" alt=\"\" class=\"wp-image-2024\" srcset=\"https:\/\/museumfabriekwinterswijk.nl\/wp-content\/uploads\/2025\/02\/kopje-koffie-1024x683.jpg 1024w, https:\/\/museumfabriekwinterswijk.nl\/wp-content\/uploads\/2025\/02\/kopje-koffie-300x200.jpg 300w, https:\/\/museumfabriekwinterswijk.nl\/wp-content\/uploads\/2025\/02\/kopje-koffie-scaled-600x400.jpg 600w, https:\/\/museumfabriekwinterswijk.nl\/wp-content\/uploads\/2025\/02\/kopje-koffie-scaled-64x43.jpg 64w, https:\/\/museumfabriekwinterswijk.nl\/wp-content\/uploads\/2025\/02\/kopje-koffie-768x512.jpg 768w, https:\/\/museumfabriekwinterswijk.nl\/wp-content\/uploads\/2025\/02\/kopje-koffie-1536x1025.jpg 1536w, https:\/\/museumfabriekwinterswijk.nl\/wp-content\/uploads\/2025\/02\/kopje-koffie-2048x1366.jpg 2048w\" sizes=\"auto, (max-width: 1024px) 100vw, 1024px\" \/><\/figure>\n<\/div>\n<\/div>\n\n\n\n<div style=\"height:2rem\" aria-hidden=\"true\" class=\"wp-block-spacer\"><\/div>\n\n\n<\/section>\r\n\r\n<section class=\"u-clearfix u-section-header1 check u-palette-3-base\" id=\"section-block_e7b2f071b0a440123a197c0af58c8971\">\r\n  <div class=\"u-clearfix u-sheet u-valign-top-lg u-valign-top-md u-valign-top-xl u-valign-top-xxl u-sheet-1\">\r\n    <div class=\"custom-expanded data-layout-selected shadow u-clearfix u-expanded-width-lg u-expanded-width-xl u-expanded-width-xxl u-gutter-0 u-layout-wrap u-layout-wrap-1\">\r\n      <div class=\"u-layout\">\r\n        <div class=\"u-layout-row\">\r\n          <div class=\"u-container-style u-layout-cell u-size-24-xl u-size-24-xxl u-size-25-lg u-size-60-md u-size-60-sm u-size-60-xs u-layout-cell-1 order-2\">\r\n            <div class=\"u-container-layout u-container-layout-1\">\r\n              <div class=\"u-container-style u-expanded-width u-group u-group-1\">\r\n                <div class=\"u-container-layout u-valign-middle u-container-layout-2\">\r\n                  <h2 class='u-text u-text-default u-text-1 '>Ein Schritt zur\u00fcck in die Vergangenheit mit der Museumsfabrik<\/h2>                  <div class=\"u-text u-text-default u-text-2\"><p>Erleben Sie die Atmosph\u00e4re einer alten Textilfabrik und entdecken Sie die Geschichten hinter den Maschinen, dem Erbe und der Kunst. Lassen Sie sich mitnehmen auf eine Reise durch die Geschichte von Winterswijk. <\/p>\n<ul>\n<li>Einzigartige Lage in einer historischen Fabrik<\/li>\n<li>Interaktive Ausstellungen f\u00fcr Jung und Alt<\/li>\n<li>Treffen Sie die Handwerker von einst<\/li>\n<li>Ein unvergessliches Erlebnis f\u00fcr die ganze Familie<\/li>\n<\/ul>\n<\/div>\r\n                                  <\/div>\r\n              <\/div>\r\n            <\/div>\r\n          <\/div>\r\n          <div class=\"u-container-style u-image u-layout-cell u-size-35-lg u-size-36-xl u-size-36-xxl u-size-60-md u-size-60-sm u-size-60-xs u-image-1 order-1\" data-image-width=\"2100\" data-image-height=\"1400\" style=\"background-image: url('https:\/\/museumfabriekwinterswijk.nl\/wp-content\/uploads\/2024\/09\/shutterstock_2340494539.jpg');\">\r\n            <div class=\"u-container-layout u-valign-bottom-lg u-valign-bottom-md u-valign-bottom-xs u-container-layout-3\"><\/div>\r\n          <\/div>\r\n        <\/div>\r\n      <\/div>\r\n    <\/div>\r\n  <\/div>\r\n<\/section>\r\n\r\n\r\n<section class=\"u-sheet\">","protected":false},"excerpt":{"rendered":"<p>\u00d6ffnungszeiten Montag geschlossen Dienstag 13.00-17.00 Mittwoch 13.00-17.00 Donnerstag 13.00-17.00 Freitag 13.00-17.00 Samstag 11.00-17.00 uhr (Ankunft bis 16.00 uhr) Sonntag Geschlossen Besondere Daten Christi Himmelfahrt, 14. Mai: 12:00-17:0028 und 29 August: -geschlossen25 und 26 Dezember -geschlossen31 Dezember und 1 Januar -geschlossen Gruppen Sie m\u00f6chten mit einer Gruppe kommen? F\u00fcr Schulen bieten wir p\u00e4dagogische F\u00fchrungen an. Bitte [&hellip;]<\/p>\n","protected":false},"author":1,"featured_media":0,"parent":0,"menu_order":0,"comment_status":"closed","ping_status":"closed","template":"index.php","meta":{"_acf_changed":false,"footnotes":""},"class_list":["post-1831","page","type-page","status-publish","hentry"],"acf":[],"yoast_head":"<!-- This site is optimized with the Yoast SEO plugin v27.5 - https:\/\/yoast.com\/product\/yoast-seo-wordpress\/ -->\n<title>Planen Sie Ihren Besuch - MuseumFabriek Winterswijk<\/title>\n<meta name=\"description\" content=\"In die &quot;MuseumFabriek&quot; ist jeder willkommen. Erleben Sie die Atmosph\u00e4re einer alten Textilfabrik und lassen Sie sich auf eine Reise durch die Geschichte von Winterswijk mitnehmen.\" \/>\n<meta name=\"robots\" content=\"index, follow, max-snippet:-1, max-image-preview:large, max-video-preview:-1\" \/>\n<link rel=\"canonical\" href=\"https:\/\/museumfabriekwinterswijk.nl\/de\/ihren-besuch-planen\/\" \/>\n<meta property=\"og:locale\" content=\"de_DE\" \/>\n<meta property=\"og:type\" content=\"article\" \/>\n<meta property=\"og:title\" content=\"Planen Sie Ihren Besuch - MuseumFabriek Winterswijk\" \/>\n<meta property=\"og:description\" content=\"In die &quot;MuseumFabriek&quot; ist jeder willkommen. Erleben Sie die Atmosph\u00e4re einer alten Textilfabrik und lassen Sie sich auf eine Reise durch die Geschichte von Winterswijk mitnehmen.\" \/>\n<meta property=\"og:url\" content=\"https:\/\/museumfabriekwinterswijk.nl\/de\/ihren-besuch-planen\/\" \/>\n<meta property=\"og:site_name\" content=\"MuseumFabriek Winterswijk\" \/>\n<meta property=\"article:modified_time\" content=\"2026-04-15T08:37:00+00:00\" \/>\n<meta property=\"og:image\" content=\"https:\/\/museumfabriekwinterswijk.nl\/wp-content\/uploads\/2025\/02\/kopje-koffie-scaled.jpg\" \/>\n\t<meta property=\"og:image:width\" content=\"2560\" \/>\n\t<meta property=\"og:image:height\" content=\"1708\" \/>\n\t<meta property=\"og:image:type\" content=\"image\/jpeg\" \/>\n<meta name=\"twitter:card\" content=\"summary_large_image\" \/>\n<meta name=\"twitter:label1\" content=\"Gesch\u00e4tzte Lesezeit\" \/>\n\t<meta name=\"twitter:data1\" content=\"4\u00a0Minute\" \/>\n<script type=\"application\/ld+json\" class=\"yoast-schema-graph\">{\"@context\":\"https:\\\/\\\/schema.org\",\"@graph\":[{\"@type\":\"WebPage\",\"@id\":\"https:\\\/\\\/museumfabriekwinterswijk.nl\\\/de\\\/ihren-besuch-planen\\\/\",\"url\":\"https:\\\/\\\/museumfabriekwinterswijk.nl\\\/de\\\/ihren-besuch-planen\\\/\",\"name\":\"Planen Sie Ihren Besuch - MuseumFabriek Winterswijk\",\"isPartOf\":{\"@id\":\"https:\\\/\\\/museumfabriekwinterswijk.nl\\\/de\\\/#website\"},\"primaryImageOfPage\":{\"@id\":\"https:\\\/\\\/museumfabriekwinterswijk.nl\\\/de\\\/ihren-besuch-planen\\\/#primaryimage\"},\"image\":{\"@id\":\"https:\\\/\\\/museumfabriekwinterswijk.nl\\\/de\\\/ihren-besuch-planen\\\/#primaryimage\"},\"thumbnailUrl\":\"https:\\\/\\\/museumfabriekwinterswijk.nl\\\/wp-content\\\/uploads\\\/2025\\\/02\\\/kopje-koffie-1024x683.jpg\",\"datePublished\":\"2024-07-30T10:02:43+00:00\",\"dateModified\":\"2026-04-15T08:37:00+00:00\",\"description\":\"In die \\\"MuseumFabriek\\\" ist jeder willkommen. Erleben Sie die Atmosph\u00e4re einer alten Textilfabrik und lassen Sie sich auf eine Reise durch die Geschichte von Winterswijk mitnehmen.\",\"breadcrumb\":{\"@id\":\"https:\\\/\\\/museumfabriekwinterswijk.nl\\\/de\\\/ihren-besuch-planen\\\/#breadcrumb\"},\"inLanguage\":\"de\",\"potentialAction\":[{\"@type\":\"ReadAction\",\"target\":[\"https:\\\/\\\/museumfabriekwinterswijk.nl\\\/de\\\/ihren-besuch-planen\\\/\"]}]},{\"@type\":\"ImageObject\",\"inLanguage\":\"de\",\"@id\":\"https:\\\/\\\/museumfabriekwinterswijk.nl\\\/de\\\/ihren-besuch-planen\\\/#primaryimage\",\"url\":\"https:\\\/\\\/museumfabriekwinterswijk.nl\\\/wp-content\\\/uploads\\\/2025\\\/02\\\/kopje-koffie-1024x683.jpg\",\"contentUrl\":\"https:\\\/\\\/museumfabriekwinterswijk.nl\\\/wp-content\\\/uploads\\\/2025\\\/02\\\/kopje-koffie-1024x683.jpg\"},{\"@type\":\"BreadcrumbList\",\"@id\":\"https:\\\/\\\/museumfabriekwinterswijk.nl\\\/de\\\/ihren-besuch-planen\\\/#breadcrumb\",\"itemListElement\":[{\"@type\":\"ListItem\",\"position\":1,\"name\":\"Home\",\"item\":\"https:\\\/\\\/museumfabriekwinterswijk.nl\\\/de\\\/\"},{\"@type\":\"ListItem\",\"position\":2,\"name\":\"Planen Sie Ihren Besuch\"}]},{\"@type\":\"WebSite\",\"@id\":\"https:\\\/\\\/museumfabriekwinterswijk.nl\\\/de\\\/#website\",\"url\":\"https:\\\/\\\/museumfabriekwinterswijk.nl\\\/de\\\/\",\"name\":\"MuseumFabriek Winterswijk\",\"description\":\"de schatkamer van Winterswijk\",\"publisher\":{\"@id\":\"https:\\\/\\\/museumfabriekwinterswijk.nl\\\/de\\\/#organization\"},\"potentialAction\":[{\"@type\":\"SearchAction\",\"target\":{\"@type\":\"EntryPoint\",\"urlTemplate\":\"https:\\\/\\\/museumfabriekwinterswijk.nl\\\/de\\\/?s={search_term_string}\"},\"query-input\":{\"@type\":\"PropertyValueSpecification\",\"valueRequired\":true,\"valueName\":\"search_term_string\"}}],\"inLanguage\":\"de\"},{\"@type\":\"Organization\",\"@id\":\"https:\\\/\\\/museumfabriekwinterswijk.nl\\\/de\\\/#organization\",\"name\":\"MuseumFabriek Winterswijk\",\"url\":\"https:\\\/\\\/museumfabriekwinterswijk.nl\\\/de\\\/\",\"logo\":{\"@type\":\"ImageObject\",\"inLanguage\":\"de\",\"@id\":\"https:\\\/\\\/museumfabriekwinterswijk.nl\\\/de\\\/#\\\/schema\\\/logo\\\/image\\\/\",\"url\":\"https:\\\/\\\/museumfabriekwinterswijk.nl\\\/wp-content\\\/uploads\\\/2024\\\/07\\\/cropped-logo-Museum-Fabriek.jpg\",\"contentUrl\":\"https:\\\/\\\/museumfabriekwinterswijk.nl\\\/wp-content\\\/uploads\\\/2024\\\/07\\\/cropped-logo-Museum-Fabriek.jpg\",\"width\":1059,\"height\":1059,\"caption\":\"MuseumFabriek Winterswijk\"},\"image\":{\"@id\":\"https:\\\/\\\/museumfabriekwinterswijk.nl\\\/de\\\/#\\\/schema\\\/logo\\\/image\\\/\"}}]}<\/script>\n<!-- \/ Yoast SEO plugin. -->","yoast_head_json":{"title":"Planen Sie Ihren Besuch - MuseumFabriek Winterswijk","description":"In die \"MuseumFabriek\" ist jeder willkommen. Erleben Sie die Atmosph\u00e4re einer alten Textilfabrik und lassen Sie sich auf eine Reise durch die Geschichte von Winterswijk mitnehmen.","robots":{"index":"index","follow":"follow","max-snippet":"max-snippet:-1","max-image-preview":"max-image-preview:large","max-video-preview":"max-video-preview:-1"},"canonical":"https:\/\/museumfabriekwinterswijk.nl\/de\/ihren-besuch-planen\/","og_locale":"de_DE","og_type":"article","og_title":"Planen Sie Ihren Besuch - MuseumFabriek Winterswijk","og_description":"In die \"MuseumFabriek\" ist jeder willkommen. Erleben Sie die Atmosph\u00e4re einer alten Textilfabrik und lassen Sie sich auf eine Reise durch die Geschichte von Winterswijk mitnehmen.","og_url":"https:\/\/museumfabriekwinterswijk.nl\/de\/ihren-besuch-planen\/","og_site_name":"MuseumFabriek Winterswijk","article_modified_time":"2026-04-15T08:37:00+00:00","og_image":[{"width":2560,"height":1708,"url":"https:\/\/museumfabriekwinterswijk.nl\/wp-content\/uploads\/2025\/02\/kopje-koffie-scaled.jpg","type":"image\/jpeg"}],"twitter_card":"summary_large_image","twitter_misc":{"Gesch\u00e4tzte Lesezeit":"4\u00a0Minute"},"schema":{"@context":"https:\/\/schema.org","@graph":[{"@type":"WebPage","@id":"https:\/\/museumfabriekwinterswijk.nl\/de\/ihren-besuch-planen\/","url":"https:\/\/museumfabriekwinterswijk.nl\/de\/ihren-besuch-planen\/","name":"Planen Sie Ihren Besuch - MuseumFabriek Winterswijk","isPartOf":{"@id":"https:\/\/museumfabriekwinterswijk.nl\/de\/#website"},"primaryImageOfPage":{"@id":"https:\/\/museumfabriekwinterswijk.nl\/de\/ihren-besuch-planen\/#primaryimage"},"image":{"@id":"https:\/\/museumfabriekwinterswijk.nl\/de\/ihren-besuch-planen\/#primaryimage"},"thumbnailUrl":"https:\/\/museumfabriekwinterswijk.nl\/wp-content\/uploads\/2025\/02\/kopje-koffie-1024x683.jpg","datePublished":"2024-07-30T10:02:43+00:00","dateModified":"2026-04-15T08:37:00+00:00","description":"In die \"MuseumFabriek\" ist jeder willkommen. Erleben Sie die Atmosph\u00e4re einer alten Textilfabrik und lassen Sie sich auf eine Reise durch die Geschichte von Winterswijk mitnehmen.","breadcrumb":{"@id":"https:\/\/museumfabriekwinterswijk.nl\/de\/ihren-besuch-planen\/#breadcrumb"},"inLanguage":"de","potentialAction":[{"@type":"ReadAction","target":["https:\/\/museumfabriekwinterswijk.nl\/de\/ihren-besuch-planen\/"]}]},{"@type":"ImageObject","inLanguage":"de","@id":"https:\/\/museumfabriekwinterswijk.nl\/de\/ihren-besuch-planen\/#primaryimage","url":"https:\/\/museumfabriekwinterswijk.nl\/wp-content\/uploads\/2025\/02\/kopje-koffie-1024x683.jpg","contentUrl":"https:\/\/museumfabriekwinterswijk.nl\/wp-content\/uploads\/2025\/02\/kopje-koffie-1024x683.jpg"},{"@type":"BreadcrumbList","@id":"https:\/\/museumfabriekwinterswijk.nl\/de\/ihren-besuch-planen\/#breadcrumb","itemListElement":[{"@type":"ListItem","position":1,"name":"Home","item":"https:\/\/museumfabriekwinterswijk.nl\/de\/"},{"@type":"ListItem","position":2,"name":"Planen Sie Ihren Besuch"}]},{"@type":"WebSite","@id":"https:\/\/museumfabriekwinterswijk.nl\/de\/#website","url":"https:\/\/museumfabriekwinterswijk.nl\/de\/","name":"MuseumFabriek Winterswijk","description":"de schatkamer van Winterswijk","publisher":{"@id":"https:\/\/museumfabriekwinterswijk.nl\/de\/#organization"},"potentialAction":[{"@type":"SearchAction","target":{"@type":"EntryPoint","urlTemplate":"https:\/\/museumfabriekwinterswijk.nl\/de\/?s={search_term_string}"},"query-input":{"@type":"PropertyValueSpecification","valueRequired":true,"valueName":"search_term_string"}}],"inLanguage":"de"},{"@type":"Organization","@id":"https:\/\/museumfabriekwinterswijk.nl\/de\/#organization","name":"MuseumFabriek Winterswijk","url":"https:\/\/museumfabriekwinterswijk.nl\/de\/","logo":{"@type":"ImageObject","inLanguage":"de","@id":"https:\/\/museumfabriekwinterswijk.nl\/de\/#\/schema\/logo\/image\/","url":"https:\/\/museumfabriekwinterswijk.nl\/wp-content\/uploads\/2024\/07\/cropped-logo-Museum-Fabriek.jpg","contentUrl":"https:\/\/museumfabriekwinterswijk.nl\/wp-content\/uploads\/2024\/07\/cropped-logo-Museum-Fabriek.jpg","width":1059,"height":1059,"caption":"MuseumFabriek Winterswijk"},"image":{"@id":"https:\/\/museumfabriekwinterswijk.nl\/de\/#\/schema\/logo\/image\/"}}]}},"_links":{"self":[{"href":"https:\/\/museumfabriekwinterswijk.nl\/de\/wp-json\/wp\/v2\/pages\/1831","targetHints":{"allow":["GET"]}}],"collection":[{"href":"https:\/\/museumfabriekwinterswijk.nl\/de\/wp-json\/wp\/v2\/pages"}],"about":[{"href":"https:\/\/museumfabriekwinterswijk.nl\/de\/wp-json\/wp\/v2\/types\/page"}],"author":[{"embeddable":true,"href":"https:\/\/museumfabriekwinterswijk.nl\/de\/wp-json\/wp\/v2\/users\/1"}],"replies":[{"embeddable":true,"href":"https:\/\/museumfabriekwinterswijk.nl\/de\/wp-json\/wp\/v2\/comments?post=1831"}],"version-history":[{"count":2,"href":"https:\/\/museumfabriekwinterswijk.nl\/de\/wp-json\/wp\/v2\/pages\/1831\/revisions"}],"predecessor-version":[{"id":3159,"href":"https:\/\/museumfabriekwinterswijk.nl\/de\/wp-json\/wp\/v2\/pages\/1831\/revisions\/3159"}],"wp:attachment":[{"href":"https:\/\/museumfabriekwinterswijk.nl\/de\/wp-json\/wp\/v2\/media?parent=1831"}],"curies":[{"name":"wp","href":"https:\/\/api.w.org\/{rel}","templated":true}]}}