{"id":1843,"date":"2024-07-30T10:09:53","date_gmt":"2024-07-30T10:09:53","guid":{"rendered":"https:\/\/museumfabriekwinterswijk.nl\/vereinigung\/mitglieder\/"},"modified":"2026-04-15T08:48:55","modified_gmt":"2026-04-15T08:48:55","slug":"mitglieder","status":"publish","type":"page","link":"https:\/\/museumfabriekwinterswijk.nl\/de\/verein\/mitglieder\/","title":{"rendered":"Mitglieder"},"content":{"rendered":"<\/section>\r\n\r\n<section class=\"u-clearfix u-section-header1 check u-palette-4-base\" id=\"section-block_6eb8e6a658020b90a0cd15a1e78525f2\">\r\n  <div class=\"u-clearfix u-sheet u-valign-top-lg u-valign-top-md u-valign-top-xl u-valign-top-xxl u-sheet-1\">\r\n    <div class=\"custom-expanded data-layout-selected shadow u-clearfix u-expanded-width-lg u-expanded-width-xl u-expanded-width-xxl u-gutter-0 u-layout-wrap u-layout-wrap-1\">\r\n      <div class=\"u-layout\">\r\n        <div class=\"u-layout-row\">\r\n          <div class=\"u-container-style u-layout-cell u-size-24-xl u-size-24-xxl u-size-25-lg u-size-60-md u-size-60-sm u-size-60-xs u-layout-cell-1 order-1\">\r\n            <div class=\"u-container-layout u-container-layout-1\">\r\n              <div class=\"u-container-style u-expanded-width u-group u-group-1\">\r\n                <div class=\"u-container-layout u-valign-middle u-container-layout-2\">\r\n                  <h1 class='u-text u-text-default u-text-1 has-x-large-font-size'>Mitglieder<\/h1>                  <div class=\"u-text u-text-default u-text-2\"><p>Als Mitglied des Vereniging Het Museum genie\u00dfen Sie in der MuseumFabriek zahlreiche Vorteile.<\/p>\n<ul>\n<li>Freier Eintritt: Besuchen Sie unsere faszinierenden Sammlungen und wechselnden Ausstellungen so oft Sie wollen, v\u00f6llig kostenlos!<\/li>\n<li>Entspannen Sie sich: Nehmen Sie in unserem gem\u00fctlichen Zimmer Platz und genie\u00dfen Sie eine Tasse Kaffee.<\/li>\n<li>Aktivit\u00e4ten: Erkunden Sie die Umgebung bei unseren organisierten Radtouren, tauchen Sie bei unseren Filmabenden in interessante Filme ein und lassen Sie sich von spannenden Vortr\u00e4gen inspirieren.<\/li>\n<li>Exkursionen: Reisen Sie mit uns zu besonderen Orten auf unserem j\u00e4hrlichen Ausflug.<\/li>\n<li>Mitgliedertreffen: Treffen Sie sich auf unseren halbj\u00e4hrlichen Mitgliedertreffen im Fr\u00fchjahr und Herbst, um sich auszutauschen und \u00fcber die neuesten Entwicklungen auf dem Laufenden zu halten.<\/li>\n<li>Sie erhalten viermal im Jahr unsere Publikation &#8222;Museum Nieuws&#8220;.<\/li>\n<\/ul>\n<\/div>\r\n                  <div class=\"buttons\">\r\n                                    <a class=\"u-btn u-button-style u-palette-1-base\" href=\"https:\/\/museumfabriekwinterswijk.nl\/de\/mitglied-werden\/\" target=\"\">\r\n                Werden Sie Mitglied            <\/a>\r\n                                            <a class=\"u-btn u-button-style u-palette-1-base\" href=\"https:\/\/museumfabriekwinterswijk.nl\/de\/verein\/freiwilliger-helfer-werden\/\" target=\"\">\r\n                Freiwilliger werden            <\/a>\r\n            <\/div>                <\/div>\r\n              <\/div>\r\n            <\/div>\r\n          <\/div>\r\n          <div class=\"u-container-style u-image u-layout-cell u-size-35-lg u-size-36-xl u-size-36-xxl u-size-60-md u-size-60-sm u-size-60-xs u-image-1 order-2\" data-image-width=\"2100\" data-image-height=\"1400\" style=\"background-image: url('https:\/\/museumfabriekwinterswijk.nl\/wp-content\/uploads\/2024\/11\/fabriek.png');\">\r\n            <div class=\"u-container-layout u-valign-bottom-lg u-valign-bottom-md u-valign-bottom-xs u-container-layout-3\"><\/div>\r\n          <\/div>\r\n        <\/div>\r\n      <\/div>\r\n    <\/div>\r\n  <\/div>\r\n<\/section>\r\n\r\n\r\n<section class=\"u-sheet\">\n\n\n<h2 class=\"wp-block-heading has-color-5-background-color has-background\"><br>Agenda<\/h2>\n\n\n\n<ul class=\"wp-block-list has-color-5-background-color has-background\">\n<li class=\"has-black-color has-text-color has-link-color wp-elements-a3e6bee89166a7f3ace7b008e2e4939a\">Ausstellung: Jetzt ist das <strong>Panorama von Winterswijk <\/strong>in unserem Museum zu sehen.<br>Weitere Informationen: <a href=\"https:\/\/museumfabriekwinterswijk.nl\/de\/panorama-von-winterswijk\/\" target=\"_blank\" rel=\"noreferrer noopener\">Siehe hier..<\/a><br>.<\/li>\n\n\n\n<li>Vortrag am 16. April 2026: <strong>Die Katastrophe mit der Phoenix<\/strong>. Von Joske Meerdink<br>.<br>=============<br><br><strong>Mitgliederversammlung: 10. November 2026, Beginn um 20:00 Uhr in der MuseumFabriek Winterswijk.<\/strong><\/li>\n\n\n\n<li class=\"has-color-4-color has-text-color has-link-color wp-elements-03dbf13df7055a5f9f1fac9c68109638\">Tagesordnung<\/li>\n\n\n\n<li>Er\u00f6ffnung<\/li>\n\n\n\n<li>Festlegung der Tagesordnung<\/li>\n\n\n\n<li>Eingegangene Unterlagen\/Mitteilungen<\/li>\n\n\n\n<li>Protokoll der Mitgliederversammlung vom 14. April 2026<\/li>\n\n\n\n<li><\/li>\n\n\n\n<li>Festlegung des Termins f\u00fcr die n\u00e4chste Sitzung: Dienstag, 13 April 2027<\/li>\n\n\n\n<li>Sonstiges<\/li>\n\n\n\n<li>Schluss<\/li>\n<\/ul>\n\n\n\n<div class=\"wp-block-buttons is-layout-flex wp-block-buttons-is-layout-flex\">\n<div class=\"wp-block-button\"><a class=\"wp-block-button__link has-white-color has-color-4-background-color has-text-color has-background has-link-color wp-element-button\">Agenda<\/a><\/div>\n\n\n\n<div class=\"wp-block-button\"><a class=\"wp-block-button__link has-white-color has-color-4-background-color has-text-color has-background has-link-color wp-element-button\">Protokolle<\/a><\/div>\n\n\n\n<div class=\"wp-block-button\"><a class=\"wp-block-button__link has-white-color has-color-4-background-color has-text-color has-background has-link-color wp-element-button\" href=\"https:\/\/museumfabriekwinterswijk.nl\/wp-content\/uploads\/2026\/03\/JAARVERSLAG-4-26.pdf\">Finanzbericht<\/a><\/div>\n<\/div>\n\n\n\n<div style=\"height:3rem\" aria-hidden=\"true\" class=\"wp-block-spacer\"><\/div>\n\n\n\n<p><\/p>\n","protected":false},"excerpt":{"rendered":"<p>Agenda<\/p>\n","protected":false},"author":1,"featured_media":2932,"parent":1837,"menu_order":0,"comment_status":"closed","ping_status":"closed","template":"index.php","meta":{"_acf_changed":false,"footnotes":""},"class_list":["post-1843","page","type-page","status-publish","has-post-thumbnail","hentry"],"acf":[],"yoast_head":"<!-- This site is optimized with the Yoast SEO plugin v27.5 - https:\/\/yoast.com\/product\/yoast-seo-wordpress\/ -->\n<title>Mitglieder - MuseumFabriek Winterswijk<\/title>\n<meta name=\"description\" content=\"Werden Sie auch Mitglied des Vereniging Het Museum in Winterswijk und genie\u00dfen Sie alle Vorteile, wie z.B. freien Eintritt und die Zeitschrift Museum Nieuws\" \/>\n<meta name=\"robots\" content=\"index, follow, max-snippet:-1, max-image-preview:large, max-video-preview:-1\" \/>\n<link rel=\"canonical\" href=\"https:\/\/museumfabriekwinterswijk.nl\/de\/verein\/mitglieder\/\" \/>\n<meta property=\"og:locale\" content=\"de_DE\" \/>\n<meta property=\"og:type\" content=\"article\" \/>\n<meta property=\"og:title\" content=\"Mitglieder - MuseumFabriek Winterswijk\" \/>\n<meta property=\"og:description\" content=\"Werden Sie auch Mitglied des Vereniging Het Museum in Winterswijk und genie\u00dfen Sie alle Vorteile, wie z.B. freien Eintritt und die Zeitschrift Museum Nieuws\" \/>\n<meta property=\"og:url\" content=\"https:\/\/museumfabriekwinterswijk.nl\/de\/verein\/mitglieder\/\" \/>\n<meta property=\"og:site_name\" content=\"MuseumFabriek Winterswijk\" \/>\n<meta property=\"article:modified_time\" content=\"2026-04-15T08:48:55+00:00\" \/>\n<meta property=\"og:image\" content=\"https:\/\/museumfabriekwinterswijk.nl\/wp-content\/uploads\/2025\/10\/leden.png\" \/>\n\t<meta property=\"og:image:width\" content=\"1007\" \/>\n\t<meta property=\"og:image:height\" content=\"1007\" \/>\n\t<meta property=\"og:image:type\" content=\"image\/png\" \/>\n<meta name=\"twitter:card\" content=\"summary_large_image\" \/>\n<meta name=\"twitter:label1\" content=\"Gesch\u00e4tzte Lesezeit\" \/>\n\t<meta name=\"twitter:data1\" content=\"2\u00a0Minute\" \/>\n<script type=\"application\/ld+json\" class=\"yoast-schema-graph\">{\"@context\":\"https:\\\/\\\/schema.org\",\"@graph\":[{\"@type\":\"WebPage\",\"@id\":\"https:\\\/\\\/museumfabriekwinterswijk.nl\\\/de\\\/verein\\\/mitglieder\\\/\",\"url\":\"https:\\\/\\\/museumfabriekwinterswijk.nl\\\/de\\\/verein\\\/mitglieder\\\/\",\"name\":\"Mitglieder - MuseumFabriek Winterswijk\",\"isPartOf\":{\"@id\":\"https:\\\/\\\/museumfabriekwinterswijk.nl\\\/de\\\/#website\"},\"primaryImageOfPage\":{\"@id\":\"https:\\\/\\\/museumfabriekwinterswijk.nl\\\/de\\\/verein\\\/mitglieder\\\/#primaryimage\"},\"image\":{\"@id\":\"https:\\\/\\\/museumfabriekwinterswijk.nl\\\/de\\\/verein\\\/mitglieder\\\/#primaryimage\"},\"thumbnailUrl\":\"https:\\\/\\\/museumfabriekwinterswijk.nl\\\/wp-content\\\/uploads\\\/2025\\\/10\\\/leden.png\",\"datePublished\":\"2024-07-30T10:09:53+00:00\",\"dateModified\":\"2026-04-15T08:48:55+00:00\",\"description\":\"Werden Sie auch Mitglied des Vereniging Het Museum in Winterswijk und genie\u00dfen Sie alle Vorteile, wie z.B. freien Eintritt und die Zeitschrift Museum Nieuws\",\"breadcrumb\":{\"@id\":\"https:\\\/\\\/museumfabriekwinterswijk.nl\\\/de\\\/verein\\\/mitglieder\\\/#breadcrumb\"},\"inLanguage\":\"de\",\"potentialAction\":[{\"@type\":\"ReadAction\",\"target\":[\"https:\\\/\\\/museumfabriekwinterswijk.nl\\\/de\\\/verein\\\/mitglieder\\\/\"]}]},{\"@type\":\"ImageObject\",\"inLanguage\":\"de\",\"@id\":\"https:\\\/\\\/museumfabriekwinterswijk.nl\\\/de\\\/verein\\\/mitglieder\\\/#primaryimage\",\"url\":\"https:\\\/\\\/museumfabriekwinterswijk.nl\\\/wp-content\\\/uploads\\\/2025\\\/10\\\/leden.png\",\"contentUrl\":\"https:\\\/\\\/museumfabriekwinterswijk.nl\\\/wp-content\\\/uploads\\\/2025\\\/10\\\/leden.png\",\"width\":1007,\"height\":1007,\"caption\":\"leden\"},{\"@type\":\"BreadcrumbList\",\"@id\":\"https:\\\/\\\/museumfabriekwinterswijk.nl\\\/de\\\/verein\\\/mitglieder\\\/#breadcrumb\",\"itemListElement\":[{\"@type\":\"ListItem\",\"position\":1,\"name\":\"Home\",\"item\":\"https:\\\/\\\/museumfabriekwinterswijk.nl\\\/de\\\/\"},{\"@type\":\"ListItem\",\"position\":2,\"name\":\"Verein\",\"item\":\"https:\\\/\\\/museumfabriekwinterswijk.nl\\\/de\\\/verein\\\/\"},{\"@type\":\"ListItem\",\"position\":3,\"name\":\"Mitglieder\"}]},{\"@type\":\"WebSite\",\"@id\":\"https:\\\/\\\/museumfabriekwinterswijk.nl\\\/de\\\/#website\",\"url\":\"https:\\\/\\\/museumfabriekwinterswijk.nl\\\/de\\\/\",\"name\":\"MuseumFabriek Winterswijk\",\"description\":\"de schatkamer van Winterswijk\",\"publisher\":{\"@id\":\"https:\\\/\\\/museumfabriekwinterswijk.nl\\\/de\\\/#organization\"},\"potentialAction\":[{\"@type\":\"SearchAction\",\"target\":{\"@type\":\"EntryPoint\",\"urlTemplate\":\"https:\\\/\\\/museumfabriekwinterswijk.nl\\\/de\\\/?s={search_term_string}\"},\"query-input\":{\"@type\":\"PropertyValueSpecification\",\"valueRequired\":true,\"valueName\":\"search_term_string\"}}],\"inLanguage\":\"de\"},{\"@type\":\"Organization\",\"@id\":\"https:\\\/\\\/museumfabriekwinterswijk.nl\\\/de\\\/#organization\",\"name\":\"MuseumFabriek Winterswijk\",\"url\":\"https:\\\/\\\/museumfabriekwinterswijk.nl\\\/de\\\/\",\"logo\":{\"@type\":\"ImageObject\",\"inLanguage\":\"de\",\"@id\":\"https:\\\/\\\/museumfabriekwinterswijk.nl\\\/de\\\/#\\\/schema\\\/logo\\\/image\\\/\",\"url\":\"https:\\\/\\\/museumfabriekwinterswijk.nl\\\/wp-content\\\/uploads\\\/2024\\\/07\\\/cropped-logo-Museum-Fabriek.jpg\",\"contentUrl\":\"https:\\\/\\\/museumfabriekwinterswijk.nl\\\/wp-content\\\/uploads\\\/2024\\\/07\\\/cropped-logo-Museum-Fabriek.jpg\",\"width\":1059,\"height\":1059,\"caption\":\"MuseumFabriek Winterswijk\"},\"image\":{\"@id\":\"https:\\\/\\\/museumfabriekwinterswijk.nl\\\/de\\\/#\\\/schema\\\/logo\\\/image\\\/\"}}]}<\/script>\n<!-- \/ Yoast SEO plugin. -->","yoast_head_json":{"title":"Mitglieder - MuseumFabriek Winterswijk","description":"Werden Sie auch Mitglied des Vereniging Het Museum in Winterswijk und genie\u00dfen Sie alle Vorteile, wie z.B. freien Eintritt und die Zeitschrift Museum Nieuws","robots":{"index":"index","follow":"follow","max-snippet":"max-snippet:-1","max-image-preview":"max-image-preview:large","max-video-preview":"max-video-preview:-1"},"canonical":"https:\/\/museumfabriekwinterswijk.nl\/de\/verein\/mitglieder\/","og_locale":"de_DE","og_type":"article","og_title":"Mitglieder - MuseumFabriek Winterswijk","og_description":"Werden Sie auch Mitglied des Vereniging Het Museum in Winterswijk und genie\u00dfen Sie alle Vorteile, wie z.B. freien Eintritt und die Zeitschrift Museum Nieuws","og_url":"https:\/\/museumfabriekwinterswijk.nl\/de\/verein\/mitglieder\/","og_site_name":"MuseumFabriek Winterswijk","article_modified_time":"2026-04-15T08:48:55+00:00","og_image":[{"width":1007,"height":1007,"url":"https:\/\/museumfabriekwinterswijk.nl\/wp-content\/uploads\/2025\/10\/leden.png","type":"image\/png"}],"twitter_card":"summary_large_image","twitter_misc":{"Gesch\u00e4tzte Lesezeit":"2\u00a0Minute"},"schema":{"@context":"https:\/\/schema.org","@graph":[{"@type":"WebPage","@id":"https:\/\/museumfabriekwinterswijk.nl\/de\/verein\/mitglieder\/","url":"https:\/\/museumfabriekwinterswijk.nl\/de\/verein\/mitglieder\/","name":"Mitglieder - MuseumFabriek Winterswijk","isPartOf":{"@id":"https:\/\/museumfabriekwinterswijk.nl\/de\/#website"},"primaryImageOfPage":{"@id":"https:\/\/museumfabriekwinterswijk.nl\/de\/verein\/mitglieder\/#primaryimage"},"image":{"@id":"https:\/\/museumfabriekwinterswijk.nl\/de\/verein\/mitglieder\/#primaryimage"},"thumbnailUrl":"https:\/\/museumfabriekwinterswijk.nl\/wp-content\/uploads\/2025\/10\/leden.png","datePublished":"2024-07-30T10:09:53+00:00","dateModified":"2026-04-15T08:48:55+00:00","description":"Werden Sie auch Mitglied des Vereniging Het Museum in Winterswijk und genie\u00dfen Sie alle Vorteile, wie z.B. freien Eintritt und die Zeitschrift Museum Nieuws","breadcrumb":{"@id":"https:\/\/museumfabriekwinterswijk.nl\/de\/verein\/mitglieder\/#breadcrumb"},"inLanguage":"de","potentialAction":[{"@type":"ReadAction","target":["https:\/\/museumfabriekwinterswijk.nl\/de\/verein\/mitglieder\/"]}]},{"@type":"ImageObject","inLanguage":"de","@id":"https:\/\/museumfabriekwinterswijk.nl\/de\/verein\/mitglieder\/#primaryimage","url":"https:\/\/museumfabriekwinterswijk.nl\/wp-content\/uploads\/2025\/10\/leden.png","contentUrl":"https:\/\/museumfabriekwinterswijk.nl\/wp-content\/uploads\/2025\/10\/leden.png","width":1007,"height":1007,"caption":"leden"},{"@type":"BreadcrumbList","@id":"https:\/\/museumfabriekwinterswijk.nl\/de\/verein\/mitglieder\/#breadcrumb","itemListElement":[{"@type":"ListItem","position":1,"name":"Home","item":"https:\/\/museumfabriekwinterswijk.nl\/de\/"},{"@type":"ListItem","position":2,"name":"Verein","item":"https:\/\/museumfabriekwinterswijk.nl\/de\/verein\/"},{"@type":"ListItem","position":3,"name":"Mitglieder"}]},{"@type":"WebSite","@id":"https:\/\/museumfabriekwinterswijk.nl\/de\/#website","url":"https:\/\/museumfabriekwinterswijk.nl\/de\/","name":"MuseumFabriek Winterswijk","description":"de schatkamer van Winterswijk","publisher":{"@id":"https:\/\/museumfabriekwinterswijk.nl\/de\/#organization"},"potentialAction":[{"@type":"SearchAction","target":{"@type":"EntryPoint","urlTemplate":"https:\/\/museumfabriekwinterswijk.nl\/de\/?s={search_term_string}"},"query-input":{"@type":"PropertyValueSpecification","valueRequired":true,"valueName":"search_term_string"}}],"inLanguage":"de"},{"@type":"Organization","@id":"https:\/\/museumfabriekwinterswijk.nl\/de\/#organization","name":"MuseumFabriek Winterswijk","url":"https:\/\/museumfabriekwinterswijk.nl\/de\/","logo":{"@type":"ImageObject","inLanguage":"de","@id":"https:\/\/museumfabriekwinterswijk.nl\/de\/#\/schema\/logo\/image\/","url":"https:\/\/museumfabriekwinterswijk.nl\/wp-content\/uploads\/2024\/07\/cropped-logo-Museum-Fabriek.jpg","contentUrl":"https:\/\/museumfabriekwinterswijk.nl\/wp-content\/uploads\/2024\/07\/cropped-logo-Museum-Fabriek.jpg","width":1059,"height":1059,"caption":"MuseumFabriek Winterswijk"},"image":{"@id":"https:\/\/museumfabriekwinterswijk.nl\/de\/#\/schema\/logo\/image\/"}}]}},"_links":{"self":[{"href":"https:\/\/museumfabriekwinterswijk.nl\/de\/wp-json\/wp\/v2\/pages\/1843","targetHints":{"allow":["GET"]}}],"collection":[{"href":"https:\/\/museumfabriekwinterswijk.nl\/de\/wp-json\/wp\/v2\/pages"}],"about":[{"href":"https:\/\/museumfabriekwinterswijk.nl\/de\/wp-json\/wp\/v2\/types\/page"}],"author":[{"embeddable":true,"href":"https:\/\/museumfabriekwinterswijk.nl\/de\/wp-json\/wp\/v2\/users\/1"}],"replies":[{"embeddable":true,"href":"https:\/\/museumfabriekwinterswijk.nl\/de\/wp-json\/wp\/v2\/comments?post=1843"}],"version-history":[{"count":2,"href":"https:\/\/museumfabriekwinterswijk.nl\/de\/wp-json\/wp\/v2\/pages\/1843\/revisions"}],"predecessor-version":[{"id":3163,"href":"https:\/\/museumfabriekwinterswijk.nl\/de\/wp-json\/wp\/v2\/pages\/1843\/revisions\/3163"}],"up":[{"embeddable":true,"href":"https:\/\/museumfabriekwinterswijk.nl\/de\/wp-json\/wp\/v2\/pages\/1837"}],"wp:featuredmedia":[{"embeddable":true,"href":"https:\/\/museumfabriekwinterswijk.nl\/de\/wp-json\/wp\/v2\/media\/2932"}],"wp:attachment":[{"href":"https:\/\/museumfabriekwinterswijk.nl\/de\/wp-json\/wp\/v2\/media?parent=1843"}],"curies":[{"name":"wp","href":"https:\/\/api.w.org\/{rel}","templated":true}]}}