{"id":1847,"date":"2024-11-22T08:57:46","date_gmt":"2024-11-22T08:57:46","guid":{"rendered":"https:\/\/museumfabriekwinterswijk.nl\/vereinigung\/sprechende-geschichte\/"},"modified":"2025-01-31T09:12:31","modified_gmt":"2025-01-31T09:12:31","slug":"sprechende-geschichte","status":"publish","type":"page","link":"https:\/\/museumfabriekwinterswijk.nl\/de\/verein\/sprechende-geschichte\/","title":{"rendered":"Sprechende Geschichte"},"content":{"rendered":"\n<h2 class=\"wp-block-heading has-text-align-left\" id=\"HIP\"><img decoding=\"async\" class=\"wp-image-601\" style=\"width: 450px;\" src=\"https:\/\/museumfabriekwinterswijk.nl\/wp-content\/uploads\/2024\/11\/logo-goral-history.png\" alt=\"Sprechende Geschichte Winterswijk\"\/><br\/><strong><br\/>\u201eSprechende Geschichte\u201c: Geschichten, die bleiben<\/strong><\/h2>\n\n<p>M\u00f6chten Sie wissen, wie das Leben in Winterswijk fr\u00fcher aussah? Unsere Arbeitsgruppe \u201eSprechende Geschichte\u201c zeichnet die Geschichten unserer Einwohner auf, von Zeitzeugen des Zweiten Weltkriegs bis hin zu Menschen, die in einem Wohnwagenlager aufgewachsen sind. Durch Interviews nach der <em>Methode der m\u00fcndlichen Geschichte<\/em> dokumentieren wir die Geschichte unserer Gemeinde auf pers\u00f6nliche und authentische Weise.  <\/p>\n\n<p><strong>Was tun wir?<\/strong><\/p>\n\n<ul class=\"wp-block-list\">\n<li><strong>Sammeln von Geschichten<\/strong>: Wir f\u00fchren Interviews mit Menschen, die wichtige Ereignisse erlebt haben.<\/li>\n\n\n\n<li><strong>Geschichten teilen<\/strong>: Wir ver\u00f6ffentlichen die Geschichten auf unserer Website.<\/li>\n\n\n\n<li><strong>Bewahren f\u00fcr die Zukunft:<\/strong> So tragen wir dazu bei, unser kulturelles Erbe zu bewahren.<\/li>\n<\/ul>\n\n<p class=\"has-background\" style=\"background:linear-gradient(135deg,rgb(255,245,203) 6%,rgb(182,227,212) 51%,rgb(51,167,181) 100%)\"><a href=\"https:\/\/museumfabriekwinterswijk.nl\/de\/bibliothek\/\" target=\"_blank\" rel=\"noreferrer noopener\"><img loading=\"lazy\" decoding=\"async\" width=\"300\" height=\"165\" class=\"wp-image-679\" style=\"width: 300px;\" src=\"https:\/\/museumfabriekwinterswijk.nl\/wp-content\/uploads\/2024\/11\/bibliotheek3.png\" alt=\"Bibliothek gesprochene Geschichte Winterswijk\" srcset=\"https:\/\/museumfabriekwinterswijk.nl\/wp-content\/uploads\/2024\/11\/bibliotheek3.png 850w, https:\/\/museumfabriekwinterswijk.nl\/wp-content\/uploads\/2024\/11\/bibliotheek3-300x165.png 300w, https:\/\/museumfabriekwinterswijk.nl\/wp-content\/uploads\/2024\/11\/bibliotheek3-600x330.png 600w, https:\/\/museumfabriekwinterswijk.nl\/wp-content\/uploads\/2024\/11\/bibliotheek3-64x35.png 64w, https:\/\/museumfabriekwinterswijk.nl\/wp-content\/uploads\/2024\/11\/bibliotheek3-768x422.png 768w\" sizes=\"auto, (max-width: 300px) 100vw, 300px\" \/><\/a><br\/><strong>Willkommen in unserer Bibliothek<\/strong><br\/>In unserer Bibliothek finden Sie Geschichten, die in den letzten Jahren gesammelt wurden.<br\/><br\/><strong>Sie m\u00f6chten die Geschichten lesen?<\/strong> <br\/>Gehen Sie dann zum B<a href=\"https:\/\/museumfabriekwinterswijk.nl\/de\/bibliothek\/\" target=\"_blank\" rel=\"noreferrer noopener\">ibliothek<\/a><\/p>\n\n<div class=\"wp-block-buttons is-layout-flex wp-block-buttons-is-layout-flex\">\n<div class=\"wp-block-button is-style-fill\"><a class=\"wp-block-button__link has-color-3-background-color has-background wp-element-button\" href=\"https:\/\/museumfabriekwinterswijk.nl\/de\/bibliothek\/\" style=\"border-radius:10px\" target=\"_blank\" rel=\"noreferrer noopener\"><strong>Bibliothek<\/strong><\/a><\/div>\n<\/div>\n\n<p><br\/><br\/>Vom thema, <strong><em>Woonwagencentrum Dennenoord<\/em><\/strong>, ist ein Buch mit den ausgeschriebenen Geschichten im 2018 ver\u00f6ffentlicht und vom het thema <strong><em>Mijn jeugd in oorlogstijd<\/em><\/strong> ist im Jahr 2020 ein Buch erscheinen.<\/p>\n\n<ul class=\"wp-block-list\">\n<li><strong>eine Frage stellen:<\/strong> <a href=\"mailto:verhalen@museumfabriekwinterswijk.nl\" target=\"_blank\" rel=\"noreferrer noopener\"><strong>verhalen@museumfabriekwinterswijk.nl<\/strong><\/a><\/li>\n\n\n\n<li><strong>Wird auch zum Geschichtenf\u00e4nger:<\/strong> <strong><a href=\"mailto:verhalen@museumfabriekwinterswijk.nl\" target=\"_blank\" rel=\"noreferrer noopener nofollow\">verhalen@museumfabriekwinterswijk.nl<\/a><\/strong><\/li>\n<\/ul>\n\n<p><em>* Alle Geschichten sind nur zum Lesen oder Anh\u00f6ren zu Hause bestimmt. Die Geschichten d\u00fcrfen ohne die ausdr\u00fcckliche schriftliche Genehmigung des Museumsvereins Winterswijk nicht ver\u00f6ffentlicht und\/oder f\u00fcr kommerzielle Zwecke verwendet werden. <\/em><\/p>\n\n<p><\/p>\n","protected":false},"excerpt":{"rendered":"<p>\u201eSprechende Geschichte\u201c: Geschichten, die bleiben M\u00f6chten Sie wissen, wie das Leben in Winterswijk fr\u00fcher aussah? Unsere Arbeitsgruppe \u201eSprechende Geschichte\u201c zeichnet die Geschichten unserer Einwohner auf, von Zeitzeugen des Zweiten Weltkriegs bis hin zu Menschen, die in einem Wohnwagenlager aufgewachsen sind. Durch Interviews nach der Methode der m\u00fcndlichen Geschichte dokumentieren wir die Geschichte unserer Gemeinde auf [&hellip;]<\/p>\n","protected":false},"author":2,"featured_media":0,"parent":1837,"menu_order":0,"comment_status":"closed","ping_status":"closed","template":"","meta":{"_acf_changed":false,"footnotes":""},"class_list":["post-1847","page","type-page","status-publish","hentry"],"acf":[],"yoast_head":"<!-- This site is optimized with the Yoast SEO plugin v27.4 - https:\/\/yoast.com\/product\/yoast-seo-wordpress\/ -->\n<title>Sprechende Geschichte - MuseumFabriek Winterswijk<\/title>\n<meta name=\"description\" content=\"Die Arbeitsgruppe \u201eSprechende Geschichte\u201c zeichnet die Geschichten der Einwohner von Winterswijk auf, die Zeitzeugen unserer Geschichte sind.\" \/>\n<meta name=\"robots\" content=\"index, follow, max-snippet:-1, max-image-preview:large, max-video-preview:-1\" \/>\n<link rel=\"canonical\" href=\"https:\/\/museumfabriekwinterswijk.nl\/de\/verein\/sprechende-geschichte\/\" \/>\n<meta property=\"og:locale\" content=\"de_DE\" \/>\n<meta property=\"og:type\" content=\"article\" \/>\n<meta property=\"og:title\" content=\"Sprechende Geschichte - MuseumFabriek Winterswijk\" \/>\n<meta property=\"og:description\" content=\"Die Arbeitsgruppe \u201eSprechende Geschichte\u201c zeichnet die Geschichten der Einwohner von Winterswijk auf, die Zeitzeugen unserer Geschichte sind.\" \/>\n<meta property=\"og:url\" content=\"https:\/\/museumfabriekwinterswijk.nl\/de\/verein\/sprechende-geschichte\/\" \/>\n<meta property=\"og:site_name\" content=\"MuseumFabriek Winterswijk\" \/>\n<meta property=\"article:modified_time\" content=\"2025-01-31T09:12:31+00:00\" \/>\n<meta property=\"og:image\" content=\"https:\/\/museumfabriekwinterswijk.nl\/wp-content\/uploads\/2024\/11\/logo-goral-history-e1733069156620.png\" \/>\n\t<meta property=\"og:image:width\" content=\"1000\" \/>\n\t<meta property=\"og:image:height\" content=\"853\" \/>\n\t<meta property=\"og:image:type\" content=\"image\/png\" \/>\n<meta name=\"twitter:card\" content=\"summary_large_image\" \/>\n<meta name=\"twitter:label1\" content=\"Gesch\u00e4tzte Lesezeit\" \/>\n\t<meta name=\"twitter:data1\" content=\"1\u00a0Minute\" \/>\n<script type=\"application\/ld+json\" class=\"yoast-schema-graph\">{\"@context\":\"https:\\\/\\\/schema.org\",\"@graph\":[{\"@type\":\"WebPage\",\"@id\":\"https:\\\/\\\/museumfabriekwinterswijk.nl\\\/de\\\/verein\\\/sprechende-geschichte\\\/\",\"url\":\"https:\\\/\\\/museumfabriekwinterswijk.nl\\\/de\\\/verein\\\/sprechende-geschichte\\\/\",\"name\":\"Sprechende Geschichte - MuseumFabriek Winterswijk\",\"isPartOf\":{\"@id\":\"https:\\\/\\\/museumfabriekwinterswijk.nl\\\/de\\\/#website\"},\"primaryImageOfPage\":{\"@id\":\"https:\\\/\\\/museumfabriekwinterswijk.nl\\\/de\\\/verein\\\/sprechende-geschichte\\\/#primaryimage\"},\"image\":{\"@id\":\"https:\\\/\\\/museumfabriekwinterswijk.nl\\\/de\\\/verein\\\/sprechende-geschichte\\\/#primaryimage\"},\"thumbnailUrl\":\"https:\\\/\\\/museumfabriekwinterswijk.nl\\\/wp-content\\\/uploads\\\/2024\\\/11\\\/logo-goral-history.png\",\"datePublished\":\"2024-11-22T08:57:46+00:00\",\"dateModified\":\"2025-01-31T09:12:31+00:00\",\"description\":\"Die Arbeitsgruppe \u201eSprechende Geschichte\u201c zeichnet die Geschichten der Einwohner von Winterswijk auf, die Zeitzeugen unserer Geschichte sind.\",\"breadcrumb\":{\"@id\":\"https:\\\/\\\/museumfabriekwinterswijk.nl\\\/de\\\/verein\\\/sprechende-geschichte\\\/#breadcrumb\"},\"inLanguage\":\"de\",\"potentialAction\":[{\"@type\":\"ReadAction\",\"target\":[\"https:\\\/\\\/museumfabriekwinterswijk.nl\\\/de\\\/verein\\\/sprechende-geschichte\\\/\"]}]},{\"@type\":\"ImageObject\",\"inLanguage\":\"de\",\"@id\":\"https:\\\/\\\/museumfabriekwinterswijk.nl\\\/de\\\/verein\\\/sprechende-geschichte\\\/#primaryimage\",\"url\":\"https:\\\/\\\/museumfabriekwinterswijk.nl\\\/wp-content\\\/uploads\\\/2024\\\/11\\\/logo-goral-history.png\",\"contentUrl\":\"https:\\\/\\\/museumfabriekwinterswijk.nl\\\/wp-content\\\/uploads\\\/2024\\\/11\\\/logo-goral-history.png\"},{\"@type\":\"BreadcrumbList\",\"@id\":\"https:\\\/\\\/museumfabriekwinterswijk.nl\\\/de\\\/verein\\\/sprechende-geschichte\\\/#breadcrumb\",\"itemListElement\":[{\"@type\":\"ListItem\",\"position\":1,\"name\":\"Home\",\"item\":\"https:\\\/\\\/museumfabriekwinterswijk.nl\\\/de\\\/\"},{\"@type\":\"ListItem\",\"position\":2,\"name\":\"Verein\",\"item\":\"https:\\\/\\\/museumfabriekwinterswijk.nl\\\/de\\\/verein\\\/\"},{\"@type\":\"ListItem\",\"position\":3,\"name\":\"Sprechende Geschichte\"}]},{\"@type\":\"WebSite\",\"@id\":\"https:\\\/\\\/museumfabriekwinterswijk.nl\\\/de\\\/#website\",\"url\":\"https:\\\/\\\/museumfabriekwinterswijk.nl\\\/de\\\/\",\"name\":\"MuseumFabriek Winterswijk\",\"description\":\"de schatkamer van Winterswijk\",\"publisher\":{\"@id\":\"https:\\\/\\\/museumfabriekwinterswijk.nl\\\/de\\\/#organization\"},\"potentialAction\":[{\"@type\":\"SearchAction\",\"target\":{\"@type\":\"EntryPoint\",\"urlTemplate\":\"https:\\\/\\\/museumfabriekwinterswijk.nl\\\/de\\\/?s={search_term_string}\"},\"query-input\":{\"@type\":\"PropertyValueSpecification\",\"valueRequired\":true,\"valueName\":\"search_term_string\"}}],\"inLanguage\":\"de\"},{\"@type\":\"Organization\",\"@id\":\"https:\\\/\\\/museumfabriekwinterswijk.nl\\\/de\\\/#organization\",\"name\":\"MuseumFabriek Winterswijk\",\"url\":\"https:\\\/\\\/museumfabriekwinterswijk.nl\\\/de\\\/\",\"logo\":{\"@type\":\"ImageObject\",\"inLanguage\":\"de\",\"@id\":\"https:\\\/\\\/museumfabriekwinterswijk.nl\\\/de\\\/#\\\/schema\\\/logo\\\/image\\\/\",\"url\":\"https:\\\/\\\/museumfabriekwinterswijk.nl\\\/wp-content\\\/uploads\\\/2024\\\/07\\\/cropped-logo-Museum-Fabriek.jpg\",\"contentUrl\":\"https:\\\/\\\/museumfabriekwinterswijk.nl\\\/wp-content\\\/uploads\\\/2024\\\/07\\\/cropped-logo-Museum-Fabriek.jpg\",\"width\":1059,\"height\":1059,\"caption\":\"MuseumFabriek Winterswijk\"},\"image\":{\"@id\":\"https:\\\/\\\/museumfabriekwinterswijk.nl\\\/de\\\/#\\\/schema\\\/logo\\\/image\\\/\"}}]}<\/script>\n<!-- \/ Yoast SEO plugin. -->","yoast_head_json":{"title":"Sprechende Geschichte - MuseumFabriek Winterswijk","description":"Die Arbeitsgruppe \u201eSprechende Geschichte\u201c zeichnet die Geschichten der Einwohner von Winterswijk auf, die Zeitzeugen unserer Geschichte sind.","robots":{"index":"index","follow":"follow","max-snippet":"max-snippet:-1","max-image-preview":"max-image-preview:large","max-video-preview":"max-video-preview:-1"},"canonical":"https:\/\/museumfabriekwinterswijk.nl\/de\/verein\/sprechende-geschichte\/","og_locale":"de_DE","og_type":"article","og_title":"Sprechende Geschichte - MuseumFabriek Winterswijk","og_description":"Die Arbeitsgruppe \u201eSprechende Geschichte\u201c zeichnet die Geschichten der Einwohner von Winterswijk auf, die Zeitzeugen unserer Geschichte sind.","og_url":"https:\/\/museumfabriekwinterswijk.nl\/de\/verein\/sprechende-geschichte\/","og_site_name":"MuseumFabriek Winterswijk","article_modified_time":"2025-01-31T09:12:31+00:00","og_image":[{"width":1000,"height":853,"url":"https:\/\/museumfabriekwinterswijk.nl\/wp-content\/uploads\/2024\/11\/logo-goral-history-e1733069156620.png","type":"image\/png"}],"twitter_card":"summary_large_image","twitter_misc":{"Gesch\u00e4tzte Lesezeit":"1\u00a0Minute"},"schema":{"@context":"https:\/\/schema.org","@graph":[{"@type":"WebPage","@id":"https:\/\/museumfabriekwinterswijk.nl\/de\/verein\/sprechende-geschichte\/","url":"https:\/\/museumfabriekwinterswijk.nl\/de\/verein\/sprechende-geschichte\/","name":"Sprechende Geschichte - MuseumFabriek Winterswijk","isPartOf":{"@id":"https:\/\/museumfabriekwinterswijk.nl\/de\/#website"},"primaryImageOfPage":{"@id":"https:\/\/museumfabriekwinterswijk.nl\/de\/verein\/sprechende-geschichte\/#primaryimage"},"image":{"@id":"https:\/\/museumfabriekwinterswijk.nl\/de\/verein\/sprechende-geschichte\/#primaryimage"},"thumbnailUrl":"https:\/\/museumfabriekwinterswijk.nl\/wp-content\/uploads\/2024\/11\/logo-goral-history.png","datePublished":"2024-11-22T08:57:46+00:00","dateModified":"2025-01-31T09:12:31+00:00","description":"Die Arbeitsgruppe \u201eSprechende Geschichte\u201c zeichnet die Geschichten der Einwohner von Winterswijk auf, die Zeitzeugen unserer Geschichte sind.","breadcrumb":{"@id":"https:\/\/museumfabriekwinterswijk.nl\/de\/verein\/sprechende-geschichte\/#breadcrumb"},"inLanguage":"de","potentialAction":[{"@type":"ReadAction","target":["https:\/\/museumfabriekwinterswijk.nl\/de\/verein\/sprechende-geschichte\/"]}]},{"@type":"ImageObject","inLanguage":"de","@id":"https:\/\/museumfabriekwinterswijk.nl\/de\/verein\/sprechende-geschichte\/#primaryimage","url":"https:\/\/museumfabriekwinterswijk.nl\/wp-content\/uploads\/2024\/11\/logo-goral-history.png","contentUrl":"https:\/\/museumfabriekwinterswijk.nl\/wp-content\/uploads\/2024\/11\/logo-goral-history.png"},{"@type":"BreadcrumbList","@id":"https:\/\/museumfabriekwinterswijk.nl\/de\/verein\/sprechende-geschichte\/#breadcrumb","itemListElement":[{"@type":"ListItem","position":1,"name":"Home","item":"https:\/\/museumfabriekwinterswijk.nl\/de\/"},{"@type":"ListItem","position":2,"name":"Verein","item":"https:\/\/museumfabriekwinterswijk.nl\/de\/verein\/"},{"@type":"ListItem","position":3,"name":"Sprechende Geschichte"}]},{"@type":"WebSite","@id":"https:\/\/museumfabriekwinterswijk.nl\/de\/#website","url":"https:\/\/museumfabriekwinterswijk.nl\/de\/","name":"MuseumFabriek Winterswijk","description":"de schatkamer van Winterswijk","publisher":{"@id":"https:\/\/museumfabriekwinterswijk.nl\/de\/#organization"},"potentialAction":[{"@type":"SearchAction","target":{"@type":"EntryPoint","urlTemplate":"https:\/\/museumfabriekwinterswijk.nl\/de\/?s={search_term_string}"},"query-input":{"@type":"PropertyValueSpecification","valueRequired":true,"valueName":"search_term_string"}}],"inLanguage":"de"},{"@type":"Organization","@id":"https:\/\/museumfabriekwinterswijk.nl\/de\/#organization","name":"MuseumFabriek Winterswijk","url":"https:\/\/museumfabriekwinterswijk.nl\/de\/","logo":{"@type":"ImageObject","inLanguage":"de","@id":"https:\/\/museumfabriekwinterswijk.nl\/de\/#\/schema\/logo\/image\/","url":"https:\/\/museumfabriekwinterswijk.nl\/wp-content\/uploads\/2024\/07\/cropped-logo-Museum-Fabriek.jpg","contentUrl":"https:\/\/museumfabriekwinterswijk.nl\/wp-content\/uploads\/2024\/07\/cropped-logo-Museum-Fabriek.jpg","width":1059,"height":1059,"caption":"MuseumFabriek Winterswijk"},"image":{"@id":"https:\/\/museumfabriekwinterswijk.nl\/de\/#\/schema\/logo\/image\/"}}]}},"_links":{"self":[{"href":"https:\/\/museumfabriekwinterswijk.nl\/de\/wp-json\/wp\/v2\/pages\/1847","targetHints":{"allow":["GET"]}}],"collection":[{"href":"https:\/\/museumfabriekwinterswijk.nl\/de\/wp-json\/wp\/v2\/pages"}],"about":[{"href":"https:\/\/museumfabriekwinterswijk.nl\/de\/wp-json\/wp\/v2\/types\/page"}],"author":[{"embeddable":true,"href":"https:\/\/museumfabriekwinterswijk.nl\/de\/wp-json\/wp\/v2\/users\/2"}],"replies":[{"embeddable":true,"href":"https:\/\/museumfabriekwinterswijk.nl\/de\/wp-json\/wp\/v2\/comments?post=1847"}],"version-history":[{"count":1,"href":"https:\/\/museumfabriekwinterswijk.nl\/de\/wp-json\/wp\/v2\/pages\/1847\/revisions"}],"predecessor-version":[{"id":1848,"href":"https:\/\/museumfabriekwinterswijk.nl\/de\/wp-json\/wp\/v2\/pages\/1847\/revisions\/1848"}],"up":[{"embeddable":true,"href":"https:\/\/museumfabriekwinterswijk.nl\/de\/wp-json\/wp\/v2\/pages\/1837"}],"wp:attachment":[{"href":"https:\/\/museumfabriekwinterswijk.nl\/de\/wp-json\/wp\/v2\/media?parent=1847"}],"curies":[{"name":"wp","href":"https:\/\/api.w.org\/{rel}","templated":true}]}}