{"id":1849,"date":"2024-11-29T12:15:45","date_gmt":"2024-11-29T12:15:45","guid":{"rendered":"https:\/\/museumfabriekwinterswijk.nl\/vereinigung\/transkription\/"},"modified":"2025-01-31T10:12:31","modified_gmt":"2025-01-31T10:12:31","slug":"transkription","status":"publish","type":"page","link":"https:\/\/museumfabriekwinterswijk.nl\/de\/verein\/transkription\/","title":{"rendered":"Transkription"},"content":{"rendered":"\n<figure class=\"wp-block-image size-large is-resized\"><img loading=\"lazy\" decoding=\"async\" width=\"1024\" height=\"757\" src=\"https:\/\/museumfabriekwinterswijk.nl\/wp-content\/uploads\/2024\/11\/logo-transcriptie-1024x757.jpg\" alt=\"logo transcriptie MuseumFabriek Winterswijk\" class=\"wp-image-617\" style=\"width:292px;height:auto\"\/><\/figure>\n\n<p>Die Arbeitsgruppe Transkription des Museumsvereins in Winterswijk \u00fcbersetzt alte Handschriften in eine moderne, lesbare Schrift.<\/p>\n\n<p><em>Diejenigen, die ihren Stammbaum oder ihre Geschichte aufarbeiten, geraten in Schwierigkeiten, je weiter sie in die Vergangenheit zur\u00fcckgehen. Diese Manuskripte aus der Zeit vor 1800 sind immer schwerer zu lesen. Transkription ist die \u00dcbertragung von Texten aus alten Handschriften in moderne Schrift. Wenn Sie in einem alten Text stecken bleiben, den Sie nicht lesen k\u00f6nnen, wenden Sie sich an uns.<\/em><\/p>\n\n<h4 class=\"wp-block-heading\">Bei der Arbeitsgruppe Transkription der Vereniging Het Museum k\u00f6nnen eine Reihe von Transkriptionen teils digital, teils in Buchform eingesehen und\/oder heruntergeladen werden.<\/h4>\n\n<p>Sie betreffen:<\/p>\n\n<div class=\"wp-block-media-text has-media-on-the-right is-stacked-on-mobile\" style=\"grid-template-columns:auto 31%\"><div class=\"wp-block-media-text__content\">\n<ul class=\"wp-block-list\">\n<li>classis Zutphen<\/li>\n\n\n\n<li><a href=\"https:\/\/museumfabriekwinterswijk.nl\/flipbook\/notulen-drost-en-geerfden-deel-1-1679-1729\/\" target=\"_blank\" rel=\"noreferrer noopener\">notulen van Drost en Ge\u00ebrfden 1679-1729 (Download)<\/a><\/li>\n\n\n\n<li><a href=\"https:\/\/museumfabriekwinterswijk.nl\/flipbook\/notulen-drost-en-geerfden-bredevoort-dl-2-1729-1813\/\" target=\"_blank\" rel=\"noreferrer noopener\">Notulen Drost en Ge\u00ebrfden Bredevoort dl.2 (1729-1813) (Download)<\/a><\/li>\n\n\n\n<li>notulen Hervormde Kerk 1662-1825<\/li>\n\n\n\n<li>oud rechterlijk archief Bredevoort (ORA), jaren 1533-1535, 1553-1554, 1571-1572, 1664 t\/m 1666<\/li>\n\n\n\n<li>breukenprotocol 1715<\/li>\n\n\n\n<li>rentmeester rekening 1534-1537<\/li>\n\n\n\n<li>Ver\u00e4nderungen w\u00e4hrend der Reformation in Winterswijk (1598-1630)<\/li>\n\n\n\n<li>alte Taten von Huis Bergh<\/li>\n\n\n\n<li>alte Taten van Slot Anholt<\/li>\n\n\n\n<li>de Ravenhorst<\/li>\n\n\n\n<li>Webergilde 1682-1795<\/li>\n\n\n\n<li>Protokolle sowohl f\u00fcr Winterswijk als auch f\u00fcr die Nachbard\u00f6rfer 1630-1749<\/li>\n\n\n\n<li>Notarielles Archiv 1811-1907<\/li>\n\n\n\n<li>idem van Meddo 1533-1811, 1811-1900<\/li>\n\n\n\n<li>zahlreiche Register und Namenslisten<br\/><\/li>\n\n\n\n<li>Weitere Computerdateien (die unter bestimmten Bedingungen eingesehen werden k\u00f6nnen), die Folgendes enthalten: Scans und Abschriften<\/li>\n<\/ul>\n<\/div><figure class=\"wp-block-media-text__media\"><img loading=\"lazy\" decoding=\"async\" width=\"376\" height=\"600\" src=\"https:\/\/museumfabriekwinterswijk.nl\/wp-content\/uploads\/2024\/12\/transcriptie-schrift-1.jpg\" alt=\"Transkription Schriftzeigen Winterswijk\" class=\"wp-image-1073 size-full\" srcset=\"https:\/\/museumfabriekwinterswijk.nl\/wp-content\/uploads\/2024\/12\/transcriptie-schrift-1.jpg 376w, https:\/\/museumfabriekwinterswijk.nl\/wp-content\/uploads\/2024\/12\/transcriptie-schrift-1-300x479.jpg 300w, https:\/\/museumfabriekwinterswijk.nl\/wp-content\/uploads\/2024\/12\/transcriptie-schrift-1-64x102.jpg 64w, https:\/\/museumfabriekwinterswijk.nl\/wp-content\/uploads\/2024\/12\/transcriptie-schrift-1-188x300.jpg 188w\" sizes=\"auto, (max-width: 376px) 100vw, 376px\" \/><\/figure><\/div>\n\n<p class=\"has-color-5-background-color has-background\">F\u00fcr Informationen und zur Vereinbarung eines Termins senden Sie bitte eine E-Mail: <strong><a href=\"mailto:hip@museumfabriekwinterswijk.nl\" target=\"_blank\" rel=\"noreferrer noopener\">hip@museumfabriekwinterswijk.nl<\/a><\/strong><\/p>\n\n<p><\/p>\n","protected":false},"excerpt":{"rendered":"<p>Die Arbeitsgruppe Transkription des Museumsvereins in Winterswijk \u00fcbersetzt alte Handschriften in eine moderne, lesbare Schrift. Diejenigen, die ihren Stammbaum oder ihre Geschichte aufarbeiten, geraten in Schwierigkeiten, je weiter sie in die Vergangenheit zur\u00fcckgehen. Diese Manuskripte aus der Zeit vor 1800 sind immer schwerer zu lesen. Transkription ist die \u00dcbertragung von Texten aus alten Handschriften in [&hellip;]<\/p>\n","protected":false},"author":2,"featured_media":0,"parent":1837,"menu_order":0,"comment_status":"closed","ping_status":"closed","template":"","meta":{"_acf_changed":false,"footnotes":""},"class_list":["post-1849","page","type-page","status-publish","hentry"],"acf":[],"yoast_head":"<!-- This site is optimized with the Yoast SEO plugin v27.4 - https:\/\/yoast.com\/product\/yoast-seo-wordpress\/ -->\n<title>Transkription - MuseumFabriek Winterswijk<\/title>\n<meta name=\"description\" content=\"Die Arbeitsgruppe Transkription des Museumsvereins in Winterswijk \u00fcbersetzt alte Handschriften in eine moderne, lesbare Schrift.\" \/>\n<meta name=\"robots\" content=\"index, follow, max-snippet:-1, max-image-preview:large, max-video-preview:-1\" \/>\n<link rel=\"canonical\" href=\"https:\/\/museumfabriekwinterswijk.nl\/de\/verein\/transkription\/\" \/>\n<meta property=\"og:locale\" content=\"de_DE\" \/>\n<meta property=\"og:type\" content=\"article\" \/>\n<meta property=\"og:title\" content=\"Transkription - MuseumFabriek Winterswijk\" \/>\n<meta property=\"og:description\" content=\"Die Arbeitsgruppe Transkription des Museumsvereins in Winterswijk \u00fcbersetzt alte Handschriften in eine moderne, lesbare Schrift.\" \/>\n<meta property=\"og:url\" content=\"https:\/\/museumfabriekwinterswijk.nl\/de\/verein\/transkription\/\" \/>\n<meta property=\"og:site_name\" content=\"MuseumFabriek Winterswijk\" \/>\n<meta property=\"article:modified_time\" content=\"2025-01-31T10:12:31+00:00\" \/>\n<meta property=\"og:image\" content=\"https:\/\/museumfabriekwinterswijk.nl\/wp-content\/uploads\/2024\/11\/logo-transcriptie-e1733069195624.jpg\" \/>\n\t<meta property=\"og:image:width\" content=\"1000\" \/>\n\t<meta property=\"og:image:height\" content=\"739\" \/>\n\t<meta property=\"og:image:type\" content=\"image\/jpeg\" \/>\n<meta name=\"twitter:card\" content=\"summary_large_image\" \/>\n<meta name=\"twitter:label1\" content=\"Gesch\u00e4tzte Lesezeit\" \/>\n\t<meta name=\"twitter:data1\" content=\"1\u00a0Minute\" \/>\n<script type=\"application\/ld+json\" class=\"yoast-schema-graph\">{\"@context\":\"https:\\\/\\\/schema.org\",\"@graph\":[{\"@type\":\"WebPage\",\"@id\":\"https:\\\/\\\/museumfabriekwinterswijk.nl\\\/de\\\/verein\\\/transkription\\\/\",\"url\":\"https:\\\/\\\/museumfabriekwinterswijk.nl\\\/de\\\/verein\\\/transkription\\\/\",\"name\":\"Transkription - MuseumFabriek Winterswijk\",\"isPartOf\":{\"@id\":\"https:\\\/\\\/museumfabriekwinterswijk.nl\\\/de\\\/#website\"},\"primaryImageOfPage\":{\"@id\":\"https:\\\/\\\/museumfabriekwinterswijk.nl\\\/de\\\/verein\\\/transkription\\\/#primaryimage\"},\"image\":{\"@id\":\"https:\\\/\\\/museumfabriekwinterswijk.nl\\\/de\\\/verein\\\/transkription\\\/#primaryimage\"},\"thumbnailUrl\":\"https:\\\/\\\/museumfabriekwinterswijk.nl\\\/wp-content\\\/uploads\\\/2024\\\/11\\\/logo-transcriptie-1024x757.jpg\",\"datePublished\":\"2024-11-29T12:15:45+00:00\",\"dateModified\":\"2025-01-31T10:12:31+00:00\",\"description\":\"Die Arbeitsgruppe Transkription des Museumsvereins in Winterswijk \u00fcbersetzt alte Handschriften in eine moderne, lesbare Schrift.\",\"breadcrumb\":{\"@id\":\"https:\\\/\\\/museumfabriekwinterswijk.nl\\\/de\\\/verein\\\/transkription\\\/#breadcrumb\"},\"inLanguage\":\"de\",\"potentialAction\":[{\"@type\":\"ReadAction\",\"target\":[\"https:\\\/\\\/museumfabriekwinterswijk.nl\\\/de\\\/verein\\\/transkription\\\/\"]}]},{\"@type\":\"ImageObject\",\"inLanguage\":\"de\",\"@id\":\"https:\\\/\\\/museumfabriekwinterswijk.nl\\\/de\\\/verein\\\/transkription\\\/#primaryimage\",\"url\":\"https:\\\/\\\/museumfabriekwinterswijk.nl\\\/wp-content\\\/uploads\\\/2024\\\/11\\\/logo-transcriptie-1024x757.jpg\",\"contentUrl\":\"https:\\\/\\\/museumfabriekwinterswijk.nl\\\/wp-content\\\/uploads\\\/2024\\\/11\\\/logo-transcriptie-1024x757.jpg\"},{\"@type\":\"BreadcrumbList\",\"@id\":\"https:\\\/\\\/museumfabriekwinterswijk.nl\\\/de\\\/verein\\\/transkription\\\/#breadcrumb\",\"itemListElement\":[{\"@type\":\"ListItem\",\"position\":1,\"name\":\"Home\",\"item\":\"https:\\\/\\\/museumfabriekwinterswijk.nl\\\/de\\\/\"},{\"@type\":\"ListItem\",\"position\":2,\"name\":\"Verein\",\"item\":\"https:\\\/\\\/museumfabriekwinterswijk.nl\\\/de\\\/verein\\\/\"},{\"@type\":\"ListItem\",\"position\":3,\"name\":\"Transkription\"}]},{\"@type\":\"WebSite\",\"@id\":\"https:\\\/\\\/museumfabriekwinterswijk.nl\\\/de\\\/#website\",\"url\":\"https:\\\/\\\/museumfabriekwinterswijk.nl\\\/de\\\/\",\"name\":\"MuseumFabriek Winterswijk\",\"description\":\"de schatkamer van Winterswijk\",\"publisher\":{\"@id\":\"https:\\\/\\\/museumfabriekwinterswijk.nl\\\/de\\\/#organization\"},\"potentialAction\":[{\"@type\":\"SearchAction\",\"target\":{\"@type\":\"EntryPoint\",\"urlTemplate\":\"https:\\\/\\\/museumfabriekwinterswijk.nl\\\/de\\\/?s={search_term_string}\"},\"query-input\":{\"@type\":\"PropertyValueSpecification\",\"valueRequired\":true,\"valueName\":\"search_term_string\"}}],\"inLanguage\":\"de\"},{\"@type\":\"Organization\",\"@id\":\"https:\\\/\\\/museumfabriekwinterswijk.nl\\\/de\\\/#organization\",\"name\":\"MuseumFabriek Winterswijk\",\"url\":\"https:\\\/\\\/museumfabriekwinterswijk.nl\\\/de\\\/\",\"logo\":{\"@type\":\"ImageObject\",\"inLanguage\":\"de\",\"@id\":\"https:\\\/\\\/museumfabriekwinterswijk.nl\\\/de\\\/#\\\/schema\\\/logo\\\/image\\\/\",\"url\":\"https:\\\/\\\/museumfabriekwinterswijk.nl\\\/wp-content\\\/uploads\\\/2024\\\/07\\\/cropped-logo-Museum-Fabriek.jpg\",\"contentUrl\":\"https:\\\/\\\/museumfabriekwinterswijk.nl\\\/wp-content\\\/uploads\\\/2024\\\/07\\\/cropped-logo-Museum-Fabriek.jpg\",\"width\":1059,\"height\":1059,\"caption\":\"MuseumFabriek Winterswijk\"},\"image\":{\"@id\":\"https:\\\/\\\/museumfabriekwinterswijk.nl\\\/de\\\/#\\\/schema\\\/logo\\\/image\\\/\"}}]}<\/script>\n<!-- \/ Yoast SEO plugin. -->","yoast_head_json":{"title":"Transkription - MuseumFabriek Winterswijk","description":"Die Arbeitsgruppe Transkription des Museumsvereins in Winterswijk \u00fcbersetzt alte Handschriften in eine moderne, lesbare Schrift.","robots":{"index":"index","follow":"follow","max-snippet":"max-snippet:-1","max-image-preview":"max-image-preview:large","max-video-preview":"max-video-preview:-1"},"canonical":"https:\/\/museumfabriekwinterswijk.nl\/de\/verein\/transkription\/","og_locale":"de_DE","og_type":"article","og_title":"Transkription - MuseumFabriek Winterswijk","og_description":"Die Arbeitsgruppe Transkription des Museumsvereins in Winterswijk \u00fcbersetzt alte Handschriften in eine moderne, lesbare Schrift.","og_url":"https:\/\/museumfabriekwinterswijk.nl\/de\/verein\/transkription\/","og_site_name":"MuseumFabriek Winterswijk","article_modified_time":"2025-01-31T10:12:31+00:00","og_image":[{"width":1000,"height":739,"url":"https:\/\/museumfabriekwinterswijk.nl\/wp-content\/uploads\/2024\/11\/logo-transcriptie-e1733069195624.jpg","type":"image\/jpeg"}],"twitter_card":"summary_large_image","twitter_misc":{"Gesch\u00e4tzte Lesezeit":"1\u00a0Minute"},"schema":{"@context":"https:\/\/schema.org","@graph":[{"@type":"WebPage","@id":"https:\/\/museumfabriekwinterswijk.nl\/de\/verein\/transkription\/","url":"https:\/\/museumfabriekwinterswijk.nl\/de\/verein\/transkription\/","name":"Transkription - MuseumFabriek Winterswijk","isPartOf":{"@id":"https:\/\/museumfabriekwinterswijk.nl\/de\/#website"},"primaryImageOfPage":{"@id":"https:\/\/museumfabriekwinterswijk.nl\/de\/verein\/transkription\/#primaryimage"},"image":{"@id":"https:\/\/museumfabriekwinterswijk.nl\/de\/verein\/transkription\/#primaryimage"},"thumbnailUrl":"https:\/\/museumfabriekwinterswijk.nl\/wp-content\/uploads\/2024\/11\/logo-transcriptie-1024x757.jpg","datePublished":"2024-11-29T12:15:45+00:00","dateModified":"2025-01-31T10:12:31+00:00","description":"Die Arbeitsgruppe Transkription des Museumsvereins in Winterswijk \u00fcbersetzt alte Handschriften in eine moderne, lesbare Schrift.","breadcrumb":{"@id":"https:\/\/museumfabriekwinterswijk.nl\/de\/verein\/transkription\/#breadcrumb"},"inLanguage":"de","potentialAction":[{"@type":"ReadAction","target":["https:\/\/museumfabriekwinterswijk.nl\/de\/verein\/transkription\/"]}]},{"@type":"ImageObject","inLanguage":"de","@id":"https:\/\/museumfabriekwinterswijk.nl\/de\/verein\/transkription\/#primaryimage","url":"https:\/\/museumfabriekwinterswijk.nl\/wp-content\/uploads\/2024\/11\/logo-transcriptie-1024x757.jpg","contentUrl":"https:\/\/museumfabriekwinterswijk.nl\/wp-content\/uploads\/2024\/11\/logo-transcriptie-1024x757.jpg"},{"@type":"BreadcrumbList","@id":"https:\/\/museumfabriekwinterswijk.nl\/de\/verein\/transkription\/#breadcrumb","itemListElement":[{"@type":"ListItem","position":1,"name":"Home","item":"https:\/\/museumfabriekwinterswijk.nl\/de\/"},{"@type":"ListItem","position":2,"name":"Verein","item":"https:\/\/museumfabriekwinterswijk.nl\/de\/verein\/"},{"@type":"ListItem","position":3,"name":"Transkription"}]},{"@type":"WebSite","@id":"https:\/\/museumfabriekwinterswijk.nl\/de\/#website","url":"https:\/\/museumfabriekwinterswijk.nl\/de\/","name":"MuseumFabriek Winterswijk","description":"de schatkamer van Winterswijk","publisher":{"@id":"https:\/\/museumfabriekwinterswijk.nl\/de\/#organization"},"potentialAction":[{"@type":"SearchAction","target":{"@type":"EntryPoint","urlTemplate":"https:\/\/museumfabriekwinterswijk.nl\/de\/?s={search_term_string}"},"query-input":{"@type":"PropertyValueSpecification","valueRequired":true,"valueName":"search_term_string"}}],"inLanguage":"de"},{"@type":"Organization","@id":"https:\/\/museumfabriekwinterswijk.nl\/de\/#organization","name":"MuseumFabriek Winterswijk","url":"https:\/\/museumfabriekwinterswijk.nl\/de\/","logo":{"@type":"ImageObject","inLanguage":"de","@id":"https:\/\/museumfabriekwinterswijk.nl\/de\/#\/schema\/logo\/image\/","url":"https:\/\/museumfabriekwinterswijk.nl\/wp-content\/uploads\/2024\/07\/cropped-logo-Museum-Fabriek.jpg","contentUrl":"https:\/\/museumfabriekwinterswijk.nl\/wp-content\/uploads\/2024\/07\/cropped-logo-Museum-Fabriek.jpg","width":1059,"height":1059,"caption":"MuseumFabriek Winterswijk"},"image":{"@id":"https:\/\/museumfabriekwinterswijk.nl\/de\/#\/schema\/logo\/image\/"}}]}},"_links":{"self":[{"href":"https:\/\/museumfabriekwinterswijk.nl\/de\/wp-json\/wp\/v2\/pages\/1849","targetHints":{"allow":["GET"]}}],"collection":[{"href":"https:\/\/museumfabriekwinterswijk.nl\/de\/wp-json\/wp\/v2\/pages"}],"about":[{"href":"https:\/\/museumfabriekwinterswijk.nl\/de\/wp-json\/wp\/v2\/types\/page"}],"author":[{"embeddable":true,"href":"https:\/\/museumfabriekwinterswijk.nl\/de\/wp-json\/wp\/v2\/users\/2"}],"replies":[{"embeddable":true,"href":"https:\/\/museumfabriekwinterswijk.nl\/de\/wp-json\/wp\/v2\/comments?post=1849"}],"version-history":[{"count":1,"href":"https:\/\/museumfabriekwinterswijk.nl\/de\/wp-json\/wp\/v2\/pages\/1849\/revisions"}],"predecessor-version":[{"id":1850,"href":"https:\/\/museumfabriekwinterswijk.nl\/de\/wp-json\/wp\/v2\/pages\/1849\/revisions\/1850"}],"up":[{"embeddable":true,"href":"https:\/\/museumfabriekwinterswijk.nl\/de\/wp-json\/wp\/v2\/pages\/1837"}],"wp:attachment":[{"href":"https:\/\/museumfabriekwinterswijk.nl\/de\/wp-json\/wp\/v2\/media?parent=1849"}],"curies":[{"name":"wp","href":"https:\/\/api.w.org\/{rel}","templated":true}]}}