{"id":1851,"date":"2024-09-12T15:23:24","date_gmt":"2024-09-12T15:23:24","guid":{"rendered":"https:\/\/museumfabriekwinterswijk.nl\/vereinigung\/freiwilliger-helfer-werden\/"},"modified":"2025-02-06T14:51:57","modified_gmt":"2025-02-06T14:51:57","slug":"freiwilliger-helfer-werden","status":"publish","type":"page","link":"https:\/\/museumfabriekwinterswijk.nl\/de\/verein\/freiwilliger-helfer-werden\/","title":{"rendered":"Freiwilliger Helfer werden?"},"content":{"rendered":"\n<p>Werden Sie unser neuer Freiwilliger und wollen Sie Teil von die &#8222;MuseumFabriek&#8220; Winterswijk werden?<\/p>\n\n\n\n<div style=\"height:3rem\" aria-hidden=\"true\" class=\"wp-block-spacer\"><\/div>\n\n\n<\/section>\r\n\r\n<section class=\"u-clearfix u-section-header1 check u-palette-4-base\" id=\"section-block_32e86f4531a5a5d4ebe7caabd18731fd\">\r\n  <div class=\"u-clearfix u-sheet u-valign-top-lg u-valign-top-md u-valign-top-xl u-valign-top-xxl u-sheet-1\">\r\n    <div class=\"custom-expanded data-layout-selected shadow u-clearfix u-expanded-width-lg u-expanded-width-xl u-expanded-width-xxl u-gutter-0 u-layout-wrap u-layout-wrap-1\">\r\n      <div class=\"u-layout\">\r\n        <div class=\"u-layout-row\">\r\n          <div class=\"u-container-style u-layout-cell u-size-24-xl u-size-24-xxl u-size-25-lg u-size-60-md u-size-60-sm u-size-60-xs u-layout-cell-1 order-1\">\r\n            <div class=\"u-container-layout u-container-layout-1\">\r\n              <div class=\"u-container-style u-expanded-width u-group u-group-1\">\r\n                <div class=\"u-container-layout u-valign-middle u-container-layout-2\">\r\n                  <h2 class='u-text u-text-default u-text-1 has-large-font-size'>Was bieten wir Ihnen an?<\/h2>                  <div class=\"u-text u-text-default u-text-2\"><p>Sie sind Teil eines dynamischen Teams und arbeiten an verschiedenen Projekten mit.<\/p>\n<ul>\n<li>Pers\u00f6nliche Entwicklung: Entwickeln Sie Ihre Talente und erlernen Sie neue F\u00e4higkeiten.<\/li>\n<li>Ein herzliches Willkommen: Sie werden gut eingearbeitet und erhalten alle Unterst\u00fctzung, die Sie brauchen.<\/li>\n<li>Nette Kollegen: Sie arbeiten mit einem freundlichen Team von Freiwilligen zusammen.<\/li>\n<li>Freier Eintritt ins Museum: Besuchen Sie das Museum so oft Sie wollen!<\/li>\n<\/ul>\n<\/div>\r\n                  <div class=\"buttons\">\r\n                                    <a class=\"u-btn u-button-style u-palette-3-base\" href=\"https:\/\/museumfabriekwinterswijk.nl\/de\/freiwillige\/\" target=\"\">\r\n                ich m\u00f6chte mich auch als Freiwilliger melden            <\/a>\r\n            <\/div>                <\/div>\r\n              <\/div>\r\n            <\/div>\r\n          <\/div>\r\n          <div class=\"u-container-style u-image u-layout-cell u-size-35-lg u-size-36-xl u-size-36-xxl u-size-60-md u-size-60-sm u-size-60-xs u-image-1 order-2\" data-image-width=\"2100\" data-image-height=\"1400\" style=\"background-image: url('https:\/\/museumfabriekwinterswijk.nl\/wp-content\/uploads\/2025\/01\/vrijwilligers-2025.jpg');\">\r\n            <div class=\"u-container-layout u-valign-bottom-lg u-valign-bottom-md u-valign-bottom-xs u-container-layout-3\"><\/div>\r\n          <\/div>\r\n        <\/div>\r\n      <\/div>\r\n    <\/div>\r\n  <\/div>\r\n<\/section>\r\n\r\n\r\n<section class=\"u-sheet\">\n\n\n<div style=\"height:3rem\" aria-hidden=\"true\" class=\"wp-block-spacer\"><\/div>\n\n\n\n<h2 class=\"wp-block-heading\">Wonach suchen wir?<\/h2>\n\n\n\n<p>Wir suchen Menschen, die: <\/p>\n\n\n\n<ul class=\"wp-block-list\">\n<li>Begeisterungsf\u00e4hig und flexibel sein<\/li>\n\n\n\n<li>Interesse an Kunst, Kultur und Geschichte<\/li>\n\n\n\n<li>Bereitschaft, eine bestimmte Anzahl von Stunden pro Woche zu arbeiten<\/li>\n\n\n\n<li>Sie m\u00fcssen gut zusammenarbeiten k\u00f6nnen und die niederl\u00e4ndische Sprache angemessen beherrschen.<\/li>\n<\/ul>\n\n\n\n<div style=\"height:1rem\" aria-hidden=\"true\" class=\"wp-block-spacer\"><\/div>\n\n\n\n<h2 class=\"wp-block-heading\">Was k\u00f6nnen Sie als Freiwilliger tun?<\/h2>\n\n\n\n<p>Es gibt verschiedene M\u00f6glichkeiten, in der MuseumFabriek Freiwilligenarbeit zu leisten, darunter:<\/p>\n\n\n\n<ul class=\"wp-block-list\">\n<li>G\u00e4stef\u00fchrer: F\u00fchren Sie die Besucher und beantworten Sie ihre Fragen.<\/li>\n\n\n\n<li>Sammlungsassistent: Sie helfen bei der Betreuung der Sammlung.<\/li>\n\n\n\n<li>Mitglied eines Bautrupps: Mithilfe beim Bau neuer Exponate und beim Umbau von Innenr\u00e4umen.<\/li>\n\n\n\n<li>Weberei-Assistent: Wartung und Bedienung historischer Webst\u00fchle<\/li>\n\n\n\n<li>Er sammelt alte und historische Geschichten und Fakten und h\u00e4lt sie schriftlich fest.<\/li>\n\n\n\n<li>Mitarbeiter-Reminiszenz: Stellt Koffer mit Gegenst\u00e4nden aus der Vergangenheit zusammen. Die Gegenst\u00e4nde aus dem Erinnerungskoffer helfen dementen \u00e4lteren Menschen, Erinnerungen und Gespr\u00e4che auszul\u00f6sen. <\/li>\n<\/ul>\n\n\n\n<div style=\"height:1rem\" aria-hidden=\"true\" class=\"wp-block-spacer\"><\/div>\n\n\n\n<h2 class=\"wp-block-heading\">Sie sind interessiert?<\/h2>\n\n\n\n<p>Melden Sie sich mit diesem <strong><a href=\"https:\/\/museumfabriekwinterswijk.nl\/de\/freiwillige\/\" target=\"_blank\" rel=\"noreferrer noopener\">diesem Formular<\/a><\/strong> an oder senden Sie eine E-Mail an <a href=\"mailto:info@museumfabriekwinterswijk.nl\">info@museumfabriekwinterswijk.nl<\/a> oder rufen Sie 0543-533 533 an. Wir werden Ihnen gerne mehr \u00fcber die M\u00f6glichkeiten erz\u00e4hlen. <\/p>\n\n\n\n<div style=\"height:3rem\" aria-hidden=\"true\" class=\"wp-block-spacer\"><\/div>\n\n\n\n<p><\/p>\n","protected":false},"excerpt":{"rendered":"<p>Werden Sie unser neuer Freiwilliger und wollen Sie Teil von die &#8222;MuseumFabriek&#8220; Winterswijk werden? Wonach suchen wir? Wir suchen Menschen, die: Was k\u00f6nnen Sie als Freiwilliger tun? Es gibt verschiedene M\u00f6glichkeiten, in der MuseumFabriek Freiwilligenarbeit zu leisten, darunter: Sie sind interessiert? Melden Sie sich mit diesem diesem Formular an oder senden Sie eine E-Mail an [&hellip;]<\/p>\n","protected":false},"author":1,"featured_media":0,"parent":1837,"menu_order":0,"comment_status":"closed","ping_status":"closed","template":"","meta":{"_acf_changed":false,"footnotes":""},"class_list":["post-1851","page","type-page","status-publish","hentry"],"acf":[],"yoast_head":"<!-- This site is optimized with the Yoast SEO plugin v27.5 - https:\/\/yoast.com\/product\/yoast-seo-wordpress\/ -->\n<title>Freiwilliger Helfer werden? - MuseumFabriek Winterswijk<\/title>\n<meta name=\"robots\" content=\"index, follow, max-snippet:-1, max-image-preview:large, max-video-preview:-1\" \/>\n<link rel=\"canonical\" href=\"https:\/\/museumfabriekwinterswijk.nl\/de\/verein\/freiwilliger-helfer-werden\/\" \/>\n<meta property=\"og:locale\" content=\"de_DE\" \/>\n<meta property=\"og:type\" content=\"article\" \/>\n<meta property=\"og:title\" content=\"Freiwilliger Helfer werden? - MuseumFabriek Winterswijk\" \/>\n<meta property=\"og:description\" content=\"Werden Sie unser neuer Freiwilliger und wollen Sie Teil von die &#8222;MuseumFabriek&#8220; Winterswijk werden? Wonach suchen wir? Wir suchen Menschen, die: Was k\u00f6nnen Sie als Freiwilliger tun? Es gibt verschiedene M\u00f6glichkeiten, in der MuseumFabriek Freiwilligenarbeit zu leisten, darunter: Sie sind interessiert? Melden Sie sich mit diesem diesem Formular an oder senden Sie eine E-Mail an [&hellip;]\" \/>\n<meta property=\"og:url\" content=\"https:\/\/museumfabriekwinterswijk.nl\/de\/verein\/freiwilliger-helfer-werden\/\" \/>\n<meta property=\"og:site_name\" content=\"MuseumFabriek Winterswijk\" \/>\n<meta property=\"article:modified_time\" content=\"2025-02-06T14:51:57+00:00\" \/>\n<meta name=\"twitter:card\" content=\"summary_large_image\" \/>\n<meta name=\"twitter:label1\" content=\"Gesch\u00e4tzte Lesezeit\" \/>\n\t<meta name=\"twitter:data1\" content=\"1\u00a0Minute\" \/>\n<script type=\"application\/ld+json\" class=\"yoast-schema-graph\">{\"@context\":\"https:\\\/\\\/schema.org\",\"@graph\":[{\"@type\":\"WebPage\",\"@id\":\"https:\\\/\\\/museumfabriekwinterswijk.nl\\\/de\\\/verein\\\/freiwilliger-helfer-werden\\\/\",\"url\":\"https:\\\/\\\/museumfabriekwinterswijk.nl\\\/de\\\/verein\\\/freiwilliger-helfer-werden\\\/\",\"name\":\"Freiwilliger Helfer werden? - MuseumFabriek Winterswijk\",\"isPartOf\":{\"@id\":\"https:\\\/\\\/museumfabriekwinterswijk.nl\\\/de\\\/#website\"},\"datePublished\":\"2024-09-12T15:23:24+00:00\",\"dateModified\":\"2025-02-06T14:51:57+00:00\",\"breadcrumb\":{\"@id\":\"https:\\\/\\\/museumfabriekwinterswijk.nl\\\/de\\\/verein\\\/freiwilliger-helfer-werden\\\/#breadcrumb\"},\"inLanguage\":\"de\",\"potentialAction\":[{\"@type\":\"ReadAction\",\"target\":[\"https:\\\/\\\/museumfabriekwinterswijk.nl\\\/de\\\/verein\\\/freiwilliger-helfer-werden\\\/\"]}]},{\"@type\":\"BreadcrumbList\",\"@id\":\"https:\\\/\\\/museumfabriekwinterswijk.nl\\\/de\\\/verein\\\/freiwilliger-helfer-werden\\\/#breadcrumb\",\"itemListElement\":[{\"@type\":\"ListItem\",\"position\":1,\"name\":\"Home\",\"item\":\"https:\\\/\\\/museumfabriekwinterswijk.nl\\\/de\\\/\"},{\"@type\":\"ListItem\",\"position\":2,\"name\":\"Verein\",\"item\":\"https:\\\/\\\/museumfabriekwinterswijk.nl\\\/de\\\/verein\\\/\"},{\"@type\":\"ListItem\",\"position\":3,\"name\":\"Freiwilliger Helfer werden?\"}]},{\"@type\":\"WebSite\",\"@id\":\"https:\\\/\\\/museumfabriekwinterswijk.nl\\\/de\\\/#website\",\"url\":\"https:\\\/\\\/museumfabriekwinterswijk.nl\\\/de\\\/\",\"name\":\"MuseumFabriek Winterswijk\",\"description\":\"de schatkamer van Winterswijk\",\"publisher\":{\"@id\":\"https:\\\/\\\/museumfabriekwinterswijk.nl\\\/de\\\/#organization\"},\"potentialAction\":[{\"@type\":\"SearchAction\",\"target\":{\"@type\":\"EntryPoint\",\"urlTemplate\":\"https:\\\/\\\/museumfabriekwinterswijk.nl\\\/de\\\/?s={search_term_string}\"},\"query-input\":{\"@type\":\"PropertyValueSpecification\",\"valueRequired\":true,\"valueName\":\"search_term_string\"}}],\"inLanguage\":\"de\"},{\"@type\":\"Organization\",\"@id\":\"https:\\\/\\\/museumfabriekwinterswijk.nl\\\/de\\\/#organization\",\"name\":\"MuseumFabriek Winterswijk\",\"url\":\"https:\\\/\\\/museumfabriekwinterswijk.nl\\\/de\\\/\",\"logo\":{\"@type\":\"ImageObject\",\"inLanguage\":\"de\",\"@id\":\"https:\\\/\\\/museumfabriekwinterswijk.nl\\\/de\\\/#\\\/schema\\\/logo\\\/image\\\/\",\"url\":\"https:\\\/\\\/museumfabriekwinterswijk.nl\\\/wp-content\\\/uploads\\\/2024\\\/07\\\/cropped-logo-Museum-Fabriek.jpg\",\"contentUrl\":\"https:\\\/\\\/museumfabriekwinterswijk.nl\\\/wp-content\\\/uploads\\\/2024\\\/07\\\/cropped-logo-Museum-Fabriek.jpg\",\"width\":1059,\"height\":1059,\"caption\":\"MuseumFabriek Winterswijk\"},\"image\":{\"@id\":\"https:\\\/\\\/museumfabriekwinterswijk.nl\\\/de\\\/#\\\/schema\\\/logo\\\/image\\\/\"}}]}<\/script>\n<!-- \/ Yoast SEO plugin. -->","yoast_head_json":{"title":"Freiwilliger Helfer werden? - MuseumFabriek Winterswijk","robots":{"index":"index","follow":"follow","max-snippet":"max-snippet:-1","max-image-preview":"max-image-preview:large","max-video-preview":"max-video-preview:-1"},"canonical":"https:\/\/museumfabriekwinterswijk.nl\/de\/verein\/freiwilliger-helfer-werden\/","og_locale":"de_DE","og_type":"article","og_title":"Freiwilliger Helfer werden? - MuseumFabriek Winterswijk","og_description":"Werden Sie unser neuer Freiwilliger und wollen Sie Teil von die &#8222;MuseumFabriek&#8220; Winterswijk werden? Wonach suchen wir? Wir suchen Menschen, die: Was k\u00f6nnen Sie als Freiwilliger tun? Es gibt verschiedene M\u00f6glichkeiten, in der MuseumFabriek Freiwilligenarbeit zu leisten, darunter: Sie sind interessiert? Melden Sie sich mit diesem diesem Formular an oder senden Sie eine E-Mail an [&hellip;]","og_url":"https:\/\/museumfabriekwinterswijk.nl\/de\/verein\/freiwilliger-helfer-werden\/","og_site_name":"MuseumFabriek Winterswijk","article_modified_time":"2025-02-06T14:51:57+00:00","twitter_card":"summary_large_image","twitter_misc":{"Gesch\u00e4tzte Lesezeit":"1\u00a0Minute"},"schema":{"@context":"https:\/\/schema.org","@graph":[{"@type":"WebPage","@id":"https:\/\/museumfabriekwinterswijk.nl\/de\/verein\/freiwilliger-helfer-werden\/","url":"https:\/\/museumfabriekwinterswijk.nl\/de\/verein\/freiwilliger-helfer-werden\/","name":"Freiwilliger Helfer werden? - MuseumFabriek Winterswijk","isPartOf":{"@id":"https:\/\/museumfabriekwinterswijk.nl\/de\/#website"},"datePublished":"2024-09-12T15:23:24+00:00","dateModified":"2025-02-06T14:51:57+00:00","breadcrumb":{"@id":"https:\/\/museumfabriekwinterswijk.nl\/de\/verein\/freiwilliger-helfer-werden\/#breadcrumb"},"inLanguage":"de","potentialAction":[{"@type":"ReadAction","target":["https:\/\/museumfabriekwinterswijk.nl\/de\/verein\/freiwilliger-helfer-werden\/"]}]},{"@type":"BreadcrumbList","@id":"https:\/\/museumfabriekwinterswijk.nl\/de\/verein\/freiwilliger-helfer-werden\/#breadcrumb","itemListElement":[{"@type":"ListItem","position":1,"name":"Home","item":"https:\/\/museumfabriekwinterswijk.nl\/de\/"},{"@type":"ListItem","position":2,"name":"Verein","item":"https:\/\/museumfabriekwinterswijk.nl\/de\/verein\/"},{"@type":"ListItem","position":3,"name":"Freiwilliger Helfer werden?"}]},{"@type":"WebSite","@id":"https:\/\/museumfabriekwinterswijk.nl\/de\/#website","url":"https:\/\/museumfabriekwinterswijk.nl\/de\/","name":"MuseumFabriek Winterswijk","description":"de schatkamer van Winterswijk","publisher":{"@id":"https:\/\/museumfabriekwinterswijk.nl\/de\/#organization"},"potentialAction":[{"@type":"SearchAction","target":{"@type":"EntryPoint","urlTemplate":"https:\/\/museumfabriekwinterswijk.nl\/de\/?s={search_term_string}"},"query-input":{"@type":"PropertyValueSpecification","valueRequired":true,"valueName":"search_term_string"}}],"inLanguage":"de"},{"@type":"Organization","@id":"https:\/\/museumfabriekwinterswijk.nl\/de\/#organization","name":"MuseumFabriek Winterswijk","url":"https:\/\/museumfabriekwinterswijk.nl\/de\/","logo":{"@type":"ImageObject","inLanguage":"de","@id":"https:\/\/museumfabriekwinterswijk.nl\/de\/#\/schema\/logo\/image\/","url":"https:\/\/museumfabriekwinterswijk.nl\/wp-content\/uploads\/2024\/07\/cropped-logo-Museum-Fabriek.jpg","contentUrl":"https:\/\/museumfabriekwinterswijk.nl\/wp-content\/uploads\/2024\/07\/cropped-logo-Museum-Fabriek.jpg","width":1059,"height":1059,"caption":"MuseumFabriek Winterswijk"},"image":{"@id":"https:\/\/museumfabriekwinterswijk.nl\/de\/#\/schema\/logo\/image\/"}}]}},"_links":{"self":[{"href":"https:\/\/museumfabriekwinterswijk.nl\/de\/wp-json\/wp\/v2\/pages\/1851","targetHints":{"allow":["GET"]}}],"collection":[{"href":"https:\/\/museumfabriekwinterswijk.nl\/de\/wp-json\/wp\/v2\/pages"}],"about":[{"href":"https:\/\/museumfabriekwinterswijk.nl\/de\/wp-json\/wp\/v2\/types\/page"}],"author":[{"embeddable":true,"href":"https:\/\/museumfabriekwinterswijk.nl\/de\/wp-json\/wp\/v2\/users\/1"}],"replies":[{"embeddable":true,"href":"https:\/\/museumfabriekwinterswijk.nl\/de\/wp-json\/wp\/v2\/comments?post=1851"}],"version-history":[{"count":2,"href":"https:\/\/museumfabriekwinterswijk.nl\/de\/wp-json\/wp\/v2\/pages\/1851\/revisions"}],"predecessor-version":[{"id":1998,"href":"https:\/\/museumfabriekwinterswijk.nl\/de\/wp-json\/wp\/v2\/pages\/1851\/revisions\/1998"}],"up":[{"embeddable":true,"href":"https:\/\/museumfabriekwinterswijk.nl\/de\/wp-json\/wp\/v2\/pages\/1837"}],"wp:attachment":[{"href":"https:\/\/museumfabriekwinterswijk.nl\/de\/wp-json\/wp\/v2\/media?parent=1851"}],"curies":[{"name":"wp","href":"https:\/\/api.w.org\/{rel}","templated":true}]}}