{"id":1855,"date":"2024-07-30T10:07:17","date_gmt":"2024-07-30T10:07:17","guid":{"rendered":"https:\/\/museumfabriekwinterswijk.nl\/vereinigung\/anbi\/"},"modified":"2026-04-15T10:04:29","modified_gmt":"2026-04-15T10:04:29","slug":"anbi","status":"publish","type":"page","link":"https:\/\/museumfabriekwinterswijk.nl\/de\/verein\/anbi\/","title":{"rendered":"ANBI"},"content":{"rendered":"\n<div class=\"wp-block-columns is-layout-flex wp-container-core-columns-is-layout-9d6595d7 wp-block-columns-is-layout-flex\">\n<div class=\"wp-block-column is-layout-flow wp-block-column-is-layout-flow\">\n<p>Der Vereniging Het Museum von Winterswijk ist von den niederl\u00e4ndischen Steuerbeh\u00f6rden als gemeinn\u00fctzige Einrichtung (ANBI) eingestuft worden. Das bedeutet, dass Spenden an unseren Verein steuerlich absetzbar sind, wenn Sie in den Niederlanden steuerpflichtig sind.<br>Als ANBI sind wir verpflichtet, bestimmte Informationen \u00f6ffentlich zu machen. Nachfolgend finden Sie eine \u00dcbersicht \u00fcber unsere wichtigsten Daten und Richtlinien.  <\/p>\n\n\n\n<h2 class=\"wp-block-heading\">Richtlinie<\/h2>\n\n\n\n<p>Zielsetzung: Wir verwalten, pflegen und zeigen eine Sammlung von Kunst- und kulturhistorischen Objekten haupts\u00e4chlich aus unserer Region. Au\u00dferdem forschen wir \u00fcber die Geschichte von Winterswijk. Wir arbeiten daran, unser kulturelles Erbe zu bewahren.  <\/p>\n\n\n\n<p><a href=\"https:\/\/museumfabriekwinterswijk.nl\/flipbook\/beleidsplan\/\" target=\"_blank\" rel=\"noreferrer noopener\">Strategieplan<\/a>: Unser politischer Plan basiert auf unseren satzungsm\u00e4\u00dfigen Zielen. Unser Jahresbericht enth\u00e4lt eine detaillierte Beschreibung unserer Aktivit\u00e4ten, Finanzen und Zukunftspl\u00e4ne. <\/p>\n\n\n\n<p>Verg\u00fctungspolitik: Unsere Freiwilligen erhalten lediglich eine Erstattung der Reisekosten. Die Mitglieder des Verwaltungsrats erhalten kein Gehalt, sondern werden f\u00fcr die im Rahmen ihrer T\u00e4tigkeit anfallenden notwendigen Ausgaben entsch\u00e4digt. <br><\/p>\n\n\n\n<p>Finanzielle Rechenschaftspflicht: Wir sind auf Zusch\u00fcsse, Spenden und unsere eigenen Einnahmen angewiesen. Unsere Jahresabschl\u00fcsse werden j\u00e4hrlich von einem Wirtschaftspr\u00fcfer gepr\u00fcft. <\/p>\n\n\n\n<h2 class=\"wp-block-heading\">\u00dcbersichtlichkeit<\/h2>\n\n\n\n<p>Als ANBI halten wir Transparenz f\u00fcr sehr wichtig. Deshalb ver\u00f6ffentlichen wir jedes Jahr unseren Jahresbericht auf dieser Website. Im Jahresbericht finden Sie detaillierte Informationen \u00fcber unsere Finanzen, Aktivit\u00e4ten und Zukunftspl\u00e4ne.  <\/p>\n<\/div>\n\n\n\n<div class=\"wp-block-column is-layout-flow wp-block-column-is-layout-flow\">\n<figure class=\"wp-block-image size-full is-resized\"><a href=\"https:\/\/www.belastingdienst.nl\/wps\/wcm\/connect\/bldcontentnl\/belastingdienst\/zakelijk\/bijzondere_regelingen\/goede_doelen\/algemeen_nut_beogende_instellingen\/culturele_anbi\/culturele_anbi\" target=\"_blank\" rel=\"noreferrer noopener\"><img loading=\"lazy\" decoding=\"async\" width=\"1020\" height=\"1024\" src=\"https:\/\/museumfabriekwinterswijk.nl\/wp-content\/uploads\/2024\/11\/Anbi.png\" alt=\"\" class=\"wp-image-967\" style=\"width:140px;height:auto\" srcset=\"https:\/\/museumfabriekwinterswijk.nl\/wp-content\/uploads\/2024\/11\/Anbi.png 1020w, https:\/\/museumfabriekwinterswijk.nl\/wp-content\/uploads\/2024\/11\/Anbi-300x301.png 300w, https:\/\/museumfabriekwinterswijk.nl\/wp-content\/uploads\/2024\/11\/Anbi-100x100.png 100w, https:\/\/museumfabriekwinterswijk.nl\/wp-content\/uploads\/2024\/11\/Anbi-600x602.png 600w, https:\/\/museumfabriekwinterswijk.nl\/wp-content\/uploads\/2024\/11\/Anbi-64x64.png 64w\" sizes=\"auto, (max-width: 1020px) 100vw, 1020px\" \/><\/a><\/figure>\n\n\n\n<p><strong>Zentrale Informationen<\/strong><br>Name: Vereniging Het Museum van Winterswijk<br>RSIN: 8160.69.360<br>Nummer der Handelskammer: 40101204<br>IBAN: NL64RABO 0154 4597 63<\/p>\n\n\n\n<p><strong>Fragen?<\/strong><br>Haben Sie Fragen zu unserem ANBI-Status oder zu unserer Organisation im Allgemeinen? Bitte kontaktieren Sie uns unter <a href=\"mailto:info@museumfabriekwinterswijk.nl\">info@museumfabriekwinterswijk.nl<\/a> oder telefonisch unter 0543-533 533. <\/p>\n<\/div>\n<\/div>\n\n\n    <h2>Dateien<\/h2>\r\n    <ul class=\"files\" id=\"section-block_51b70b8553a6db1d42097d1dc385e202\">\r\n                    <li><a href=\"https:\/\/museumfabriekwinterswijk.nl\/wp-content\/uploads\/2026\/03\/Statuten-26-04-2022.pdf\">Statuten 26-04-2022<\/a><\/li>\r\n                    <li><a href=\"https:\/\/museumfabriekwinterswijk.nl\/wp-content\/uploads\/2024\/11\/begroting-VHM-2025-2027-versie-ALV.pdf\">begroting-VHM-2025-2027-versie-ALV<\/a><\/li>\r\n                    <li><a href=\"https:\/\/museumfabriekwinterswijk.nl\/wp-content\/uploads\/2025\/04\/CONCEPT-jaarverslag-2024.pdf\">Jaarverslag 2024<\/a><\/li>\r\n                    <li><a href=\"https:\/\/museumfabriekwinterswijk.nl\/wp-content\/uploads\/2026\/03\/JAARVERSLAG-4-26.pdf\">jaarverslag 2025<\/a><\/li>\r\n                    <li><a href=\"https:\/\/museumfabriekwinterswijk.nl\/wp-content\/uploads\/2025\/04\/Beleidsplan-2024-2028.pdf\">Beleidsplan 2024-2028<\/a><\/li>\r\n            <\/ul>\r\n\n\n\n<div class=\"wp-block-buttons is-layout-flex wp-block-buttons-is-layout-flex\">\n<div class=\"wp-block-button\"><a class=\"wp-block-button__link has-white-color has-color-4-background-color has-text-color has-background has-link-color has-medium-font-size has-custom-font-size wp-element-button\" href=\"https:\/\/museumfabriekwinterswijk.nl\/de\/archiv\/\" target=\"_blank\" rel=\"noreferrer noopener\">Archiv ansehen<\/a><\/div>\n<\/div>\n\n\n\n<div style=\"height:3rem\" aria-hidden=\"true\" class=\"wp-block-spacer\"><\/div>\n\n\n<\/section>\r\n\r\n<section class=\"u-clearfix u-section-header1 check u-palette-3-base\" id=\"section-block_651aada793865ee90d75219b158baff8\">\r\n  <div class=\"u-clearfix u-sheet u-valign-top-lg u-valign-top-md u-valign-top-xl u-valign-top-xxl u-sheet-1\">\r\n    <div class=\"custom-expanded data-layout-selected shadow u-clearfix u-expanded-width-lg u-expanded-width-xl u-expanded-width-xxl u-gutter-0 u-layout-wrap u-layout-wrap-1\">\r\n      <div class=\"u-layout\">\r\n        <div class=\"u-layout-row\">\r\n          <div class=\"u-container-style u-layout-cell u-size-24-xl u-size-24-xxl u-size-25-lg u-size-60-md u-size-60-sm u-size-60-xs u-layout-cell-1 order-1\">\r\n            <div class=\"u-container-layout u-container-layout-1\">\r\n              <div class=\"u-container-style u-expanded-width u-group u-group-1\">\r\n                <div class=\"u-container-layout u-valign-middle u-container-layout-2\">\r\n                  <h2 class='u-text u-text-default u-text-1 has-large-font-size'>M\u00f6chten Sie uns unterst\u00fctzen?<\/h2>                  <div class=\"u-text u-text-default u-text-2\"><p>Mit Ihrer Spende an den Vereniging Het Museum unterst\u00fctzen Sie unsere Arbeit zur Verwaltung, Erhaltung und Erweiterung unserer kunst- und kulturgeschichtlichen Sammlung. Herzlichen Dank f\u00fcr Ihren Beitrag! <\/p>\n<\/div>\r\n                  <div class=\"buttons\">\r\n                                    <a class=\"u-btn u-button-style u-palette-1-base\" href=\"https:\/\/museumfabriekwinterswijk.nl\/donatie\/\" target=\"\">\r\n                Unterst\u00fctzen Sie uns mit einer Spende            <\/a>\r\n            <\/div>                <\/div>\r\n              <\/div>\r\n            <\/div>\r\n          <\/div>\r\n          <div class=\"u-container-style u-image u-layout-cell u-size-35-lg u-size-36-xl u-size-36-xxl u-size-60-md u-size-60-sm u-size-60-xs u-image-1 order-2\" data-image-width=\"2100\" data-image-height=\"1400\" style=\"background-image: url('https:\/\/museumfabriekwinterswijk.nl\/wp-content\/uploads\/2024\/12\/gids-in-museum.jpg');\">\r\n            <div class=\"u-container-layout u-valign-bottom-lg u-valign-bottom-md u-valign-bottom-xs u-container-layout-3\"><\/div>\r\n          <\/div>\r\n        <\/div>\r\n      <\/div>\r\n    <\/div>\r\n  <\/div>\r\n<\/section>\r\n\r\n\r\n<section class=\"u-sheet\">","protected":false},"excerpt":{"rendered":"<p>Der Vereniging Het Museum von Winterswijk ist von den niederl\u00e4ndischen Steuerbeh\u00f6rden als gemeinn\u00fctzige Einrichtung (ANBI) eingestuft worden. Das bedeutet, dass Spenden an unseren Verein steuerlich absetzbar sind, wenn Sie in den Niederlanden steuerpflichtig sind.Als ANBI sind wir verpflichtet, bestimmte Informationen \u00f6ffentlich zu machen. Nachfolgend finden Sie eine \u00dcbersicht \u00fcber unsere wichtigsten Daten und Richtlinien. Richtlinie [&hellip;]<\/p>\n","protected":false},"author":1,"featured_media":0,"parent":1837,"menu_order":0,"comment_status":"closed","ping_status":"closed","template":"","meta":{"_acf_changed":false,"footnotes":""},"class_list":["post-1855","page","type-page","status-publish","hentry"],"acf":[],"yoast_head":"<!-- This site is optimized with the Yoast SEO plugin v27.5 - https:\/\/yoast.com\/product\/yoast-seo-wordpress\/ -->\n<title>ANBI - MuseumFabriek Winterswijk<\/title>\n<meta name=\"description\" content=\"Lesen Sie alles \u00fcber den ANBI-Status von Vereniging Het Museum in Winterswijk. Erfahren Sie, wie wir als Kultureinrichtung zu Kunst, Wissenschaft und Bildung beitragen. Sehen Sie unsere finanzielle Transparenz und unterst\u00fctzen Sie unser Anliegen.\" \/>\n<meta name=\"robots\" content=\"index, follow, max-snippet:-1, max-image-preview:large, max-video-preview:-1\" \/>\n<link rel=\"canonical\" href=\"https:\/\/museumfabriekwinterswijk.nl\/de\/verein\/anbi\/\" \/>\n<meta property=\"og:locale\" content=\"de_DE\" \/>\n<meta property=\"og:type\" content=\"article\" \/>\n<meta property=\"og:title\" content=\"ANBI - MuseumFabriek Winterswijk\" \/>\n<meta property=\"og:description\" content=\"Lesen Sie alles \u00fcber den ANBI-Status von Vereniging Het Museum in Winterswijk. Erfahren Sie, wie wir als Kultureinrichtung zu Kunst, Wissenschaft und Bildung beitragen. Sehen Sie unsere finanzielle Transparenz und unterst\u00fctzen Sie unser Anliegen.\" \/>\n<meta property=\"og:url\" content=\"https:\/\/museumfabriekwinterswijk.nl\/de\/verein\/anbi\/\" \/>\n<meta property=\"og:site_name\" content=\"MuseumFabriek Winterswijk\" \/>\n<meta property=\"article:modified_time\" content=\"2026-04-15T10:04:29+00:00\" \/>\n<meta property=\"og:image\" content=\"https:\/\/museumfabriekwinterswijk.nl\/wp-content\/uploads\/2024\/11\/Anbi.png\" \/>\n\t<meta property=\"og:image:width\" content=\"1020\" \/>\n\t<meta property=\"og:image:height\" content=\"1024\" \/>\n\t<meta property=\"og:image:type\" content=\"image\/png\" \/>\n<meta name=\"twitter:card\" content=\"summary_large_image\" \/>\n<meta name=\"twitter:label1\" content=\"Gesch\u00e4tzte Lesezeit\" \/>\n\t<meta name=\"twitter:data1\" content=\"2\u00a0Minute\" \/>\n<script type=\"application\/ld+json\" class=\"yoast-schema-graph\">{\"@context\":\"https:\\\/\\\/schema.org\",\"@graph\":[{\"@type\":\"WebPage\",\"@id\":\"https:\\\/\\\/museumfabriekwinterswijk.nl\\\/de\\\/verein\\\/anbi\\\/\",\"url\":\"https:\\\/\\\/museumfabriekwinterswijk.nl\\\/de\\\/verein\\\/anbi\\\/\",\"name\":\"ANBI - MuseumFabriek Winterswijk\",\"isPartOf\":{\"@id\":\"https:\\\/\\\/museumfabriekwinterswijk.nl\\\/de\\\/#website\"},\"primaryImageOfPage\":{\"@id\":\"https:\\\/\\\/museumfabriekwinterswijk.nl\\\/de\\\/verein\\\/anbi\\\/#primaryimage\"},\"image\":{\"@id\":\"https:\\\/\\\/museumfabriekwinterswijk.nl\\\/de\\\/verein\\\/anbi\\\/#primaryimage\"},\"thumbnailUrl\":\"https:\\\/\\\/museumfabriekwinterswijk.nl\\\/wp-content\\\/uploads\\\/2024\\\/11\\\/Anbi.png\",\"datePublished\":\"2024-07-30T10:07:17+00:00\",\"dateModified\":\"2026-04-15T10:04:29+00:00\",\"description\":\"Lesen Sie alles \u00fcber den ANBI-Status von Vereniging Het Museum in Winterswijk. Erfahren Sie, wie wir als Kultureinrichtung zu Kunst, Wissenschaft und Bildung beitragen. Sehen Sie unsere finanzielle Transparenz und unterst\u00fctzen Sie unser Anliegen.\",\"breadcrumb\":{\"@id\":\"https:\\\/\\\/museumfabriekwinterswijk.nl\\\/de\\\/verein\\\/anbi\\\/#breadcrumb\"},\"inLanguage\":\"de\",\"potentialAction\":[{\"@type\":\"ReadAction\",\"target\":[\"https:\\\/\\\/museumfabriekwinterswijk.nl\\\/de\\\/verein\\\/anbi\\\/\"]}]},{\"@type\":\"ImageObject\",\"inLanguage\":\"de\",\"@id\":\"https:\\\/\\\/museumfabriekwinterswijk.nl\\\/de\\\/verein\\\/anbi\\\/#primaryimage\",\"url\":\"https:\\\/\\\/museumfabriekwinterswijk.nl\\\/wp-content\\\/uploads\\\/2024\\\/11\\\/Anbi.png\",\"contentUrl\":\"https:\\\/\\\/museumfabriekwinterswijk.nl\\\/wp-content\\\/uploads\\\/2024\\\/11\\\/Anbi.png\"},{\"@type\":\"BreadcrumbList\",\"@id\":\"https:\\\/\\\/museumfabriekwinterswijk.nl\\\/de\\\/verein\\\/anbi\\\/#breadcrumb\",\"itemListElement\":[{\"@type\":\"ListItem\",\"position\":1,\"name\":\"Home\",\"item\":\"https:\\\/\\\/museumfabriekwinterswijk.nl\\\/de\\\/\"},{\"@type\":\"ListItem\",\"position\":2,\"name\":\"Verein\",\"item\":\"https:\\\/\\\/museumfabriekwinterswijk.nl\\\/de\\\/verein\\\/\"},{\"@type\":\"ListItem\",\"position\":3,\"name\":\"ANBI\"}]},{\"@type\":\"WebSite\",\"@id\":\"https:\\\/\\\/museumfabriekwinterswijk.nl\\\/de\\\/#website\",\"url\":\"https:\\\/\\\/museumfabriekwinterswijk.nl\\\/de\\\/\",\"name\":\"MuseumFabriek Winterswijk\",\"description\":\"de schatkamer van Winterswijk\",\"publisher\":{\"@id\":\"https:\\\/\\\/museumfabriekwinterswijk.nl\\\/de\\\/#organization\"},\"potentialAction\":[{\"@type\":\"SearchAction\",\"target\":{\"@type\":\"EntryPoint\",\"urlTemplate\":\"https:\\\/\\\/museumfabriekwinterswijk.nl\\\/de\\\/?s={search_term_string}\"},\"query-input\":{\"@type\":\"PropertyValueSpecification\",\"valueRequired\":true,\"valueName\":\"search_term_string\"}}],\"inLanguage\":\"de\"},{\"@type\":\"Organization\",\"@id\":\"https:\\\/\\\/museumfabriekwinterswijk.nl\\\/de\\\/#organization\",\"name\":\"MuseumFabriek Winterswijk\",\"url\":\"https:\\\/\\\/museumfabriekwinterswijk.nl\\\/de\\\/\",\"logo\":{\"@type\":\"ImageObject\",\"inLanguage\":\"de\",\"@id\":\"https:\\\/\\\/museumfabriekwinterswijk.nl\\\/de\\\/#\\\/schema\\\/logo\\\/image\\\/\",\"url\":\"https:\\\/\\\/museumfabriekwinterswijk.nl\\\/wp-content\\\/uploads\\\/2024\\\/07\\\/cropped-logo-Museum-Fabriek.jpg\",\"contentUrl\":\"https:\\\/\\\/museumfabriekwinterswijk.nl\\\/wp-content\\\/uploads\\\/2024\\\/07\\\/cropped-logo-Museum-Fabriek.jpg\",\"width\":1059,\"height\":1059,\"caption\":\"MuseumFabriek Winterswijk\"},\"image\":{\"@id\":\"https:\\\/\\\/museumfabriekwinterswijk.nl\\\/de\\\/#\\\/schema\\\/logo\\\/image\\\/\"}}]}<\/script>\n<!-- \/ Yoast SEO plugin. -->","yoast_head_json":{"title":"ANBI - MuseumFabriek Winterswijk","description":"Lesen Sie alles \u00fcber den ANBI-Status von Vereniging Het Museum in Winterswijk. Erfahren Sie, wie wir als Kultureinrichtung zu Kunst, Wissenschaft und Bildung beitragen. Sehen Sie unsere finanzielle Transparenz und unterst\u00fctzen Sie unser Anliegen.","robots":{"index":"index","follow":"follow","max-snippet":"max-snippet:-1","max-image-preview":"max-image-preview:large","max-video-preview":"max-video-preview:-1"},"canonical":"https:\/\/museumfabriekwinterswijk.nl\/de\/verein\/anbi\/","og_locale":"de_DE","og_type":"article","og_title":"ANBI - MuseumFabriek Winterswijk","og_description":"Lesen Sie alles \u00fcber den ANBI-Status von Vereniging Het Museum in Winterswijk. Erfahren Sie, wie wir als Kultureinrichtung zu Kunst, Wissenschaft und Bildung beitragen. Sehen Sie unsere finanzielle Transparenz und unterst\u00fctzen Sie unser Anliegen.","og_url":"https:\/\/museumfabriekwinterswijk.nl\/de\/verein\/anbi\/","og_site_name":"MuseumFabriek Winterswijk","article_modified_time":"2026-04-15T10:04:29+00:00","og_image":[{"width":1020,"height":1024,"url":"https:\/\/museumfabriekwinterswijk.nl\/wp-content\/uploads\/2024\/11\/Anbi.png","type":"image\/png"}],"twitter_card":"summary_large_image","twitter_misc":{"Gesch\u00e4tzte Lesezeit":"2\u00a0Minute"},"schema":{"@context":"https:\/\/schema.org","@graph":[{"@type":"WebPage","@id":"https:\/\/museumfabriekwinterswijk.nl\/de\/verein\/anbi\/","url":"https:\/\/museumfabriekwinterswijk.nl\/de\/verein\/anbi\/","name":"ANBI - MuseumFabriek Winterswijk","isPartOf":{"@id":"https:\/\/museumfabriekwinterswijk.nl\/de\/#website"},"primaryImageOfPage":{"@id":"https:\/\/museumfabriekwinterswijk.nl\/de\/verein\/anbi\/#primaryimage"},"image":{"@id":"https:\/\/museumfabriekwinterswijk.nl\/de\/verein\/anbi\/#primaryimage"},"thumbnailUrl":"https:\/\/museumfabriekwinterswijk.nl\/wp-content\/uploads\/2024\/11\/Anbi.png","datePublished":"2024-07-30T10:07:17+00:00","dateModified":"2026-04-15T10:04:29+00:00","description":"Lesen Sie alles \u00fcber den ANBI-Status von Vereniging Het Museum in Winterswijk. Erfahren Sie, wie wir als Kultureinrichtung zu Kunst, Wissenschaft und Bildung beitragen. Sehen Sie unsere finanzielle Transparenz und unterst\u00fctzen Sie unser Anliegen.","breadcrumb":{"@id":"https:\/\/museumfabriekwinterswijk.nl\/de\/verein\/anbi\/#breadcrumb"},"inLanguage":"de","potentialAction":[{"@type":"ReadAction","target":["https:\/\/museumfabriekwinterswijk.nl\/de\/verein\/anbi\/"]}]},{"@type":"ImageObject","inLanguage":"de","@id":"https:\/\/museumfabriekwinterswijk.nl\/de\/verein\/anbi\/#primaryimage","url":"https:\/\/museumfabriekwinterswijk.nl\/wp-content\/uploads\/2024\/11\/Anbi.png","contentUrl":"https:\/\/museumfabriekwinterswijk.nl\/wp-content\/uploads\/2024\/11\/Anbi.png"},{"@type":"BreadcrumbList","@id":"https:\/\/museumfabriekwinterswijk.nl\/de\/verein\/anbi\/#breadcrumb","itemListElement":[{"@type":"ListItem","position":1,"name":"Home","item":"https:\/\/museumfabriekwinterswijk.nl\/de\/"},{"@type":"ListItem","position":2,"name":"Verein","item":"https:\/\/museumfabriekwinterswijk.nl\/de\/verein\/"},{"@type":"ListItem","position":3,"name":"ANBI"}]},{"@type":"WebSite","@id":"https:\/\/museumfabriekwinterswijk.nl\/de\/#website","url":"https:\/\/museumfabriekwinterswijk.nl\/de\/","name":"MuseumFabriek Winterswijk","description":"de schatkamer van Winterswijk","publisher":{"@id":"https:\/\/museumfabriekwinterswijk.nl\/de\/#organization"},"potentialAction":[{"@type":"SearchAction","target":{"@type":"EntryPoint","urlTemplate":"https:\/\/museumfabriekwinterswijk.nl\/de\/?s={search_term_string}"},"query-input":{"@type":"PropertyValueSpecification","valueRequired":true,"valueName":"search_term_string"}}],"inLanguage":"de"},{"@type":"Organization","@id":"https:\/\/museumfabriekwinterswijk.nl\/de\/#organization","name":"MuseumFabriek Winterswijk","url":"https:\/\/museumfabriekwinterswijk.nl\/de\/","logo":{"@type":"ImageObject","inLanguage":"de","@id":"https:\/\/museumfabriekwinterswijk.nl\/de\/#\/schema\/logo\/image\/","url":"https:\/\/museumfabriekwinterswijk.nl\/wp-content\/uploads\/2024\/07\/cropped-logo-Museum-Fabriek.jpg","contentUrl":"https:\/\/museumfabriekwinterswijk.nl\/wp-content\/uploads\/2024\/07\/cropped-logo-Museum-Fabriek.jpg","width":1059,"height":1059,"caption":"MuseumFabriek Winterswijk"},"image":{"@id":"https:\/\/museumfabriekwinterswijk.nl\/de\/#\/schema\/logo\/image\/"}}]}},"_links":{"self":[{"href":"https:\/\/museumfabriekwinterswijk.nl\/de\/wp-json\/wp\/v2\/pages\/1855","targetHints":{"allow":["GET"]}}],"collection":[{"href":"https:\/\/museumfabriekwinterswijk.nl\/de\/wp-json\/wp\/v2\/pages"}],"about":[{"href":"https:\/\/museumfabriekwinterswijk.nl\/de\/wp-json\/wp\/v2\/types\/page"}],"author":[{"embeddable":true,"href":"https:\/\/museumfabriekwinterswijk.nl\/de\/wp-json\/wp\/v2\/users\/1"}],"replies":[{"embeddable":true,"href":"https:\/\/museumfabriekwinterswijk.nl\/de\/wp-json\/wp\/v2\/comments?post=1855"}],"version-history":[{"count":3,"href":"https:\/\/museumfabriekwinterswijk.nl\/de\/wp-json\/wp\/v2\/pages\/1855\/revisions"}],"predecessor-version":[{"id":3187,"href":"https:\/\/museumfabriekwinterswijk.nl\/de\/wp-json\/wp\/v2\/pages\/1855\/revisions\/3187"}],"up":[{"embeddable":true,"href":"https:\/\/museumfabriekwinterswijk.nl\/de\/wp-json\/wp\/v2\/pages\/1837"}],"wp:attachment":[{"href":"https:\/\/museumfabriekwinterswijk.nl\/de\/wp-json\/wp\/v2\/media?parent=1855"}],"curies":[{"name":"wp","href":"https:\/\/api.w.org\/{rel}","templated":true}]}}