{"id":1861,"date":"2024-11-22T16:24:19","date_gmt":"2024-11-22T16:24:19","guid":{"rendered":"https:\/\/museumfabriekwinterswijk.nl\/vereinigung\/historischer-information-punkt\/"},"modified":"2025-02-01T12:29:04","modified_gmt":"2025-02-01T12:29:04","slug":"historischer-information-punkt","status":"publish","type":"page","link":"https:\/\/museumfabriekwinterswijk.nl\/de\/verein\/historischer-information-punkt\/","title":{"rendered":"Historischer Information Punkt"},"content":{"rendered":"\n<p class=\"has-text-align-left\"><\/p>\n\n<figure class=\"wp-block-image size-large is-resized\"><img loading=\"lazy\" decoding=\"async\" width=\"1024\" height=\"736\" src=\"https:\/\/museumfabriekwinterswijk.nl\/wp-content\/uploads\/2024\/12\/HIP-1024x736.jpg\" alt=\"Historische Information Punkt Winterswijk\" class=\"wp-image-1610\" style=\"width:450px\" srcset=\"https:\/\/museumfabriekwinterswijk.nl\/wp-content\/uploads\/2024\/12\/HIP-1024x736.jpg 1024w, https:\/\/museumfabriekwinterswijk.nl\/wp-content\/uploads\/2024\/12\/HIP-300x216.jpg 300w, https:\/\/museumfabriekwinterswijk.nl\/wp-content\/uploads\/2024\/12\/HIP-600x431.jpg 600w, https:\/\/museumfabriekwinterswijk.nl\/wp-content\/uploads\/2024\/12\/HIP-64x46.jpg 64w, https:\/\/museumfabriekwinterswijk.nl\/wp-content\/uploads\/2024\/12\/HIP-768x552.jpg 768w, https:\/\/museumfabriekwinterswijk.nl\/wp-content\/uploads\/2024\/12\/HIP.jpg 1200w\" sizes=\"auto, (max-width: 1024px) 100vw, 1024px\" \/><\/figure>\n\n<p><strong>Entdecken Sie die Geschichte von Winterswijk mit unserer Hilfe<\/strong><\/p>\n\n<p>Sind Sie neugierig auf die Vergangenheit von Winterswijk? Wir helfen Ihnen gerne bei Ihrer Recherche. <\/p>\n\n<p>Der <strong>H<\/strong>istorische <strong>I<\/strong>nformation<strong> P<\/strong>unkt (HIP) ist eine Fundgrube f\u00fcr Informationen \u00fcber Winterswijk. Wir verf\u00fcgen \u00fcber eine umfangreiche Sammlung von B\u00fcchern, W\u00f6rterb\u00fcchern, auch in Mittelniederl\u00e4ndisch, Nachschlagewerken, Mikrofiches, Familienregistern, Fotos und Dokumenten, die Ihnen bei Ihren Nachforschungen helfen k\u00f6nnen. Haben Sie eine Frage \u00fcber Ihre Familiengeschichte, die Architektur unseres Dorfes, Auswanderer, unsere Musikvereine, Bauernh\u00f6fe in der Umgebung von Winterswijk oder etwas ganz anderes?  <\/p>\n\n<p><strong>Was k\u00f6nnen wir am Historischen Information Punkt f\u00fcr Sie tun?<\/strong><\/p>\n\n<ul class=\"wp-block-list\">\n<li><strong>Umfangreiche Sammlung<\/strong>: B\u00fccher, Fotos, Dokumente und mehr.<\/li>\n\n\n\n<li><strong>Genealogische Aufzeichnungen<\/strong>: Taufe, Heirat, Familie, Beerdigungen<\/li>\n\n\n\n<li><strong>Fachkundige Beratung:<\/strong> Unsere Mitarbeiter helfen Ihnen gerne bei Ihrer Suche.<\/li>\n\n\n\n<li><strong>Kontakt mit anderen Archiven<\/strong>: Wir arbeiten mit mehreren Partnern zusammen.<\/li>\n<\/ul>\n\n<h3 class=\"wp-block-heading\">Microfiches:<\/h3>\n\n<ul class=\"wp-block-list\">\n<li>Winterswijkse Courant 1878 \u2013 1945<\/li>\n\n\n\n<li>Nieuwe Winterswijkse Courant 1902 \u2013 1993<\/li>\n\n\n\n<li>Geburten, Eheschlie\u00dfungen und Sterbef\u00e4lle 1811 &#8211; 1938<\/li>\n\n\n\n<li>Bev\u00f6lkerungsregister 1820 &#8211; 1938<\/li>\n\n\n\n<li>Wohnungsregister 1921 &#8211; 1938<br\/><br\/><em><strong><a href=\"https:\/\/museumfabriekwinterswijk.nl\/flipbook\/catalogus_hip\/\" target=\"_blank\" rel=\"noreferrer noopener nofollow\">Download Catalogus Historisch Informatie Punt<\/a><\/strong><\/em><br\/><br\/><strong><a href=\"https:\/\/museumfabriekwinterswijk.nl\/flipbook\/catalogus\/\" target=\"_blank\" rel=\"noreferrer noopener\">Katalog artikel Museumnieuws und sein Vorg\u00e4nger Freriks Nieuws (bis sept 2022)<\/a><\/strong><br\/><\/li>\n<\/ul>\n\n<p><strong>Kontaktieren Sie unsere Historische Information Punt unter <a href=\"mailto:hip@museumwinterswijk.nl\" target=\"_blank\" rel=\"noreferrer noopener nofollow\">hip@museumwinterswijk.nl<\/a> oder kommen Sie vorbei!<\/strong><\/p>\n\n<ul class=\"wp-block-list\">\n<li>Besuchszeiten: Dienstag und Donnerstag von 14.00 &#8211; 16.00 Uhr)<\/li>\n\n\n\n<li>Einritt: \u20ac3,75. <br\/>Mitglieder Vereniging Het Museum Winterswijk und bei Vorlage einer g\u00fcltigen Museumskaart: kostenlos.<\/li>\n<\/ul>\n\n<p><\/p>\n","protected":false},"excerpt":{"rendered":"<p>Entdecken Sie die Geschichte von Winterswijk mit unserer Hilfe Sind Sie neugierig auf die Vergangenheit von Winterswijk? Wir helfen Ihnen gerne bei Ihrer Recherche. Der Historische Information Punkt (HIP) ist eine Fundgrube f\u00fcr Informationen \u00fcber Winterswijk. Wir verf\u00fcgen \u00fcber eine umfangreiche Sammlung von B\u00fcchern, W\u00f6rterb\u00fcchern, auch in Mittelniederl\u00e4ndisch, Nachschlagewerken, Mikrofiches, Familienregistern, Fotos und Dokumenten, die [&hellip;]<\/p>\n","protected":false},"author":2,"featured_media":0,"parent":1837,"menu_order":0,"comment_status":"closed","ping_status":"closed","template":"","meta":{"_acf_changed":false,"footnotes":""},"class_list":["post-1861","page","type-page","status-publish","hentry"],"acf":[],"yoast_head":"<!-- This site is optimized with the Yoast SEO plugin v27.4 - https:\/\/yoast.com\/product\/yoast-seo-wordpress\/ -->\n<title>Historischer Information Punkt - MuseumFabriek Winterswijk<\/title>\n<meta name=\"description\" content=\"Der Historische Information Punkt ist Ihr Ausgangspunkt, um historische Informationen \u00fcber Winterswijk zu erhalten.\" \/>\n<meta name=\"robots\" content=\"index, follow, max-snippet:-1, max-image-preview:large, max-video-preview:-1\" \/>\n<link rel=\"canonical\" href=\"https:\/\/museumfabriekwinterswijk.nl\/de\/verein\/historischer-information-punkt\/\" \/>\n<meta property=\"og:locale\" content=\"de_DE\" \/>\n<meta property=\"og:type\" content=\"article\" \/>\n<meta property=\"og:title\" content=\"Historischer Information Punkt - MuseumFabriek Winterswijk\" \/>\n<meta property=\"og:description\" content=\"Der Historische Information Punkt ist Ihr Ausgangspunkt, um historische Informationen \u00fcber Winterswijk zu erhalten.\" \/>\n<meta property=\"og:url\" content=\"https:\/\/museumfabriekwinterswijk.nl\/de\/verein\/historischer-information-punkt\/\" \/>\n<meta property=\"og:site_name\" content=\"MuseumFabriek Winterswijk\" \/>\n<meta property=\"article:modified_time\" content=\"2025-02-01T12:29:04+00:00\" \/>\n<meta property=\"og:image\" content=\"https:\/\/museumfabriekwinterswijk.nl\/wp-content\/uploads\/2024\/12\/HIP.jpg\" \/>\n\t<meta property=\"og:image:width\" content=\"1200\" \/>\n\t<meta property=\"og:image:height\" content=\"862\" \/>\n\t<meta property=\"og:image:type\" content=\"image\/jpeg\" \/>\n<meta name=\"twitter:card\" content=\"summary_large_image\" \/>\n<meta name=\"twitter:label1\" content=\"Gesch\u00e4tzte Lesezeit\" \/>\n\t<meta name=\"twitter:data1\" content=\"1\u00a0Minute\" \/>\n<script type=\"application\/ld+json\" class=\"yoast-schema-graph\">{\"@context\":\"https:\\\/\\\/schema.org\",\"@graph\":[{\"@type\":\"WebPage\",\"@id\":\"https:\\\/\\\/museumfabriekwinterswijk.nl\\\/de\\\/verein\\\/historischer-information-punkt\\\/\",\"url\":\"https:\\\/\\\/museumfabriekwinterswijk.nl\\\/de\\\/verein\\\/historischer-information-punkt\\\/\",\"name\":\"Historischer Information Punkt - MuseumFabriek Winterswijk\",\"isPartOf\":{\"@id\":\"https:\\\/\\\/museumfabriekwinterswijk.nl\\\/de\\\/#website\"},\"primaryImageOfPage\":{\"@id\":\"https:\\\/\\\/museumfabriekwinterswijk.nl\\\/de\\\/verein\\\/historischer-information-punkt\\\/#primaryimage\"},\"image\":{\"@id\":\"https:\\\/\\\/museumfabriekwinterswijk.nl\\\/de\\\/verein\\\/historischer-information-punkt\\\/#primaryimage\"},\"thumbnailUrl\":\"https:\\\/\\\/museumfabriekwinterswijk.nl\\\/wp-content\\\/uploads\\\/2024\\\/12\\\/HIP-1024x736.jpg\",\"datePublished\":\"2024-11-22T16:24:19+00:00\",\"dateModified\":\"2025-02-01T12:29:04+00:00\",\"description\":\"Der Historische Information Punkt ist Ihr Ausgangspunkt, um historische Informationen \u00fcber Winterswijk zu erhalten.\",\"breadcrumb\":{\"@id\":\"https:\\\/\\\/museumfabriekwinterswijk.nl\\\/de\\\/verein\\\/historischer-information-punkt\\\/#breadcrumb\"},\"inLanguage\":\"de\",\"potentialAction\":[{\"@type\":\"ReadAction\",\"target\":[\"https:\\\/\\\/museumfabriekwinterswijk.nl\\\/de\\\/verein\\\/historischer-information-punkt\\\/\"]}]},{\"@type\":\"ImageObject\",\"inLanguage\":\"de\",\"@id\":\"https:\\\/\\\/museumfabriekwinterswijk.nl\\\/de\\\/verein\\\/historischer-information-punkt\\\/#primaryimage\",\"url\":\"https:\\\/\\\/museumfabriekwinterswijk.nl\\\/wp-content\\\/uploads\\\/2024\\\/12\\\/HIP-1024x736.jpg\",\"contentUrl\":\"https:\\\/\\\/museumfabriekwinterswijk.nl\\\/wp-content\\\/uploads\\\/2024\\\/12\\\/HIP-1024x736.jpg\"},{\"@type\":\"BreadcrumbList\",\"@id\":\"https:\\\/\\\/museumfabriekwinterswijk.nl\\\/de\\\/verein\\\/historischer-information-punkt\\\/#breadcrumb\",\"itemListElement\":[{\"@type\":\"ListItem\",\"position\":1,\"name\":\"Home\",\"item\":\"https:\\\/\\\/museumfabriekwinterswijk.nl\\\/de\\\/\"},{\"@type\":\"ListItem\",\"position\":2,\"name\":\"Verein\",\"item\":\"https:\\\/\\\/museumfabriekwinterswijk.nl\\\/de\\\/verein\\\/\"},{\"@type\":\"ListItem\",\"position\":3,\"name\":\"Historischer Information Punkt\"}]},{\"@type\":\"WebSite\",\"@id\":\"https:\\\/\\\/museumfabriekwinterswijk.nl\\\/de\\\/#website\",\"url\":\"https:\\\/\\\/museumfabriekwinterswijk.nl\\\/de\\\/\",\"name\":\"MuseumFabriek Winterswijk\",\"description\":\"de schatkamer van Winterswijk\",\"publisher\":{\"@id\":\"https:\\\/\\\/museumfabriekwinterswijk.nl\\\/de\\\/#organization\"},\"potentialAction\":[{\"@type\":\"SearchAction\",\"target\":{\"@type\":\"EntryPoint\",\"urlTemplate\":\"https:\\\/\\\/museumfabriekwinterswijk.nl\\\/de\\\/?s={search_term_string}\"},\"query-input\":{\"@type\":\"PropertyValueSpecification\",\"valueRequired\":true,\"valueName\":\"search_term_string\"}}],\"inLanguage\":\"de\"},{\"@type\":\"Organization\",\"@id\":\"https:\\\/\\\/museumfabriekwinterswijk.nl\\\/de\\\/#organization\",\"name\":\"MuseumFabriek Winterswijk\",\"url\":\"https:\\\/\\\/museumfabriekwinterswijk.nl\\\/de\\\/\",\"logo\":{\"@type\":\"ImageObject\",\"inLanguage\":\"de\",\"@id\":\"https:\\\/\\\/museumfabriekwinterswijk.nl\\\/de\\\/#\\\/schema\\\/logo\\\/image\\\/\",\"url\":\"https:\\\/\\\/museumfabriekwinterswijk.nl\\\/wp-content\\\/uploads\\\/2024\\\/07\\\/cropped-logo-Museum-Fabriek.jpg\",\"contentUrl\":\"https:\\\/\\\/museumfabriekwinterswijk.nl\\\/wp-content\\\/uploads\\\/2024\\\/07\\\/cropped-logo-Museum-Fabriek.jpg\",\"width\":1059,\"height\":1059,\"caption\":\"MuseumFabriek Winterswijk\"},\"image\":{\"@id\":\"https:\\\/\\\/museumfabriekwinterswijk.nl\\\/de\\\/#\\\/schema\\\/logo\\\/image\\\/\"}}]}<\/script>\n<!-- \/ Yoast SEO plugin. -->","yoast_head_json":{"title":"Historischer Information Punkt - MuseumFabriek Winterswijk","description":"Der Historische Information Punkt ist Ihr Ausgangspunkt, um historische Informationen \u00fcber Winterswijk zu erhalten.","robots":{"index":"index","follow":"follow","max-snippet":"max-snippet:-1","max-image-preview":"max-image-preview:large","max-video-preview":"max-video-preview:-1"},"canonical":"https:\/\/museumfabriekwinterswijk.nl\/de\/verein\/historischer-information-punkt\/","og_locale":"de_DE","og_type":"article","og_title":"Historischer Information Punkt - MuseumFabriek Winterswijk","og_description":"Der Historische Information Punkt ist Ihr Ausgangspunkt, um historische Informationen \u00fcber Winterswijk zu erhalten.","og_url":"https:\/\/museumfabriekwinterswijk.nl\/de\/verein\/historischer-information-punkt\/","og_site_name":"MuseumFabriek Winterswijk","article_modified_time":"2025-02-01T12:29:04+00:00","og_image":[{"width":1200,"height":862,"url":"https:\/\/museumfabriekwinterswijk.nl\/wp-content\/uploads\/2024\/12\/HIP.jpg","type":"image\/jpeg"}],"twitter_card":"summary_large_image","twitter_misc":{"Gesch\u00e4tzte Lesezeit":"1\u00a0Minute"},"schema":{"@context":"https:\/\/schema.org","@graph":[{"@type":"WebPage","@id":"https:\/\/museumfabriekwinterswijk.nl\/de\/verein\/historischer-information-punkt\/","url":"https:\/\/museumfabriekwinterswijk.nl\/de\/verein\/historischer-information-punkt\/","name":"Historischer Information Punkt - MuseumFabriek Winterswijk","isPartOf":{"@id":"https:\/\/museumfabriekwinterswijk.nl\/de\/#website"},"primaryImageOfPage":{"@id":"https:\/\/museumfabriekwinterswijk.nl\/de\/verein\/historischer-information-punkt\/#primaryimage"},"image":{"@id":"https:\/\/museumfabriekwinterswijk.nl\/de\/verein\/historischer-information-punkt\/#primaryimage"},"thumbnailUrl":"https:\/\/museumfabriekwinterswijk.nl\/wp-content\/uploads\/2024\/12\/HIP-1024x736.jpg","datePublished":"2024-11-22T16:24:19+00:00","dateModified":"2025-02-01T12:29:04+00:00","description":"Der Historische Information Punkt ist Ihr Ausgangspunkt, um historische Informationen \u00fcber Winterswijk zu erhalten.","breadcrumb":{"@id":"https:\/\/museumfabriekwinterswijk.nl\/de\/verein\/historischer-information-punkt\/#breadcrumb"},"inLanguage":"de","potentialAction":[{"@type":"ReadAction","target":["https:\/\/museumfabriekwinterswijk.nl\/de\/verein\/historischer-information-punkt\/"]}]},{"@type":"ImageObject","inLanguage":"de","@id":"https:\/\/museumfabriekwinterswijk.nl\/de\/verein\/historischer-information-punkt\/#primaryimage","url":"https:\/\/museumfabriekwinterswijk.nl\/wp-content\/uploads\/2024\/12\/HIP-1024x736.jpg","contentUrl":"https:\/\/museumfabriekwinterswijk.nl\/wp-content\/uploads\/2024\/12\/HIP-1024x736.jpg"},{"@type":"BreadcrumbList","@id":"https:\/\/museumfabriekwinterswijk.nl\/de\/verein\/historischer-information-punkt\/#breadcrumb","itemListElement":[{"@type":"ListItem","position":1,"name":"Home","item":"https:\/\/museumfabriekwinterswijk.nl\/de\/"},{"@type":"ListItem","position":2,"name":"Verein","item":"https:\/\/museumfabriekwinterswijk.nl\/de\/verein\/"},{"@type":"ListItem","position":3,"name":"Historischer Information Punkt"}]},{"@type":"WebSite","@id":"https:\/\/museumfabriekwinterswijk.nl\/de\/#website","url":"https:\/\/museumfabriekwinterswijk.nl\/de\/","name":"MuseumFabriek Winterswijk","description":"de schatkamer van Winterswijk","publisher":{"@id":"https:\/\/museumfabriekwinterswijk.nl\/de\/#organization"},"potentialAction":[{"@type":"SearchAction","target":{"@type":"EntryPoint","urlTemplate":"https:\/\/museumfabriekwinterswijk.nl\/de\/?s={search_term_string}"},"query-input":{"@type":"PropertyValueSpecification","valueRequired":true,"valueName":"search_term_string"}}],"inLanguage":"de"},{"@type":"Organization","@id":"https:\/\/museumfabriekwinterswijk.nl\/de\/#organization","name":"MuseumFabriek Winterswijk","url":"https:\/\/museumfabriekwinterswijk.nl\/de\/","logo":{"@type":"ImageObject","inLanguage":"de","@id":"https:\/\/museumfabriekwinterswijk.nl\/de\/#\/schema\/logo\/image\/","url":"https:\/\/museumfabriekwinterswijk.nl\/wp-content\/uploads\/2024\/07\/cropped-logo-Museum-Fabriek.jpg","contentUrl":"https:\/\/museumfabriekwinterswijk.nl\/wp-content\/uploads\/2024\/07\/cropped-logo-Museum-Fabriek.jpg","width":1059,"height":1059,"caption":"MuseumFabriek Winterswijk"},"image":{"@id":"https:\/\/museumfabriekwinterswijk.nl\/de\/#\/schema\/logo\/image\/"}}]}},"_links":{"self":[{"href":"https:\/\/museumfabriekwinterswijk.nl\/de\/wp-json\/wp\/v2\/pages\/1861","targetHints":{"allow":["GET"]}}],"collection":[{"href":"https:\/\/museumfabriekwinterswijk.nl\/de\/wp-json\/wp\/v2\/pages"}],"about":[{"href":"https:\/\/museumfabriekwinterswijk.nl\/de\/wp-json\/wp\/v2\/types\/page"}],"author":[{"embeddable":true,"href":"https:\/\/museumfabriekwinterswijk.nl\/de\/wp-json\/wp\/v2\/users\/2"}],"replies":[{"embeddable":true,"href":"https:\/\/museumfabriekwinterswijk.nl\/de\/wp-json\/wp\/v2\/comments?post=1861"}],"version-history":[{"count":3,"href":"https:\/\/museumfabriekwinterswijk.nl\/de\/wp-json\/wp\/v2\/pages\/1861\/revisions"}],"predecessor-version":[{"id":1894,"href":"https:\/\/museumfabriekwinterswijk.nl\/de\/wp-json\/wp\/v2\/pages\/1861\/revisions\/1894"}],"up":[{"embeddable":true,"href":"https:\/\/museumfabriekwinterswijk.nl\/de\/wp-json\/wp\/v2\/pages\/1837"}],"wp:attachment":[{"href":"https:\/\/museumfabriekwinterswijk.nl\/de\/wp-json\/wp\/v2\/media?parent=1861"}],"curies":[{"name":"wp","href":"https:\/\/api.w.org\/{rel}","templated":true}]}}