{"id":1992,"date":"2024-11-24T11:30:50","date_gmt":"2024-11-24T11:30:50","guid":{"rendered":"https:\/\/museumfabriekwinterswijk.nl\/datenschutzbestimmungen\/"},"modified":"2025-02-06T10:36:21","modified_gmt":"2025-02-06T10:36:21","slug":"datenschutzbestimmungen","status":"publish","type":"page","link":"https:\/\/museumfabriekwinterswijk.nl\/de\/datenschutzbestimmungen\/","title":{"rendered":"Datenschutzbestimmungen"},"content":{"rendered":"\n<figure class=\"wp-block-image size-full is-resized\"><img loading=\"lazy\" decoding=\"async\" width=\"689\" height=\"773\" src=\"https:\/\/museumfabriekwinterswijk.nl\/wp-content\/uploads\/2024\/11\/privacybeleid.png\" alt=\"Datenschutzbestimmungen\" class=\"wp-image-667\" style=\"width:100px\" srcset=\"https:\/\/museumfabriekwinterswijk.nl\/wp-content\/uploads\/2024\/11\/privacybeleid.png 689w, https:\/\/museumfabriekwinterswijk.nl\/wp-content\/uploads\/2024\/11\/privacybeleid-300x337.png 300w, https:\/\/museumfabriekwinterswijk.nl\/wp-content\/uploads\/2024\/11\/privacybeleid-600x673.png 600w, https:\/\/museumfabriekwinterswijk.nl\/wp-content\/uploads\/2024\/11\/privacybeleid-64x72.png 64w, https:\/\/museumfabriekwinterswijk.nl\/wp-content\/uploads\/2024\/11\/privacybeleid-267x300.png 267w\" sizes=\"auto, (max-width: 689px) 100vw, 689px\" \/><\/figure>\n\n<p><em>Mit Wirkung vom 25. Mai 2018 ist die Allgemeine Verordnung \u00fcber die Datenverarbeitung (GDPR) in Kraft getreten. Auch der Museumsverband ist an diese Verordnung gebunden. Wir halten den Schutz personenbezogener Daten f\u00fcr wesentlich und haben eine Datenschutzrichtlinie erstellt. In unseren Datenschutzrichtlinien geben wir klar und transparent Auskunft dar\u00fcber, wie wir personenbezogene Daten von Freiwilligen, Mitgliedern und Besuchern unserer Website verarbeiten.   <\/em><\/p>\n\n<p>Vereniging het Museum mit Sitz in Laan van Hilbelink 6 -10, 7101 WG Winterswijk ist verantwortlich f\u00fcr die Verarbeitung personenbezogener Daten, wie in dieser Datenschutzerkl\u00e4rung beschrieben.<\/p>\n\n<p><strong>Vereniging het Museum verarbeitet Ihre personenbezogenen Daten zu folgenden Zwecken:<\/strong><\/p>\n\n<ul class=\"wp-block-list\">\n<li>Umgang mit Ihrer zahlenden Mitgliedschaft<\/li>\n\n\n\n<li>Versenden unseres &#8222;Nieuwsbrief Museum Nieuws&#8220;<\/li>\n<\/ul>\n\n<p><strong>Nachstehend finden Sie einen \u00dcberblick \u00fcber die von uns verarbeiteten personenbezogenen Daten:<\/strong><\/p>\n\n<ul class=\"wp-block-list\">\n<li>Vorname und Nachname<\/li>\n\n\n\n<li>Titel der Ansprache: Frau, Herr<\/li>\n\n\n\n<li>Angaben zur Adresse<\/li>\n\n\n\n<li>Telefonnummer<\/li>\n\n\n\n<li>e-Mail-Adresse<\/li>\n\n\n\n<li>Kontonummer (f\u00fcr den Lastschrifteinzug der Mitgliedschaft)<\/li>\n<\/ul>\n\n<p><strong>Wie lange wir personenbezogene Daten aufbewahren:<\/strong><\/p>\n\n<p>Vereniging het Museum wird Ihre personenbezogenen Daten nicht l\u00e4nger aufbewahren, als es f\u00fcr die Erf\u00fcllung der Zwecke, f\u00fcr die Ihre Daten erhoben wurden, unbedingt erforderlich ist.<\/p>\n\n<p><strong>Cookies oder \u00e4hnliche Techniken, die wir verwenden:<\/strong><\/p>\n\n<p>Vereniging Het Museum und MuseumFabriek verwendet nur technische und funktionale Cookies. Und analytische Cookies, die nicht in Ihre Privatsph\u00e4re eindringen. Ein Cookie ist eine kleine Textdatei, die auf Ihrem Computer, Tablett oder Smartphone gespeichert wird, wenn Sie diese Website zum ersten Mal besuchen. Die von uns verwendeten Cookies sind f\u00fcr den technischen Betrieb der Website und Ihre Benutzerfreundlichkeit notwendig. Sie sorgen daf\u00fcr, dass die Website ordnungsgem\u00e4\u00df funktioniert und merken sich zum Beispiel Ihre Pr\u00e4ferenzen. Es erm\u00f6glicht uns auch, unsere Website zu optimieren. Sie k\u00f6nnen die Verwendung von Cookies ablehnen, indem Sie Ihren Internet-Browser so einstellen, dass keine Cookies mehr gespeichert werden. Au\u00dferdem k\u00f6nnen Sie \u00fcber Ihre Browsereinstellungen alle zuvor gespeicherten Informationen l\u00f6schen.<\/p>\n\n<p><strong>Wie wir personenbezogene Daten sch\u00fctzen:<\/strong><\/p>\n\n<p>Vereniging Het Museum nimmt den Schutz Ihrer Daten ernst und ergreift geeignete Ma\u00dfnahmen, um Missbrauch, Verlust, unbefugten Zugriff, unerw\u00fcnschte Offenlegung und unbefugte \u00c4nderung zu verhindern.<\/p>\n\n<p><strong>Bei Fragen oder Beschwerden \u00fcber unsere Datenschutzpolitik wenden Sie sich bitte an uns:<\/strong><\/p>\n\n<p>Sekretariat Vereniging Het Museum<\/p>\n\n<p>Laan van Hilbelink 6 -10<br\/>7101 WG Winterswijk.<br\/>Telefon: (+31)0543-533533<br\/>Email: <a href=\"mailto:secretariaat@vereniginghetmuseum.nl.\">secretariaat@museumfabriekwinterswijk.nl<\/a><\/p>\n\n<div style=\"height:3rem\" aria-hidden=\"true\" class=\"wp-block-spacer\"><\/div>\n","protected":false},"excerpt":{"rendered":"<p>Mit Wirkung vom 25. Mai 2018 ist die Allgemeine Verordnung \u00fcber die Datenverarbeitung (GDPR) in Kraft getreten. Auch der Museumsverband ist an diese Verordnung gebunden. Wir halten den Schutz personenbezogener Daten f\u00fcr wesentlich und haben eine Datenschutzrichtlinie erstellt. In unseren Datenschutzrichtlinien geben wir klar und transparent Auskunft dar\u00fcber, wie wir personenbezogene Daten von Freiwilligen, Mitgliedern [&hellip;]<\/p>\n","protected":false},"author":2,"featured_media":0,"parent":0,"menu_order":0,"comment_status":"closed","ping_status":"closed","template":"","meta":{"_acf_changed":false,"footnotes":""},"class_list":["post-1992","page","type-page","status-publish","hentry"],"acf":[],"yoast_head":"<!-- This site is optimized with the Yoast SEO plugin v27.5 - https:\/\/yoast.com\/product\/yoast-seo-wordpress\/ -->\n<title>Datenschutzbestimmungen - MuseumFabriek Winterswijk<\/title>\n<meta name=\"description\" content=\"In unserer Datenschutzrichtlinie informieren wir dar\u00fcber, wie wir personenbezogene Daten verarbeiten.\" \/>\n<meta name=\"robots\" content=\"index, follow, max-snippet:-1, max-image-preview:large, max-video-preview:-1\" \/>\n<link rel=\"canonical\" href=\"https:\/\/museumfabriekwinterswijk.nl\/de\/datenschutzbestimmungen\/\" \/>\n<meta property=\"og:locale\" content=\"de_DE\" \/>\n<meta property=\"og:type\" content=\"article\" \/>\n<meta property=\"og:title\" content=\"Datenschutzbestimmungen - MuseumFabriek Winterswijk\" \/>\n<meta property=\"og:description\" content=\"In unserer Datenschutzrichtlinie informieren wir dar\u00fcber, wie wir personenbezogene Daten verarbeiten.\" \/>\n<meta property=\"og:url\" content=\"https:\/\/museumfabriekwinterswijk.nl\/de\/datenschutzbestimmungen\/\" \/>\n<meta property=\"og:site_name\" content=\"MuseumFabriek Winterswijk\" \/>\n<meta property=\"article:modified_time\" content=\"2025-02-06T10:36:21+00:00\" \/>\n<meta property=\"og:image\" content=\"https:\/\/museumfabriekwinterswijk.nl\/wp-content\/uploads\/2024\/11\/privacybeleid.png\" \/>\n\t<meta property=\"og:image:width\" content=\"689\" \/>\n\t<meta property=\"og:image:height\" content=\"773\" \/>\n\t<meta property=\"og:image:type\" content=\"image\/png\" \/>\n<meta name=\"twitter:card\" content=\"summary_large_image\" \/>\n<meta name=\"twitter:label1\" content=\"Gesch\u00e4tzte Lesezeit\" \/>\n\t<meta name=\"twitter:data1\" content=\"2\u00a0Minute\" \/>\n<script type=\"application\/ld+json\" class=\"yoast-schema-graph\">{\"@context\":\"https:\\\/\\\/schema.org\",\"@graph\":[{\"@type\":\"WebPage\",\"@id\":\"https:\\\/\\\/museumfabriekwinterswijk.nl\\\/de\\\/datenschutzbestimmungen\\\/\",\"url\":\"https:\\\/\\\/museumfabriekwinterswijk.nl\\\/de\\\/datenschutzbestimmungen\\\/\",\"name\":\"Datenschutzbestimmungen - MuseumFabriek Winterswijk\",\"isPartOf\":{\"@id\":\"https:\\\/\\\/museumfabriekwinterswijk.nl\\\/de\\\/#website\"},\"primaryImageOfPage\":{\"@id\":\"https:\\\/\\\/museumfabriekwinterswijk.nl\\\/de\\\/datenschutzbestimmungen\\\/#primaryimage\"},\"image\":{\"@id\":\"https:\\\/\\\/museumfabriekwinterswijk.nl\\\/de\\\/datenschutzbestimmungen\\\/#primaryimage\"},\"thumbnailUrl\":\"https:\\\/\\\/museumfabriekwinterswijk.nl\\\/wp-content\\\/uploads\\\/2024\\\/11\\\/privacybeleid.png\",\"datePublished\":\"2024-11-24T11:30:50+00:00\",\"dateModified\":\"2025-02-06T10:36:21+00:00\",\"description\":\"In unserer Datenschutzrichtlinie informieren wir dar\u00fcber, wie wir personenbezogene Daten verarbeiten.\",\"breadcrumb\":{\"@id\":\"https:\\\/\\\/museumfabriekwinterswijk.nl\\\/de\\\/datenschutzbestimmungen\\\/#breadcrumb\"},\"inLanguage\":\"de\",\"potentialAction\":[{\"@type\":\"ReadAction\",\"target\":[\"https:\\\/\\\/museumfabriekwinterswijk.nl\\\/de\\\/datenschutzbestimmungen\\\/\"]}]},{\"@type\":\"ImageObject\",\"inLanguage\":\"de\",\"@id\":\"https:\\\/\\\/museumfabriekwinterswijk.nl\\\/de\\\/datenschutzbestimmungen\\\/#primaryimage\",\"url\":\"https:\\\/\\\/museumfabriekwinterswijk.nl\\\/wp-content\\\/uploads\\\/2024\\\/11\\\/privacybeleid.png\",\"contentUrl\":\"https:\\\/\\\/museumfabriekwinterswijk.nl\\\/wp-content\\\/uploads\\\/2024\\\/11\\\/privacybeleid.png\"},{\"@type\":\"BreadcrumbList\",\"@id\":\"https:\\\/\\\/museumfabriekwinterswijk.nl\\\/de\\\/datenschutzbestimmungen\\\/#breadcrumb\",\"itemListElement\":[{\"@type\":\"ListItem\",\"position\":1,\"name\":\"Home\",\"item\":\"https:\\\/\\\/museumfabriekwinterswijk.nl\\\/de\\\/\"},{\"@type\":\"ListItem\",\"position\":2,\"name\":\"Datenschutzbestimmungen\"}]},{\"@type\":\"WebSite\",\"@id\":\"https:\\\/\\\/museumfabriekwinterswijk.nl\\\/de\\\/#website\",\"url\":\"https:\\\/\\\/museumfabriekwinterswijk.nl\\\/de\\\/\",\"name\":\"MuseumFabriek Winterswijk\",\"description\":\"de schatkamer van Winterswijk\",\"publisher\":{\"@id\":\"https:\\\/\\\/museumfabriekwinterswijk.nl\\\/de\\\/#organization\"},\"potentialAction\":[{\"@type\":\"SearchAction\",\"target\":{\"@type\":\"EntryPoint\",\"urlTemplate\":\"https:\\\/\\\/museumfabriekwinterswijk.nl\\\/de\\\/?s={search_term_string}\"},\"query-input\":{\"@type\":\"PropertyValueSpecification\",\"valueRequired\":true,\"valueName\":\"search_term_string\"}}],\"inLanguage\":\"de\"},{\"@type\":\"Organization\",\"@id\":\"https:\\\/\\\/museumfabriekwinterswijk.nl\\\/de\\\/#organization\",\"name\":\"MuseumFabriek Winterswijk\",\"url\":\"https:\\\/\\\/museumfabriekwinterswijk.nl\\\/de\\\/\",\"logo\":{\"@type\":\"ImageObject\",\"inLanguage\":\"de\",\"@id\":\"https:\\\/\\\/museumfabriekwinterswijk.nl\\\/de\\\/#\\\/schema\\\/logo\\\/image\\\/\",\"url\":\"https:\\\/\\\/museumfabriekwinterswijk.nl\\\/wp-content\\\/uploads\\\/2024\\\/07\\\/cropped-logo-Museum-Fabriek.jpg\",\"contentUrl\":\"https:\\\/\\\/museumfabriekwinterswijk.nl\\\/wp-content\\\/uploads\\\/2024\\\/07\\\/cropped-logo-Museum-Fabriek.jpg\",\"width\":1059,\"height\":1059,\"caption\":\"MuseumFabriek Winterswijk\"},\"image\":{\"@id\":\"https:\\\/\\\/museumfabriekwinterswijk.nl\\\/de\\\/#\\\/schema\\\/logo\\\/image\\\/\"}}]}<\/script>\n<!-- \/ Yoast SEO plugin. -->","yoast_head_json":{"title":"Datenschutzbestimmungen - MuseumFabriek Winterswijk","description":"In unserer Datenschutzrichtlinie informieren wir dar\u00fcber, wie wir personenbezogene Daten verarbeiten.","robots":{"index":"index","follow":"follow","max-snippet":"max-snippet:-1","max-image-preview":"max-image-preview:large","max-video-preview":"max-video-preview:-1"},"canonical":"https:\/\/museumfabriekwinterswijk.nl\/de\/datenschutzbestimmungen\/","og_locale":"de_DE","og_type":"article","og_title":"Datenschutzbestimmungen - MuseumFabriek Winterswijk","og_description":"In unserer Datenschutzrichtlinie informieren wir dar\u00fcber, wie wir personenbezogene Daten verarbeiten.","og_url":"https:\/\/museumfabriekwinterswijk.nl\/de\/datenschutzbestimmungen\/","og_site_name":"MuseumFabriek Winterswijk","article_modified_time":"2025-02-06T10:36:21+00:00","og_image":[{"width":689,"height":773,"url":"https:\/\/museumfabriekwinterswijk.nl\/wp-content\/uploads\/2024\/11\/privacybeleid.png","type":"image\/png"}],"twitter_card":"summary_large_image","twitter_misc":{"Gesch\u00e4tzte Lesezeit":"2\u00a0Minute"},"schema":{"@context":"https:\/\/schema.org","@graph":[{"@type":"WebPage","@id":"https:\/\/museumfabriekwinterswijk.nl\/de\/datenschutzbestimmungen\/","url":"https:\/\/museumfabriekwinterswijk.nl\/de\/datenschutzbestimmungen\/","name":"Datenschutzbestimmungen - MuseumFabriek Winterswijk","isPartOf":{"@id":"https:\/\/museumfabriekwinterswijk.nl\/de\/#website"},"primaryImageOfPage":{"@id":"https:\/\/museumfabriekwinterswijk.nl\/de\/datenschutzbestimmungen\/#primaryimage"},"image":{"@id":"https:\/\/museumfabriekwinterswijk.nl\/de\/datenschutzbestimmungen\/#primaryimage"},"thumbnailUrl":"https:\/\/museumfabriekwinterswijk.nl\/wp-content\/uploads\/2024\/11\/privacybeleid.png","datePublished":"2024-11-24T11:30:50+00:00","dateModified":"2025-02-06T10:36:21+00:00","description":"In unserer Datenschutzrichtlinie informieren wir dar\u00fcber, wie wir personenbezogene Daten verarbeiten.","breadcrumb":{"@id":"https:\/\/museumfabriekwinterswijk.nl\/de\/datenschutzbestimmungen\/#breadcrumb"},"inLanguage":"de","potentialAction":[{"@type":"ReadAction","target":["https:\/\/museumfabriekwinterswijk.nl\/de\/datenschutzbestimmungen\/"]}]},{"@type":"ImageObject","inLanguage":"de","@id":"https:\/\/museumfabriekwinterswijk.nl\/de\/datenschutzbestimmungen\/#primaryimage","url":"https:\/\/museumfabriekwinterswijk.nl\/wp-content\/uploads\/2024\/11\/privacybeleid.png","contentUrl":"https:\/\/museumfabriekwinterswijk.nl\/wp-content\/uploads\/2024\/11\/privacybeleid.png"},{"@type":"BreadcrumbList","@id":"https:\/\/museumfabriekwinterswijk.nl\/de\/datenschutzbestimmungen\/#breadcrumb","itemListElement":[{"@type":"ListItem","position":1,"name":"Home","item":"https:\/\/museumfabriekwinterswijk.nl\/de\/"},{"@type":"ListItem","position":2,"name":"Datenschutzbestimmungen"}]},{"@type":"WebSite","@id":"https:\/\/museumfabriekwinterswijk.nl\/de\/#website","url":"https:\/\/museumfabriekwinterswijk.nl\/de\/","name":"MuseumFabriek Winterswijk","description":"de schatkamer van Winterswijk","publisher":{"@id":"https:\/\/museumfabriekwinterswijk.nl\/de\/#organization"},"potentialAction":[{"@type":"SearchAction","target":{"@type":"EntryPoint","urlTemplate":"https:\/\/museumfabriekwinterswijk.nl\/de\/?s={search_term_string}"},"query-input":{"@type":"PropertyValueSpecification","valueRequired":true,"valueName":"search_term_string"}}],"inLanguage":"de"},{"@type":"Organization","@id":"https:\/\/museumfabriekwinterswijk.nl\/de\/#organization","name":"MuseumFabriek Winterswijk","url":"https:\/\/museumfabriekwinterswijk.nl\/de\/","logo":{"@type":"ImageObject","inLanguage":"de","@id":"https:\/\/museumfabriekwinterswijk.nl\/de\/#\/schema\/logo\/image\/","url":"https:\/\/museumfabriekwinterswijk.nl\/wp-content\/uploads\/2024\/07\/cropped-logo-Museum-Fabriek.jpg","contentUrl":"https:\/\/museumfabriekwinterswijk.nl\/wp-content\/uploads\/2024\/07\/cropped-logo-Museum-Fabriek.jpg","width":1059,"height":1059,"caption":"MuseumFabriek Winterswijk"},"image":{"@id":"https:\/\/museumfabriekwinterswijk.nl\/de\/#\/schema\/logo\/image\/"}}]}},"_links":{"self":[{"href":"https:\/\/museumfabriekwinterswijk.nl\/de\/wp-json\/wp\/v2\/pages\/1992","targetHints":{"allow":["GET"]}}],"collection":[{"href":"https:\/\/museumfabriekwinterswijk.nl\/de\/wp-json\/wp\/v2\/pages"}],"about":[{"href":"https:\/\/museumfabriekwinterswijk.nl\/de\/wp-json\/wp\/v2\/types\/page"}],"author":[{"embeddable":true,"href":"https:\/\/museumfabriekwinterswijk.nl\/de\/wp-json\/wp\/v2\/users\/2"}],"replies":[{"embeddable":true,"href":"https:\/\/museumfabriekwinterswijk.nl\/de\/wp-json\/wp\/v2\/comments?post=1992"}],"version-history":[{"count":1,"href":"https:\/\/museumfabriekwinterswijk.nl\/de\/wp-json\/wp\/v2\/pages\/1992\/revisions"}],"predecessor-version":[{"id":1993,"href":"https:\/\/museumfabriekwinterswijk.nl\/de\/wp-json\/wp\/v2\/pages\/1992\/revisions\/1993"}],"wp:attachment":[{"href":"https:\/\/museumfabriekwinterswijk.nl\/de\/wp-json\/wp\/v2\/media?parent=1992"}],"curies":[{"name":"wp","href":"https:\/\/api.w.org\/{rel}","templated":true}]}}