{"id":2758,"date":"2025-09-10T11:16:23","date_gmt":"2025-09-10T11:16:23","guid":{"rendered":"https:\/\/museumfabriekwinterswijk.nl\/panorama-von-winterswijk\/"},"modified":"2025-09-12T18:03:53","modified_gmt":"2025-09-12T18:03:53","slug":"panorama-von-winterswijk","status":"publish","type":"page","link":"https:\/\/museumfabriekwinterswijk.nl\/de\/panorama-von-winterswijk\/","title":{"rendered":"Panorama von Winterswijk ."},"content":{"rendered":"\n<p class=\"has-color-4-color has-color-5-background-color has-text-color has-background has-link-color wp-elements-359506126c49bcca611cf74fb1d7dca7\"><strong>Ab 20. September<\/strong> <strong>2025<\/strong><br>Louis Nijhuis (1949-2023) wuchs in einer stabilen Textilarbeiterfamilie auf. Er konnte nie von der Kunst leben, war aber dennoch ein begnadeter Maler. Wie sein Vater kam er in die renommierte Textilfirma\u00a0<strong>De Batavier<\/strong>. Sp\u00e4ter arbeitete er als Textildesigner und schuf in seinem Leben mehr als 700 Kunstwerke.<br><br><img loading=\"lazy\" decoding=\"async\" width=\"1235\" height=\"614\" class=\"wp-image-2695\" style=\"width: 400px\" src=\"https:\/\/museumfabriekwinterswijk.nl\/wp-content\/uploads\/2025\/09\/MN-Louis.png\" alt=\"Louis Nijhuis Panorama\" srcset=\"https:\/\/museumfabriekwinterswijk.nl\/wp-content\/uploads\/2025\/09\/MN-Louis.png 1235w, https:\/\/museumfabriekwinterswijk.nl\/wp-content\/uploads\/2025\/09\/MN-Louis-300x149.png 300w, https:\/\/museumfabriekwinterswijk.nl\/wp-content\/uploads\/2025\/09\/MN-Louis-1024x509.png 1024w, https:\/\/museumfabriekwinterswijk.nl\/wp-content\/uploads\/2025\/09\/MN-Louis-768x382.png 768w, https:\/\/museumfabriekwinterswijk.nl\/wp-content\/uploads\/2025\/09\/MN-Louis-600x298.png 600w, https:\/\/museumfabriekwinterswijk.nl\/wp-content\/uploads\/2025\/09\/MN-Louis-64x32.png 64w\" sizes=\"auto, (max-width: 1235px) 100vw, 1235px\" \/><br><br>Sein Lebenswerk, sechs \u00d6lgem\u00e4lde auf Leinen, k\u00f6nnten durchaus die Alternative zu Panorama Mesdag in Winterswijk sein.<br>Louis Nijhuis schuf das Dorfbild in den Jahren 2005-2008, so wie er es vom Turm des alten Rathauses aus sah. Urspr\u00fcnglich bestand das Panorama von Winterswijk aus zwei Teilen, sp\u00e4ter wurden vier weitere hinzugef\u00fcgt. \u201eMein Blickwinkel war das alte Rathaus, ich bin hinaufgestiegen und habe verschiedene Fotos gemacht, um sie zu Gem\u00e4lden zu verarbeiten.\u201c Mit fotografischer Pr\u00e4zision verewigte er die H\u00e4user, Gesch\u00e4fte und Kirchen in vier Jahreszeiten. Und wer genau hinschaut, entdeckt immer mehr besondere Details: den Maler selbst, der aus einem Fenster winkt, die Feuerwerkskatastrophe von Enschede und einen einsamen Nikolaus und Knecht Ruprecht, die unten rechts aus dem Bild zu laufen scheinen.<br>Nijhuis hat immer im gleichen Stil gemalt. Seine Arbeiten erinnern an die magisch-realistischen Werke von Carel Willink, sind jedoch etwas weniger statisch und mit mehr Humor durchsetzt.<br><br>Lassen Sie sich vom \u201ePanorama von Winterswijk\u201c verzaubern, einem sechsteiligen Gem\u00e4lde von Louis Nijhuis, das die Stadt mit fotografischer Pr\u00e4zision in vier Jahreszeiten festh\u00e4lt. Ein magisch-realistisches Werk voller Humor und versteckter Details, eine Hommage an einen begeisterten K\u00fcnstler.<br>Louis sprach lieber von kosmischem Realismus.<br>Nijhuis hat in all den Jahren mehrfach ausgestellt. Die erste Ausstellung fand 1987 im Museum Freriks statt. Seine letzte Ausstellung war 2020 in der Wereld van Wenters, an deren Gestaltung Louis selbst ma\u00dfgeblich beteiligt war.<br><\/p>\n\n\n\n<div class=\"wp-block-media-text is-stacked-on-mobile\" style=\"grid-template-columns:44% auto\"><figure class=\"wp-block-media-text__media\"><video controls src=\"https:\/\/museumfabriekwinterswijk.nl\/wp-content\/uploads\/2025\/09\/3.mp4\"><\/video><\/figure><div class=\"wp-block-media-text__content\">\n<p class=\"has-color-4-color has-color-5-background-color has-text-color has-background has-link-color wp-elements-146d57a641472458a016c19626d241d5\">Wir sind nicht nur stolz darauf, dieses wundersch\u00f6ne und beeindruckende Panorama der \u00d6ffentlichkeit pr\u00e4sentieren zu d\u00fcrfen. Es ist auch eine Hommage an Louis Nijhuis.<\/p>\n<\/div><\/div>\n\n\n\n<p class=\"has-white-color has-color-4-background-color has-text-color has-background has-link-color wp-elements-b4ce23c30d062206b42c60c20519e97e\">Die Ausstellung ist ab dem 20. September 2025 von Dienstag bis Samstag jeweils von 13:00 bis 17:00 Uhr und samstags von 11:00 bis 17:00 Uhr zu sehen.<\/p>\n\n\n\n<p><\/p>\n","protected":false},"excerpt":{"rendered":"<p>Ab 20. September 2025Louis Nijhuis (1949-2023) wuchs in einer stabilen Textilarbeiterfamilie auf. Er konnte nie von der Kunst leben, war aber dennoch ein begnadeter Maler. Wie sein Vater kam er in die renommierte Textilfirma\u00a0De Batavier. Sp\u00e4ter arbeitete er als Textildesigner und schuf in seinem Leben mehr als 700 Kunstwerke. Sein Lebenswerk, sechs \u00d6lgem\u00e4lde auf Leinen, [&hellip;]<\/p>\n","protected":false},"author":2,"featured_media":2696,"parent":0,"menu_order":0,"comment_status":"closed","ping_status":"closed","template":"","meta":{"_acf_changed":false,"footnotes":""},"class_list":["post-2758","page","type-page","status-publish","has-post-thumbnail","hentry"],"acf":[],"yoast_head":"<!-- This site is optimized with the Yoast SEO plugin v27.4 - https:\/\/yoast.com\/product\/yoast-seo-wordpress\/ -->\n<title>Panorama von Winterswijk . - MuseumFabriek Winterswijk<\/title>\n<meta name=\"description\" content=\"Lassen Sie sich vom \u201ePanorama von Winterswijk\u201c verzaubern, einem sechsteiligen Gem\u00e4lde von Louis Nijhuis, das die Stadt mit fotografischer Pr\u00e4zision \u00fcber vier Jahreszeiten hinweg einf\u00e4ngt. Ein magisch-realistisches Werk voller Humor und versteckter Details, das eine Hommage an einen begeisterten K\u00fcnstler darstellt.\" \/>\n<meta name=\"robots\" content=\"index, follow, max-snippet:-1, max-image-preview:large, max-video-preview:-1\" \/>\n<link rel=\"canonical\" href=\"https:\/\/museumfabriekwinterswijk.nl\/de\/panorama-von-winterswijk\/\" \/>\n<meta property=\"og:locale\" content=\"de_DE\" \/>\n<meta property=\"og:type\" content=\"article\" \/>\n<meta property=\"og:title\" content=\"Panorama von Winterswijk . - MuseumFabriek Winterswijk\" \/>\n<meta property=\"og:description\" content=\"Lassen Sie sich vom \u201ePanorama von Winterswijk\u201c verzaubern, einem sechsteiligen Gem\u00e4lde von Louis Nijhuis, das die Stadt mit fotografischer Pr\u00e4zision \u00fcber vier Jahreszeiten hinweg einf\u00e4ngt. Ein magisch-realistisches Werk voller Humor und versteckter Details, das eine Hommage an einen begeisterten K\u00fcnstler darstellt.\" \/>\n<meta property=\"og:url\" content=\"https:\/\/museumfabriekwinterswijk.nl\/de\/panorama-von-winterswijk\/\" \/>\n<meta property=\"og:site_name\" content=\"MuseumFabriek Winterswijk\" \/>\n<meta property=\"article:modified_time\" content=\"2025-09-12T18:03:53+00:00\" \/>\n<meta property=\"og:image\" content=\"https:\/\/museumfabriekwinterswijk.nl\/wp-content\/uploads\/2025\/09\/MN-Louis.png\" \/>\n\t<meta property=\"og:image:width\" content=\"1235\" \/>\n\t<meta property=\"og:image:height\" content=\"614\" \/>\n\t<meta property=\"og:image:type\" content=\"image\/png\" \/>\n<meta name=\"twitter:card\" content=\"summary_large_image\" \/>\n<meta name=\"twitter:label1\" content=\"Gesch\u00e4tzte Lesezeit\" \/>\n\t<meta name=\"twitter:data1\" content=\"3\u00a0Minute\" \/>\n<script type=\"application\/ld+json\" class=\"yoast-schema-graph\">{\"@context\":\"https:\\\/\\\/schema.org\",\"@graph\":[{\"@type\":\"WebPage\",\"@id\":\"https:\\\/\\\/museumfabriekwinterswijk.nl\\\/de\\\/panorama-von-winterswijk\\\/\",\"url\":\"https:\\\/\\\/museumfabriekwinterswijk.nl\\\/de\\\/panorama-von-winterswijk\\\/\",\"name\":\"Panorama von Winterswijk . - MuseumFabriek Winterswijk\",\"isPartOf\":{\"@id\":\"https:\\\/\\\/museumfabriekwinterswijk.nl\\\/de\\\/#website\"},\"primaryImageOfPage\":{\"@id\":\"https:\\\/\\\/museumfabriekwinterswijk.nl\\\/de\\\/panorama-von-winterswijk\\\/#primaryimage\"},\"image\":{\"@id\":\"https:\\\/\\\/museumfabriekwinterswijk.nl\\\/de\\\/panorama-von-winterswijk\\\/#primaryimage\"},\"thumbnailUrl\":\"https:\\\/\\\/museumfabriekwinterswijk.nl\\\/wp-content\\\/uploads\\\/2025\\\/09\\\/MN-Louis.png\",\"datePublished\":\"2025-09-10T11:16:23+00:00\",\"dateModified\":\"2025-09-12T18:03:53+00:00\",\"description\":\"Lassen Sie sich vom \u201ePanorama von Winterswijk\u201c verzaubern, einem sechsteiligen Gem\u00e4lde von Louis Nijhuis, das die Stadt mit fotografischer Pr\u00e4zision \u00fcber vier Jahreszeiten hinweg einf\u00e4ngt. Ein magisch-realistisches Werk voller Humor und versteckter Details, das eine Hommage an einen begeisterten K\u00fcnstler darstellt.\",\"breadcrumb\":{\"@id\":\"https:\\\/\\\/museumfabriekwinterswijk.nl\\\/de\\\/panorama-von-winterswijk\\\/#breadcrumb\"},\"inLanguage\":\"de\",\"potentialAction\":[{\"@type\":\"ReadAction\",\"target\":[\"https:\\\/\\\/museumfabriekwinterswijk.nl\\\/de\\\/panorama-von-winterswijk\\\/\"]}]},{\"@type\":\"ImageObject\",\"inLanguage\":\"de\",\"@id\":\"https:\\\/\\\/museumfabriekwinterswijk.nl\\\/de\\\/panorama-von-winterswijk\\\/#primaryimage\",\"url\":\"https:\\\/\\\/museumfabriekwinterswijk.nl\\\/wp-content\\\/uploads\\\/2025\\\/09\\\/MN-Louis.png\",\"contentUrl\":\"https:\\\/\\\/museumfabriekwinterswijk.nl\\\/wp-content\\\/uploads\\\/2025\\\/09\\\/MN-Louis.png\",\"width\":1235,\"height\":614,\"caption\":\"Louis Nijhuis Panorama\"},{\"@type\":\"BreadcrumbList\",\"@id\":\"https:\\\/\\\/museumfabriekwinterswijk.nl\\\/de\\\/panorama-von-winterswijk\\\/#breadcrumb\",\"itemListElement\":[{\"@type\":\"ListItem\",\"position\":1,\"name\":\"Home\",\"item\":\"https:\\\/\\\/museumfabriekwinterswijk.nl\\\/de\\\/\"},{\"@type\":\"ListItem\",\"position\":2,\"name\":\"Panorama von Winterswijk .\"}]},{\"@type\":\"WebSite\",\"@id\":\"https:\\\/\\\/museumfabriekwinterswijk.nl\\\/de\\\/#website\",\"url\":\"https:\\\/\\\/museumfabriekwinterswijk.nl\\\/de\\\/\",\"name\":\"MuseumFabriek Winterswijk\",\"description\":\"de schatkamer van Winterswijk\",\"publisher\":{\"@id\":\"https:\\\/\\\/museumfabriekwinterswijk.nl\\\/de\\\/#organization\"},\"potentialAction\":[{\"@type\":\"SearchAction\",\"target\":{\"@type\":\"EntryPoint\",\"urlTemplate\":\"https:\\\/\\\/museumfabriekwinterswijk.nl\\\/de\\\/?s={search_term_string}\"},\"query-input\":{\"@type\":\"PropertyValueSpecification\",\"valueRequired\":true,\"valueName\":\"search_term_string\"}}],\"inLanguage\":\"de\"},{\"@type\":\"Organization\",\"@id\":\"https:\\\/\\\/museumfabriekwinterswijk.nl\\\/de\\\/#organization\",\"name\":\"MuseumFabriek Winterswijk\",\"url\":\"https:\\\/\\\/museumfabriekwinterswijk.nl\\\/de\\\/\",\"logo\":{\"@type\":\"ImageObject\",\"inLanguage\":\"de\",\"@id\":\"https:\\\/\\\/museumfabriekwinterswijk.nl\\\/de\\\/#\\\/schema\\\/logo\\\/image\\\/\",\"url\":\"https:\\\/\\\/museumfabriekwinterswijk.nl\\\/wp-content\\\/uploads\\\/2024\\\/07\\\/cropped-logo-Museum-Fabriek.jpg\",\"contentUrl\":\"https:\\\/\\\/museumfabriekwinterswijk.nl\\\/wp-content\\\/uploads\\\/2024\\\/07\\\/cropped-logo-Museum-Fabriek.jpg\",\"width\":1059,\"height\":1059,\"caption\":\"MuseumFabriek Winterswijk\"},\"image\":{\"@id\":\"https:\\\/\\\/museumfabriekwinterswijk.nl\\\/de\\\/#\\\/schema\\\/logo\\\/image\\\/\"}}]}<\/script>\n<!-- \/ Yoast SEO plugin. -->","yoast_head_json":{"title":"Panorama von Winterswijk . - MuseumFabriek Winterswijk","description":"Lassen Sie sich vom \u201ePanorama von Winterswijk\u201c verzaubern, einem sechsteiligen Gem\u00e4lde von Louis Nijhuis, das die Stadt mit fotografischer Pr\u00e4zision \u00fcber vier Jahreszeiten hinweg einf\u00e4ngt. Ein magisch-realistisches Werk voller Humor und versteckter Details, das eine Hommage an einen begeisterten K\u00fcnstler darstellt.","robots":{"index":"index","follow":"follow","max-snippet":"max-snippet:-1","max-image-preview":"max-image-preview:large","max-video-preview":"max-video-preview:-1"},"canonical":"https:\/\/museumfabriekwinterswijk.nl\/de\/panorama-von-winterswijk\/","og_locale":"de_DE","og_type":"article","og_title":"Panorama von Winterswijk . - MuseumFabriek Winterswijk","og_description":"Lassen Sie sich vom \u201ePanorama von Winterswijk\u201c verzaubern, einem sechsteiligen Gem\u00e4lde von Louis Nijhuis, das die Stadt mit fotografischer Pr\u00e4zision \u00fcber vier Jahreszeiten hinweg einf\u00e4ngt. Ein magisch-realistisches Werk voller Humor und versteckter Details, das eine Hommage an einen begeisterten K\u00fcnstler darstellt.","og_url":"https:\/\/museumfabriekwinterswijk.nl\/de\/panorama-von-winterswijk\/","og_site_name":"MuseumFabriek Winterswijk","article_modified_time":"2025-09-12T18:03:53+00:00","og_image":[{"width":1235,"height":614,"url":"https:\/\/museumfabriekwinterswijk.nl\/wp-content\/uploads\/2025\/09\/MN-Louis.png","type":"image\/png"}],"twitter_card":"summary_large_image","twitter_misc":{"Gesch\u00e4tzte Lesezeit":"3\u00a0Minute"},"schema":{"@context":"https:\/\/schema.org","@graph":[{"@type":"WebPage","@id":"https:\/\/museumfabriekwinterswijk.nl\/de\/panorama-von-winterswijk\/","url":"https:\/\/museumfabriekwinterswijk.nl\/de\/panorama-von-winterswijk\/","name":"Panorama von Winterswijk . - MuseumFabriek Winterswijk","isPartOf":{"@id":"https:\/\/museumfabriekwinterswijk.nl\/de\/#website"},"primaryImageOfPage":{"@id":"https:\/\/museumfabriekwinterswijk.nl\/de\/panorama-von-winterswijk\/#primaryimage"},"image":{"@id":"https:\/\/museumfabriekwinterswijk.nl\/de\/panorama-von-winterswijk\/#primaryimage"},"thumbnailUrl":"https:\/\/museumfabriekwinterswijk.nl\/wp-content\/uploads\/2025\/09\/MN-Louis.png","datePublished":"2025-09-10T11:16:23+00:00","dateModified":"2025-09-12T18:03:53+00:00","description":"Lassen Sie sich vom \u201ePanorama von Winterswijk\u201c verzaubern, einem sechsteiligen Gem\u00e4lde von Louis Nijhuis, das die Stadt mit fotografischer Pr\u00e4zision \u00fcber vier Jahreszeiten hinweg einf\u00e4ngt. Ein magisch-realistisches Werk voller Humor und versteckter Details, das eine Hommage an einen begeisterten K\u00fcnstler darstellt.","breadcrumb":{"@id":"https:\/\/museumfabriekwinterswijk.nl\/de\/panorama-von-winterswijk\/#breadcrumb"},"inLanguage":"de","potentialAction":[{"@type":"ReadAction","target":["https:\/\/museumfabriekwinterswijk.nl\/de\/panorama-von-winterswijk\/"]}]},{"@type":"ImageObject","inLanguage":"de","@id":"https:\/\/museumfabriekwinterswijk.nl\/de\/panorama-von-winterswijk\/#primaryimage","url":"https:\/\/museumfabriekwinterswijk.nl\/wp-content\/uploads\/2025\/09\/MN-Louis.png","contentUrl":"https:\/\/museumfabriekwinterswijk.nl\/wp-content\/uploads\/2025\/09\/MN-Louis.png","width":1235,"height":614,"caption":"Louis Nijhuis Panorama"},{"@type":"BreadcrumbList","@id":"https:\/\/museumfabriekwinterswijk.nl\/de\/panorama-von-winterswijk\/#breadcrumb","itemListElement":[{"@type":"ListItem","position":1,"name":"Home","item":"https:\/\/museumfabriekwinterswijk.nl\/de\/"},{"@type":"ListItem","position":2,"name":"Panorama von Winterswijk ."}]},{"@type":"WebSite","@id":"https:\/\/museumfabriekwinterswijk.nl\/de\/#website","url":"https:\/\/museumfabriekwinterswijk.nl\/de\/","name":"MuseumFabriek Winterswijk","description":"de schatkamer van Winterswijk","publisher":{"@id":"https:\/\/museumfabriekwinterswijk.nl\/de\/#organization"},"potentialAction":[{"@type":"SearchAction","target":{"@type":"EntryPoint","urlTemplate":"https:\/\/museumfabriekwinterswijk.nl\/de\/?s={search_term_string}"},"query-input":{"@type":"PropertyValueSpecification","valueRequired":true,"valueName":"search_term_string"}}],"inLanguage":"de"},{"@type":"Organization","@id":"https:\/\/museumfabriekwinterswijk.nl\/de\/#organization","name":"MuseumFabriek Winterswijk","url":"https:\/\/museumfabriekwinterswijk.nl\/de\/","logo":{"@type":"ImageObject","inLanguage":"de","@id":"https:\/\/museumfabriekwinterswijk.nl\/de\/#\/schema\/logo\/image\/","url":"https:\/\/museumfabriekwinterswijk.nl\/wp-content\/uploads\/2024\/07\/cropped-logo-Museum-Fabriek.jpg","contentUrl":"https:\/\/museumfabriekwinterswijk.nl\/wp-content\/uploads\/2024\/07\/cropped-logo-Museum-Fabriek.jpg","width":1059,"height":1059,"caption":"MuseumFabriek Winterswijk"},"image":{"@id":"https:\/\/museumfabriekwinterswijk.nl\/de\/#\/schema\/logo\/image\/"}}]}},"_links":{"self":[{"href":"https:\/\/museumfabriekwinterswijk.nl\/de\/wp-json\/wp\/v2\/pages\/2758","targetHints":{"allow":["GET"]}}],"collection":[{"href":"https:\/\/museumfabriekwinterswijk.nl\/de\/wp-json\/wp\/v2\/pages"}],"about":[{"href":"https:\/\/museumfabriekwinterswijk.nl\/de\/wp-json\/wp\/v2\/types\/page"}],"author":[{"embeddable":true,"href":"https:\/\/museumfabriekwinterswijk.nl\/de\/wp-json\/wp\/v2\/users\/2"}],"replies":[{"embeddable":true,"href":"https:\/\/museumfabriekwinterswijk.nl\/de\/wp-json\/wp\/v2\/comments?post=2758"}],"version-history":[{"count":3,"href":"https:\/\/museumfabriekwinterswijk.nl\/de\/wp-json\/wp\/v2\/pages\/2758\/revisions"}],"predecessor-version":[{"id":2792,"href":"https:\/\/museumfabriekwinterswijk.nl\/de\/wp-json\/wp\/v2\/pages\/2758\/revisions\/2792"}],"wp:featuredmedia":[{"embeddable":true,"href":"https:\/\/museumfabriekwinterswijk.nl\/de\/wp-json\/wp\/v2\/media\/2696"}],"wp:attachment":[{"href":"https:\/\/museumfabriekwinterswijk.nl\/de\/wp-json\/wp\/v2\/media?parent=2758"}],"curies":[{"name":"wp","href":"https:\/\/api.w.org\/{rel}","templated":true}]}}