{"id":3215,"date":"2026-04-27T15:01:37","date_gmt":"2026-04-27T15:01:37","guid":{"rendered":"https:\/\/museumfabriekwinterswijk.nl\/zonnebrinkkerk\/"},"modified":"2026-04-27T15:13:58","modified_gmt":"2026-04-27T15:13:58","slug":"zonnebrinkkerk","status":"publish","type":"page","link":"https:\/\/museumfabriekwinterswijk.nl\/de\/zonnebrinkkerk\/","title":{"rendered":"Zonnebrinkkerk"},"content":{"rendered":"\n<div class=\"wp-block-media-text is-stacked-on-mobile\"><figure class=\"wp-block-media-text__media\"><img loading=\"lazy\" decoding=\"async\" width=\"462\" height=\"616\" src=\"https:\/\/museumfabriekwinterswijk.nl\/wp-content\/uploads\/2026\/04\/zonnebrinkkerk-maquette.png\" alt=\"\" class=\"wp-image-3209 size-full\" srcset=\"https:\/\/museumfabriekwinterswijk.nl\/wp-content\/uploads\/2026\/04\/zonnebrinkkerk-maquette.png 462w, https:\/\/museumfabriekwinterswijk.nl\/wp-content\/uploads\/2026\/04\/zonnebrinkkerk-maquette-225x300.png 225w, https:\/\/museumfabriekwinterswijk.nl\/wp-content\/uploads\/2026\/04\/zonnebrinkkerk-maquette-300x400.png 300w, https:\/\/museumfabriekwinterswijk.nl\/wp-content\/uploads\/2026\/04\/zonnebrinkkerk-maquette-64x85.png 64w\" sizes=\"auto, (max-width: 462px) 100vw, 462px\" \/><\/figure><div class=\"wp-block-media-text__content\">\n<p><strong>Modell der Zonnebrinkkerk in der MuseumFabriek<\/strong><\/p>\n\n\n\n<p>Am kommenden 4. Mai gedenken wir der Opfer des Zweiten Weltkriegs, und am 5. Mai feiern wir die Befreiung von der Besatzung durch Nazideutschland. Eine perfekte Gelegenheit, einmal einen Blick auf die Ausstellung \u201eWinterswijk im Zweiten Weltkrieg\u201c in der MuseumFabriek zu werfen. Besondere Aufmerksamkeit gilt dabei den Einwohnern von Winterswijk: Frau Helena Kuipers-Rietberg (\u201eTante Riek\u201c, Gr\u00fcnderin der Landelijke Organisatie voor hulp aan onderduikers), Annie de Leeuw (Autorin des Buches \u201eDe schuilplaats\u201c), Gradus Kobus (Helfer von Fl\u00fcchtlingen vor dem Nazi-Regime) und dem NSB-B\u00fcrgermeister Bos.   <\/p>\n\n\n\n<p>Zu den Informationen \u00fcber Tante Riek ist nun ein sch\u00f6nes Modell der Zonnebrinkkerk zu sehen. Tante Riek leistete ihre Widerstandsarbeit aus ihrer religi\u00f6sen \u00dcberzeugung heraus und war eine treue Besucherin dieser Kirche. Die Kirche wurde vom Architekten Tjeerd Kuijpers erbaut und 1906 in Betrieb genommen. Hundert Jahre sp\u00e4ter wurde das von Rudi Lieverdink gebaute Modell in der Kirche ausgestellt. Rudi Lieverdink (1936 \u2013 2021) beschr\u00e4nkte sich nicht nur auf das \u00c4u\u00dfere, auch das Innere ist bis ins Detail ausgearbeitet. Die Orgel ist beleuchtet und alle Lampen an der Decke leuchten. Die schwierigste Arbeit waren f\u00fcr ihn die St\u00fchle.      <\/p>\n\n\n\n<p>Vor kurzem wurde dieses besondere Werk von seinen Kindern der MuseumFabriek geschenkt. Es hatte allerdings etwas unter den Spuren der Zeit gelitten und musste gr\u00fcndlich restauriert werden. Die Museumsmitarbeiter Jan Roerdink und Gerrit Boeijink haben diese Aufgabe gewissenhaft \u00fcbernommen, und das Ergebnis kann sich sehen lassen.  <\/p>\n<\/div><\/div>\n","protected":false},"excerpt":{"rendered":"<p>Modell der Zonnebrinkkerk in der MuseumFabriek Am kommenden 4. Mai gedenken wir der Opfer des Zweiten Weltkriegs, und am 5. Mai feiern wir die Befreiung von der Besatzung durch Nazideutschland. Eine perfekte Gelegenheit, einmal einen Blick auf die Ausstellung \u201eWinterswijk im Zweiten Weltkrieg\u201c in der MuseumFabriek zu werfen. Besondere Aufmerksamkeit gilt dabei den Einwohnern von [&hellip;]<\/p>\n","protected":false},"author":2,"featured_media":0,"parent":0,"menu_order":0,"comment_status":"closed","ping_status":"closed","template":"","meta":{"_acf_changed":false,"footnotes":""},"class_list":["post-3215","page","type-page","status-publish","hentry"],"acf":[],"yoast_head":"<!-- This site is optimized with the Yoast SEO plugin v27.5 - https:\/\/yoast.com\/product\/yoast-seo-wordpress\/ -->\n<title>Zonnebrinkkerk - MuseumFabriek Winterswijk<\/title>\n<meta name=\"description\" content=\"Entdecken Sie das Modell der Zonnebrinkkerk in der MuseumFabriek und erfahren Sie mehr \u00fcber Winterswijk im Zweiten Weltkrieg und Widerstandshelden wie Tante Riek.\" \/>\n<meta name=\"robots\" content=\"index, follow, max-snippet:-1, max-image-preview:large, max-video-preview:-1\" \/>\n<link rel=\"canonical\" href=\"https:\/\/museumfabriekwinterswijk.nl\/de\/zonnebrinkkerk\/\" \/>\n<meta property=\"og:locale\" content=\"de_DE\" \/>\n<meta property=\"og:type\" content=\"article\" \/>\n<meta property=\"og:title\" content=\"Zonnebrinkkerk - MuseumFabriek Winterswijk\" \/>\n<meta property=\"og:description\" content=\"Entdecken Sie das Modell der Zonnebrinkkerk in der MuseumFabriek und erfahren Sie mehr \u00fcber Winterswijk im Zweiten Weltkrieg und Widerstandshelden wie Tante Riek.\" \/>\n<meta property=\"og:url\" content=\"https:\/\/museumfabriekwinterswijk.nl\/de\/zonnebrinkkerk\/\" \/>\n<meta property=\"og:site_name\" content=\"MuseumFabriek Winterswijk\" \/>\n<meta property=\"article:modified_time\" content=\"2026-04-27T15:13:58+00:00\" \/>\n<meta property=\"og:image\" content=\"https:\/\/museumfabriekwinterswijk.nl\/wp-content\/uploads\/2026\/04\/zonnebrinkkerk-maquette.png\" \/>\n\t<meta property=\"og:image:width\" content=\"462\" \/>\n\t<meta property=\"og:image:height\" content=\"616\" \/>\n\t<meta property=\"og:image:type\" content=\"image\/png\" \/>\n<meta name=\"twitter:card\" content=\"summary_large_image\" \/>\n<meta name=\"twitter:label1\" content=\"Gesch\u00e4tzte Lesezeit\" \/>\n\t<meta name=\"twitter:data1\" content=\"1\u00a0Minute\" \/>\n<script type=\"application\/ld+json\" class=\"yoast-schema-graph\">{\"@context\":\"https:\\\/\\\/schema.org\",\"@graph\":[{\"@type\":\"WebPage\",\"@id\":\"https:\\\/\\\/museumfabriekwinterswijk.nl\\\/de\\\/zonnebrinkkerk\\\/\",\"url\":\"https:\\\/\\\/museumfabriekwinterswijk.nl\\\/de\\\/zonnebrinkkerk\\\/\",\"name\":\"Zonnebrinkkerk - MuseumFabriek Winterswijk\",\"isPartOf\":{\"@id\":\"https:\\\/\\\/museumfabriekwinterswijk.nl\\\/de\\\/#website\"},\"primaryImageOfPage\":{\"@id\":\"https:\\\/\\\/museumfabriekwinterswijk.nl\\\/de\\\/zonnebrinkkerk\\\/#primaryimage\"},\"image\":{\"@id\":\"https:\\\/\\\/museumfabriekwinterswijk.nl\\\/de\\\/zonnebrinkkerk\\\/#primaryimage\"},\"thumbnailUrl\":\"https:\\\/\\\/museumfabriekwinterswijk.nl\\\/wp-content\\\/uploads\\\/2026\\\/04\\\/zonnebrinkkerk-maquette.png\",\"datePublished\":\"2026-04-27T15:01:37+00:00\",\"dateModified\":\"2026-04-27T15:13:58+00:00\",\"description\":\"Entdecken Sie das Modell der Zonnebrinkkerk in der MuseumFabriek und erfahren Sie mehr \u00fcber Winterswijk im Zweiten Weltkrieg und Widerstandshelden wie Tante Riek.\",\"breadcrumb\":{\"@id\":\"https:\\\/\\\/museumfabriekwinterswijk.nl\\\/de\\\/zonnebrinkkerk\\\/#breadcrumb\"},\"inLanguage\":\"de\",\"potentialAction\":[{\"@type\":\"ReadAction\",\"target\":[\"https:\\\/\\\/museumfabriekwinterswijk.nl\\\/de\\\/zonnebrinkkerk\\\/\"]}]},{\"@type\":\"ImageObject\",\"inLanguage\":\"de\",\"@id\":\"https:\\\/\\\/museumfabriekwinterswijk.nl\\\/de\\\/zonnebrinkkerk\\\/#primaryimage\",\"url\":\"https:\\\/\\\/museumfabriekwinterswijk.nl\\\/wp-content\\\/uploads\\\/2026\\\/04\\\/zonnebrinkkerk-maquette.png\",\"contentUrl\":\"https:\\\/\\\/museumfabriekwinterswijk.nl\\\/wp-content\\\/uploads\\\/2026\\\/04\\\/zonnebrinkkerk-maquette.png\"},{\"@type\":\"BreadcrumbList\",\"@id\":\"https:\\\/\\\/museumfabriekwinterswijk.nl\\\/de\\\/zonnebrinkkerk\\\/#breadcrumb\",\"itemListElement\":[{\"@type\":\"ListItem\",\"position\":1,\"name\":\"Home\",\"item\":\"https:\\\/\\\/museumfabriekwinterswijk.nl\\\/de\\\/\"},{\"@type\":\"ListItem\",\"position\":2,\"name\":\"Zonnebrinkkerk\"}]},{\"@type\":\"WebSite\",\"@id\":\"https:\\\/\\\/museumfabriekwinterswijk.nl\\\/de\\\/#website\",\"url\":\"https:\\\/\\\/museumfabriekwinterswijk.nl\\\/de\\\/\",\"name\":\"MuseumFabriek Winterswijk\",\"description\":\"de schatkamer van Winterswijk\",\"publisher\":{\"@id\":\"https:\\\/\\\/museumfabriekwinterswijk.nl\\\/de\\\/#organization\"},\"potentialAction\":[{\"@type\":\"SearchAction\",\"target\":{\"@type\":\"EntryPoint\",\"urlTemplate\":\"https:\\\/\\\/museumfabriekwinterswijk.nl\\\/de\\\/?s={search_term_string}\"},\"query-input\":{\"@type\":\"PropertyValueSpecification\",\"valueRequired\":true,\"valueName\":\"search_term_string\"}}],\"inLanguage\":\"de\"},{\"@type\":\"Organization\",\"@id\":\"https:\\\/\\\/museumfabriekwinterswijk.nl\\\/de\\\/#organization\",\"name\":\"MuseumFabriek Winterswijk\",\"url\":\"https:\\\/\\\/museumfabriekwinterswijk.nl\\\/de\\\/\",\"logo\":{\"@type\":\"ImageObject\",\"inLanguage\":\"de\",\"@id\":\"https:\\\/\\\/museumfabriekwinterswijk.nl\\\/de\\\/#\\\/schema\\\/logo\\\/image\\\/\",\"url\":\"https:\\\/\\\/museumfabriekwinterswijk.nl\\\/wp-content\\\/uploads\\\/2024\\\/07\\\/cropped-logo-Museum-Fabriek.jpg\",\"contentUrl\":\"https:\\\/\\\/museumfabriekwinterswijk.nl\\\/wp-content\\\/uploads\\\/2024\\\/07\\\/cropped-logo-Museum-Fabriek.jpg\",\"width\":1059,\"height\":1059,\"caption\":\"MuseumFabriek Winterswijk\"},\"image\":{\"@id\":\"https:\\\/\\\/museumfabriekwinterswijk.nl\\\/de\\\/#\\\/schema\\\/logo\\\/image\\\/\"}}]}<\/script>\n<!-- \/ Yoast SEO plugin. -->","yoast_head_json":{"title":"Zonnebrinkkerk - MuseumFabriek Winterswijk","description":"Entdecken Sie das Modell der Zonnebrinkkerk in der MuseumFabriek und erfahren Sie mehr \u00fcber Winterswijk im Zweiten Weltkrieg und Widerstandshelden wie Tante Riek.","robots":{"index":"index","follow":"follow","max-snippet":"max-snippet:-1","max-image-preview":"max-image-preview:large","max-video-preview":"max-video-preview:-1"},"canonical":"https:\/\/museumfabriekwinterswijk.nl\/de\/zonnebrinkkerk\/","og_locale":"de_DE","og_type":"article","og_title":"Zonnebrinkkerk - MuseumFabriek Winterswijk","og_description":"Entdecken Sie das Modell der Zonnebrinkkerk in der MuseumFabriek und erfahren Sie mehr \u00fcber Winterswijk im Zweiten Weltkrieg und Widerstandshelden wie Tante Riek.","og_url":"https:\/\/museumfabriekwinterswijk.nl\/de\/zonnebrinkkerk\/","og_site_name":"MuseumFabriek Winterswijk","article_modified_time":"2026-04-27T15:13:58+00:00","og_image":[{"width":462,"height":616,"url":"https:\/\/museumfabriekwinterswijk.nl\/wp-content\/uploads\/2026\/04\/zonnebrinkkerk-maquette.png","type":"image\/png"}],"twitter_card":"summary_large_image","twitter_misc":{"Gesch\u00e4tzte Lesezeit":"1\u00a0Minute"},"schema":{"@context":"https:\/\/schema.org","@graph":[{"@type":"WebPage","@id":"https:\/\/museumfabriekwinterswijk.nl\/de\/zonnebrinkkerk\/","url":"https:\/\/museumfabriekwinterswijk.nl\/de\/zonnebrinkkerk\/","name":"Zonnebrinkkerk - MuseumFabriek Winterswijk","isPartOf":{"@id":"https:\/\/museumfabriekwinterswijk.nl\/de\/#website"},"primaryImageOfPage":{"@id":"https:\/\/museumfabriekwinterswijk.nl\/de\/zonnebrinkkerk\/#primaryimage"},"image":{"@id":"https:\/\/museumfabriekwinterswijk.nl\/de\/zonnebrinkkerk\/#primaryimage"},"thumbnailUrl":"https:\/\/museumfabriekwinterswijk.nl\/wp-content\/uploads\/2026\/04\/zonnebrinkkerk-maquette.png","datePublished":"2026-04-27T15:01:37+00:00","dateModified":"2026-04-27T15:13:58+00:00","description":"Entdecken Sie das Modell der Zonnebrinkkerk in der MuseumFabriek und erfahren Sie mehr \u00fcber Winterswijk im Zweiten Weltkrieg und Widerstandshelden wie Tante Riek.","breadcrumb":{"@id":"https:\/\/museumfabriekwinterswijk.nl\/de\/zonnebrinkkerk\/#breadcrumb"},"inLanguage":"de","potentialAction":[{"@type":"ReadAction","target":["https:\/\/museumfabriekwinterswijk.nl\/de\/zonnebrinkkerk\/"]}]},{"@type":"ImageObject","inLanguage":"de","@id":"https:\/\/museumfabriekwinterswijk.nl\/de\/zonnebrinkkerk\/#primaryimage","url":"https:\/\/museumfabriekwinterswijk.nl\/wp-content\/uploads\/2026\/04\/zonnebrinkkerk-maquette.png","contentUrl":"https:\/\/museumfabriekwinterswijk.nl\/wp-content\/uploads\/2026\/04\/zonnebrinkkerk-maquette.png"},{"@type":"BreadcrumbList","@id":"https:\/\/museumfabriekwinterswijk.nl\/de\/zonnebrinkkerk\/#breadcrumb","itemListElement":[{"@type":"ListItem","position":1,"name":"Home","item":"https:\/\/museumfabriekwinterswijk.nl\/de\/"},{"@type":"ListItem","position":2,"name":"Zonnebrinkkerk"}]},{"@type":"WebSite","@id":"https:\/\/museumfabriekwinterswijk.nl\/de\/#website","url":"https:\/\/museumfabriekwinterswijk.nl\/de\/","name":"MuseumFabriek Winterswijk","description":"de schatkamer van Winterswijk","publisher":{"@id":"https:\/\/museumfabriekwinterswijk.nl\/de\/#organization"},"potentialAction":[{"@type":"SearchAction","target":{"@type":"EntryPoint","urlTemplate":"https:\/\/museumfabriekwinterswijk.nl\/de\/?s={search_term_string}"},"query-input":{"@type":"PropertyValueSpecification","valueRequired":true,"valueName":"search_term_string"}}],"inLanguage":"de"},{"@type":"Organization","@id":"https:\/\/museumfabriekwinterswijk.nl\/de\/#organization","name":"MuseumFabriek Winterswijk","url":"https:\/\/museumfabriekwinterswijk.nl\/de\/","logo":{"@type":"ImageObject","inLanguage":"de","@id":"https:\/\/museumfabriekwinterswijk.nl\/de\/#\/schema\/logo\/image\/","url":"https:\/\/museumfabriekwinterswijk.nl\/wp-content\/uploads\/2024\/07\/cropped-logo-Museum-Fabriek.jpg","contentUrl":"https:\/\/museumfabriekwinterswijk.nl\/wp-content\/uploads\/2024\/07\/cropped-logo-Museum-Fabriek.jpg","width":1059,"height":1059,"caption":"MuseumFabriek Winterswijk"},"image":{"@id":"https:\/\/museumfabriekwinterswijk.nl\/de\/#\/schema\/logo\/image\/"}}]}},"_links":{"self":[{"href":"https:\/\/museumfabriekwinterswijk.nl\/de\/wp-json\/wp\/v2\/pages\/3215","targetHints":{"allow":["GET"]}}],"collection":[{"href":"https:\/\/museumfabriekwinterswijk.nl\/de\/wp-json\/wp\/v2\/pages"}],"about":[{"href":"https:\/\/museumfabriekwinterswijk.nl\/de\/wp-json\/wp\/v2\/types\/page"}],"author":[{"embeddable":true,"href":"https:\/\/museumfabriekwinterswijk.nl\/de\/wp-json\/wp\/v2\/users\/2"}],"replies":[{"embeddable":true,"href":"https:\/\/museumfabriekwinterswijk.nl\/de\/wp-json\/wp\/v2\/comments?post=3215"}],"version-history":[{"count":1,"href":"https:\/\/museumfabriekwinterswijk.nl\/de\/wp-json\/wp\/v2\/pages\/3215\/revisions"}],"predecessor-version":[{"id":3216,"href":"https:\/\/museumfabriekwinterswijk.nl\/de\/wp-json\/wp\/v2\/pages\/3215\/revisions\/3216"}],"wp:attachment":[{"href":"https:\/\/museumfabriekwinterswijk.nl\/de\/wp-json\/wp\/v2\/media?parent=3215"}],"curies":[{"name":"wp","href":"https:\/\/api.w.org\/{rel}","templated":true}]}}